{"id":1144,"date":"2024-03-19T11:53:58","date_gmt":"2024-03-19T10:53:58","guid":{"rendered":"https:\/\/www.solucionobesidad.com\/equipe-medicale-fr\/"},"modified":"2024-04-30T15:34:19","modified_gmt":"2024-04-30T13:34:19","slug":"equipe-medicale-fr","status":"publish","type":"page","link":"https:\/\/www.solucionobesidad.com\/fr\/equipe-medicale-fr\/","title":{"rendered":"\u00c9quipe m\u00e9dicale"},"content":{"rendered":"<p>[et_pb_section fb_built=\u00a0\u00bb1&Prime; _builder_version=\u00a0\u00bb4.24.0&Prime; _module_preset=\u00a0\u00bbdefault\u00a0\u00bb background_color=\u00a0\u00bb#5A8D7D\u00a0\u00bb custom_padding=\u00a0\u00bb0px||0px||true|false\u00a0\u00bb global_colors_info=\u00a0\u00bb{}\u00a0\u00bb][et_pb_row _builder_version=\u00a0\u00bb4.24.2&Prime; _module_preset=\u00a0\u00bbdefault\u00a0\u00bb width=\u00a0\u00bb90%\u00a0\u00bb custom_padding=\u00a0\u00bb5em||0em||false|false\u00a0\u00bb global_colors_info=\u00a0\u00bb{}\u00a0\u00bb][et_pb_column type=\u00a0\u00bb4_4&Prime; _builder_version=\u00a0\u00bb4.24.0&Prime; _module_preset=\u00a0\u00bbdefault\u00a0\u00bb global_colors_info=\u00a0\u00bb{}\u00a0\u00bb][et_pb_text _builder_version=\u00a0\u00bb4.24.2&Prime; _module_preset=\u00a0\u00bbdefault\u00a0\u00bb header_font=\u00a0\u00bbMontserrat|700||on|||||\u00a0\u00bb header_text_color=\u00a0\u00bb#FFFFFF\u00a0\u00bb header_font_size=\u00a0\u00bb50px\u00a0\u00bb custom_margin=\u00a0\u00bb||2em||false|false\u00a0\u00bb custom_padding=\u00a0\u00bb0px||0px||true|false\u00a0\u00bb global_colors_info=\u00a0\u00bb{}\u00a0\u00bb]<\/p>\n<h1 class=\"page-title\">\u00c9quipe m\u00e9dicale<\/h1>\n<p>[\/et_pb_text][et_pb_code _builder_version=\u00a0\u00bb4.24.2&Prime; _module_preset=\u00a0\u00bbdefault\u00a0\u00bb background_color=\u00a0\u00bbrgba(0,0,0,0.6)\u00a0\u00bb positioning=\u00a0\u00bbrelative\u00a0\u00bb position_origin_a=\u00a0\u00bbbottom_left\u00a0\u00bb text_orientation=\u00a0\u00bbleft\u00a0\u00bb width=\u00a0\u00bb100%\u00a0\u00bb custom_padding=\u00a0\u00bb0.5em|1em|0.5em|1em|true|true\u00a0\u00bb custom_css_main_element=\u00a0\u00bbmax-width:fit-content;||\u00a0\u00bb custom_css_free_form=\u00a0\u00bbselector p,||selector a{||  color:white !important;||  font-size:14px;||}\u00a0\u00bb locked=\u00a0\u00bboff\u00a0\u00bb global_colors_info=\u00a0\u00bb{}\u00a0\u00bb]<pee><span class=\"breadcrumbs\"><p><a href=\"\/fr\">Accueil<\/a> \/ <a href=\"https:\/\/www.solucionobesidad.com\/fr\/equipe-medicale-fr\/\">\u00c9quipe m\u00e9dicale<\/a><\/p><\/span><\/pee>[\/et_pb_code][\/et_pb_column][\/et_pb_row][\/et_pb_section][et_pb_section fb_built=\u00a0\u00bb1&Prime; _builder_version=\u00a0\u00bb4.24.2&Prime; _module_preset=\u00a0\u00bbdefault\u00a0\u00bb global_colors_info=\u00a0\u00bb{}\u00a0\u00bb][et_pb_row column_structure=\u00a0\u00bb1_2,1_2&Prime; _builder_version=\u00a0\u00bb4.24.2&Prime; _module_preset=\u00a0\u00bbdefault\u00a0\u00bb width=\u00a0\u00bb90%\u00a0\u00bb global_colors_info=\u00a0\u00bb{}\u00a0\u00bb][et_pb_column type=\u00a0\u00bb1_2&Prime; _builder_version=\u00a0\u00bb4.24.2&Prime; _module_preset=\u00a0\u00bbdefault\u00a0\u00bb global_colors_info=\u00a0\u00bb{}\u00a0\u00bb][et_pb_text _builder_version=\u00a0\u00bb4.24.2&Prime; _module_preset=\u00a0\u00bbdefault\u00a0\u00bb text_font=\u00a0\u00bb|300|||||||\u00a0\u00bb hover_enabled=\u00a0\u00bb0&Prime; global_colors_info=\u00a0\u00bb{}\u00a0\u00bb sticky_enabled=\u00a0\u00bb0&Prime;]<\/p>\n<h3><b>\u00c9quipe m\u00e9dicale et professionnelle UNIT\u00c9 D&rsquo;OB\u00c9SIT\u00c9 ET DE NUTRITION QUIRONSALUD Valence et Alicante<\/b><\/h3>\n<table>\n<tbody>\n<tr>\n<td>\n<ul>\n<li><b>Dr. Carlos Sala, <\/b><span style=\"font-weight: 400;\">Chirurgien G\u00e9n\u00e9ral et du Syst\u00e8me Digestif. Chirurgien endocrinien bariatrique et m\u00e9tabolique. Chef de l&rsquo;unit\u00e9 d&rsquo;ob\u00e9sit\u00e9 et de nutrition de Valence et d&rsquo;Alicante<\/span><\/li>\n<li style=\"font-weight: 400;\" aria-level=\"1\"><b>Dr. Elena Mu\u00f1oz, <\/b><span style=\"font-weight: 400;\">Chirurgie g\u00e9n\u00e9rale et du syst\u00e8me digestif<\/span><b> <\/b><\/li>\n<li style=\"font-weight: 400;\" aria-level=\"1\"><b>Dr. Rafael Garc\u00eda<\/b><span style=\"font-weight: 400;\">, Chirurgie g\u00e9n\u00e9rale et du syst\u00e8me digestif<\/span><\/li>\n<li style=\"font-weight: 400;\" aria-level=\"1\"><b>Dr. Inmaculada Torrijo<\/b><span style=\"font-weight: 400;\">, Chirurgie g\u00e9n\u00e9rale et du syst\u00e8me digestif<\/span><\/li>\n<li style=\"font-weight: 400;\" aria-level=\"1\"><b>Drs. Jes\u00fas Burguera et Gracia Barber<\/b><span style=\"font-weight: 400;\"> Anesth\u00e9sistes<\/span><\/li>\n<li style=\"font-weight: 400;\" aria-level=\"1\"><b>Unit\u00e9 de soins intensifs de l&rsquo;H\u00f4pital Quir\u00f3n<\/b><span style=\"font-weight: 400;\"> R\u00e9animation-USI<\/span><\/li>\n<li style=\"font-weight: 400;\" aria-level=\"1\"><b>Ldas. M. Jos\u00e9 Ponz et Esperanza Marco, <\/b><span style=\"font-weight: 400;\">\u00a0Infirmi\u00e8res de gommage<\/span><\/li>\n<li style=\"font-weight: 400;\" aria-level=\"1\"><b>Lda. Rocio Praxedes<\/b><span style=\"font-weight: 400;\"> Di\u00e9t\u00e9ticienne-Nutritionniste Valence<\/span><\/li>\n<li style=\"font-weight: 400;\" aria-level=\"1\"><b>MariCarmen D\u00edaz, <\/b><span style=\"font-weight: 400;\">Di\u00e9t\u00e9tistes Nutritionnistes Alicante<\/span><\/li>\n<li style=\"font-weight: 400;\" aria-level=\"1\"><b>Dr. Jorge Cid<\/b><span style=\"font-weight: 400;\"> Endocrinologie et nutrition clinique Alicante<\/span><\/li>\n<li style=\"font-weight: 400;\" aria-level=\"1\"><b>Dra Giselle Giron, <\/b><span style=\"font-weight: 400;\"> Clinique d&rsquo;endocrinologie et de nutrition de Valence<\/span><\/li>\n<li style=\"font-weight: 400;\" aria-level=\"1\"><b>Lda. Marta Roig, <\/b><span style=\"font-weight: 400;\">Unit\u00e9 de psychologie clinique de l&rsquo;h\u00f4pital Quir\u00f3nsalud de Valence<\/span><\/li>\n<li style=\"font-weight: 400;\" aria-level=\"1\"><b>Lda. Nuria Javaloyas, <\/b><span style=\"font-weight: 400;\">Unit\u00e9 de psychologie clinique de l&rsquo;h\u00f4pital Quir\u00f3nsalud Alicante<\/span><\/li>\n<li style=\"font-weight: 400;\" aria-level=\"1\"><b>Drs. Marta Ponce<\/b><span style=\"font-weight: 400;\"> Unit\u00e9 d&rsquo;endoscopie digestive de Valence<\/span><\/li>\n<li style=\"font-weight: 400;\" aria-level=\"1\"><b>Dr. Juan Antonio Casellas, <\/b><span style=\"font-weight: 400;\">Unit\u00e9 d&rsquo;endoscopie digestive d&rsquo;Alicante<\/span><\/li>\n<li style=\"font-weight: 400;\" aria-level=\"1\"><b>Dr. \u00c9pingle Gonzalo. <\/b><span style=\"font-weight: 400;\">Chef de l&rsquo;unit\u00e9 de p\u00e9diatrie. Valence<\/span><\/li>\n<li style=\"font-weight: 400;\" aria-level=\"1\"><b>Dr. Mois\u00e9s Diago, <\/b><span style=\"font-weight: 400;\">H\u00e9patologie et m\u00e9decine digestive. Valence<\/span><\/li>\n<li style=\"font-weight: 400;\" aria-level=\"1\"><b>Echo, CT et IRM : Service de Radiologie H\u00f4pital Quir\u00f3nsalud Valencia <\/b><span style=\"font-weight: 400;\">(Dr Mart\u00ed Bonmat\u00ed) <\/span>et Alicante<\/li>\n<li style=\"font-weight: 400;\" aria-level=\"1\"><b>Unit\u00e9 de Chirurgie Plastique H\u00f4pital Quironsalud Valencia<\/b><span style=\"font-weight: 400;\"> (IMRicart)<\/span><b> et Alicante &lt;\/b &gt; <span style=\"font-weight: 400;\">(Dr Jos\u00e9 Salvador) <\/span><\/b><\/li>\n<li aria-level=\"1\"><b>Lda. Pilar Gonz\u00e1lez, <\/b><span style=\"font-weight: 400;\">Gestion de Cas et Soins aux Patients. Valence<\/span><\/li>\n<li aria-level=\"1\">Soins aux patients priv\u00e9s. Alicante<\/li>\n<li aria-level=\"1\"><b>Nacho M\u00e1rquez. <\/b><span style=\"font-weight: 400;\">Service de Pr\u00e9paration Physique de Valence.<\/span><\/li>\n<li aria-level=\"1\"><b>Laura V\u00e1zquez. <\/b><span style=\"font-weight: 400;\">Directeur Marketing Territorial<\/span><\/li>\n<li aria-level=\"1\"><b>Bel\u00e9n Campos. <\/b><span style=\"font-weight: 400;\">Responsable\u00a0 Communication de Valence.<\/span><\/li>\n<\/ul>\n<\/td>\n<td>\u00a0<\/td>\n<\/tr>\n<\/tbody>\n<\/table>\n<p>[\/et_pb_text][\/et_pb_column][et_pb_column type=\u00a0\u00bb1_2&Prime; _builder_version=\u00a0\u00bb4.24.2&Prime; _module_preset=\u00a0\u00bbdefault\u00a0\u00bb global_colors_info=\u00a0\u00bb{}\u00a0\u00bb][et_pb_image src=\u00a0\u00bbhttps:\/\/www.solucionobesidad.com\/wp-content\/uploads\/2024\/03\/clinica-obesidad.webp\u00a0\u00bb title_text=\u00a0\u00bbclinica-obesidad\u00a0\u00bb _builder_version=\u00a0\u00bb4.24.2&Prime; _module_preset=\u00a0\u00bbdefault\u00a0\u00bb global_colors_info=\u00a0\u00bb{}\u00a0\u00bb][\/et_pb_image][\/et_pb_column][\/et_pb_row][\/et_pb_section]<\/p>\n","protected":false},"excerpt":{"rendered":"<p>\u00c9quipe m\u00e9dicale<span class=\"breadcrumbs\"><p><a href=\"\/fr\">Accueil<\/a> \/ <a href=\"https:\/\/www.solucionobesidad.com\/fr\/equipe-medicale-fr\/\">\u00c9quipe m\u00e9dicale<\/a><\/p><\/span>\u00c9quipe m\u00e9dicale et professionnelle UNIT\u00c9 D&rsquo;OB\u00c9SIT\u00c9 ET DE NUTRITION QUIRONSALUD Valence et Alicante Dr. Carlos Sala, Chirurgien G\u00e9n\u00e9ral et du Syst\u00e8me Digestif. Chirurgien endocrinien bariatrique et m\u00e9tabolique. Chef de l&rsquo;unit\u00e9 d&rsquo;ob\u00e9sit\u00e9 et de nutrition de Valence et d&rsquo;Alicante Dr. Elena Mu\u00f1oz, Chirurgie g\u00e9n\u00e9rale et du syst\u00e8me digestif Dr. Rafael Garc\u00eda, Chirurgie g\u00e9n\u00e9rale et du [&hellip;]<\/p>\n","protected":false},"author":1,"featured_media":0,"parent":0,"menu_order":0,"comment_status":"closed","ping_status":"closed","template":"","meta":{"_acf_changed":false,"_et_pb_use_builder":"on","_et_pb_old_content":"","_et_gb_content_width":"","inline_featured_image":false,"footnotes":""},"class_list":["post-1144","page","type-page","status-publish","hentry"],"acf":[],"yoast_head":"<!-- This site is optimized with the Yoast SEO plugin v23.5 - https:\/\/yoast.com\/wordpress\/plugins\/seo\/ -->\n<title>Soluci\u00f3n Obesidad | Unit\u00e9 d&#039;Ob\u00e9sit\u00e9 - H\u00f4pital Quir\u00f3nsalud Valencia<\/title>\n<meta name=\"description\" content=\"Les m\u00e9decins les plus obsessionnels vous offrent les informations les plus compl\u00e8tes sur la maladie dans Soluci\u00f3n Obesidad. Nous vous expliquons les causes du surpoids, les dommages qui peuvent en r\u00e9sulter, les actions finales et les raisons pour le combattre et nous vous conseillons pour mener une vie saine.\" \/>\n<meta name=\"robots\" content=\"index, follow, max-snippet:-1, max-image-preview:large, max-video-preview:-1\" \/>\n<link rel=\"canonical\" href=\"https:\/\/www.solucionobesidad.com\/equipo-medico\/\" \/>\n<meta property=\"og:locale\" content=\"fr_FR\" \/>\n<meta property=\"og:type\" content=\"article\" \/>\n<meta property=\"og:title\" content=\"Soluci\u00f3n Obesidad | Unit\u00e9 d&#039;Ob\u00e9sit\u00e9 - H\u00f4pital Quir\u00f3nsalud Valencia\" \/>\n<meta property=\"og:description\" content=\"Les m\u00e9decins les plus obsessionnels vous offrent les informations les plus compl\u00e8tes sur la maladie dans Soluci\u00f3n Obesidad. Nous vous expliquons les causes du surpoids, les dommages qui peuvent en r\u00e9sulter, les actions finales et les raisons pour le combattre et nous vous conseillons pour mener une vie saine.\" \/>\n<meta property=\"og:url\" content=\"https:\/\/www.solucionobesidad.com\/equipo-medico\/\" \/>\n<meta property=\"og:site_name\" content=\"Soluci\u00f3n Obesidad\" \/>\n<meta property=\"article:modified_time\" content=\"2024-04-30T13:34:19+00:00\" \/>\n<meta name=\"twitter:card\" content=\"summary_large_image\" \/>\n<meta name=\"twitter:label1\" content=\"Dur\u00e9e de lecture estim\u00e9e\" \/>\n\t<meta name=\"twitter:data1\" content=\"3 minutes\" \/>\n<script type=\"application\/ld+json\" class=\"yoast-schema-graph\">{\"@context\":\"https:\/\/schema.org\",\"@graph\":[{\"@type\":\"WebPage\",\"@id\":\"https:\/\/www.solucionobesidad.com\/equipo-medico\/\",\"url\":\"https:\/\/www.solucionobesidad.com\/equipo-medico\/\",\"name\":\"Soluci\u00f3n Obesidad | Unit\u00e9 d'Ob\u00e9sit\u00e9 - H\u00f4pital Quir\u00f3nsalud Valencia\",\"isPartOf\":{\"@id\":\"https:\/\/www.solucionobesidad.com\/#website\"},\"datePublished\":\"2024-03-19T10:53:58+00:00\",\"dateModified\":\"2024-04-30T13:34:19+00:00\",\"description\":\"Les m\u00e9decins les plus obsessionnels vous offrent les informations les plus compl\u00e8tes sur la maladie dans Soluci\u00f3n Obesidad. Nous vous expliquons les causes du surpoids, les dommages qui peuvent en r\u00e9sulter, les actions finales et les raisons pour le combattre et nous vous conseillons pour mener une vie saine.\",\"breadcrumb\":{\"@id\":\"https:\/\/www.solucionobesidad.com\/equipo-medico\/#breadcrumb\"},\"inLanguage\":\"fr-FR\",\"potentialAction\":[{\"@type\":\"ReadAction\",\"target\":[\"https:\/\/www.solucionobesidad.com\/equipo-medico\/\"]}]},{\"@type\":\"BreadcrumbList\",\"@id\":\"https:\/\/www.solucionobesidad.com\/equipo-medico\/#breadcrumb\",\"itemListElement\":[{\"@type\":\"ListItem\",\"position\":1,\"name\":\"Home\",\"item\":\"https:\/\/www.solucionobesidad.com\/\"},{\"@type\":\"ListItem\",\"position\":2,\"name\":\"\u00c9quipe m\u00e9dicale\"}]},{\"@type\":\"WebSite\",\"@id\":\"https:\/\/www.solucionobesidad.com\/#website\",\"url\":\"https:\/\/www.solucionobesidad.com\/\",\"name\":\"Soluci\u00f3n Obesidad\",\"description\":\"\",\"publisher\":{\"@id\":\"https:\/\/www.solucionobesidad.com\/#organization\"},\"potentialAction\":[{\"@type\":\"SearchAction\",\"target\":{\"@type\":\"EntryPoint\",\"urlTemplate\":\"https:\/\/www.solucionobesidad.com\/?s={search_term_string}\"},\"query-input\":{\"@type\":\"PropertyValueSpecification\",\"valueRequired\":true,\"valueName\":\"search_term_string\"}}],\"inLanguage\":\"fr-FR\"},{\"@type\":\"Organization\",\"@id\":\"https:\/\/www.solucionobesidad.com\/#organization\",\"name\":\"Soluci\u00f3n Obesidad\",\"url\":\"https:\/\/www.solucionobesidad.com\/\",\"logo\":{\"@type\":\"ImageObject\",\"inLanguage\":\"fr-FR\",\"@id\":\"https:\/\/www.solucionobesidad.com\/#\/schema\/logo\/image\/\",\"url\":\"https:\/\/www.solucionobesidad.com\/wp-content\/uploads\/2024\/04\/logo-obesity-center-carlos-sala.svg\",\"contentUrl\":\"https:\/\/www.solucionobesidad.com\/wp-content\/uploads\/2024\/04\/logo-obesity-center-carlos-sala.svg\",\"width\":\"1024\",\"height\":\"1024\",\"caption\":\"Soluci\u00f3n Obesidad\"},\"image\":{\"@id\":\"https:\/\/www.solucionobesidad.com\/#\/schema\/logo\/image\/\"}}]}<\/script>\n<!-- \/ Yoast SEO plugin. -->","yoast_head_json":{"title":"Soluci\u00f3n Obesidad | Unit\u00e9 d'Ob\u00e9sit\u00e9 - H\u00f4pital Quir\u00f3nsalud Valencia","description":"Les m\u00e9decins les plus obsessionnels vous offrent les informations les plus compl\u00e8tes sur la maladie dans Soluci\u00f3n Obesidad. Nous vous expliquons les causes du surpoids, les dommages qui peuvent en r\u00e9sulter, les actions finales et les raisons pour le combattre et nous vous conseillons pour mener une vie saine.","robots":{"index":"index","follow":"follow","max-snippet":"max-snippet:-1","max-image-preview":"max-image-preview:large","max-video-preview":"max-video-preview:-1"},"canonical":"https:\/\/www.solucionobesidad.com\/equipo-medico\/","og_locale":"fr_FR","og_type":"article","og_title":"Soluci\u00f3n Obesidad | Unit\u00e9 d'Ob\u00e9sit\u00e9 - H\u00f4pital Quir\u00f3nsalud Valencia","og_description":"Les m\u00e9decins les plus obsessionnels vous offrent les informations les plus compl\u00e8tes sur la maladie dans Soluci\u00f3n Obesidad. Nous vous expliquons les causes du surpoids, les dommages qui peuvent en r\u00e9sulter, les actions finales et les raisons pour le combattre et nous vous conseillons pour mener une vie saine.","og_url":"https:\/\/www.solucionobesidad.com\/equipo-medico\/","og_site_name":"Soluci\u00f3n Obesidad","article_modified_time":"2024-04-30T13:34:19+00:00","twitter_card":"summary_large_image","twitter_misc":{"Dur\u00e9e de lecture estim\u00e9e":"3 minutes"},"schema":{"@context":"https:\/\/schema.org","@graph":[{"@type":"WebPage","@id":"https:\/\/www.solucionobesidad.com\/equipo-medico\/","url":"https:\/\/www.solucionobesidad.com\/equipo-medico\/","name":"Soluci\u00f3n Obesidad | Unit\u00e9 d'Ob\u00e9sit\u00e9 - H\u00f4pital Quir\u00f3nsalud Valencia","isPartOf":{"@id":"https:\/\/www.solucionobesidad.com\/#website"},"datePublished":"2024-03-19T10:53:58+00:00","dateModified":"2024-04-30T13:34:19+00:00","description":"Les m\u00e9decins les plus obsessionnels vous offrent les informations les plus compl\u00e8tes sur la maladie dans Soluci\u00f3n Obesidad. Nous vous expliquons les causes du surpoids, les dommages qui peuvent en r\u00e9sulter, les actions finales et les raisons pour le combattre et nous vous conseillons pour mener une vie saine.","breadcrumb":{"@id":"https:\/\/www.solucionobesidad.com\/equipo-medico\/#breadcrumb"},"inLanguage":"fr-FR","potentialAction":[{"@type":"ReadAction","target":["https:\/\/www.solucionobesidad.com\/equipo-medico\/"]}]},{"@type":"BreadcrumbList","@id":"https:\/\/www.solucionobesidad.com\/equipo-medico\/#breadcrumb","itemListElement":[{"@type":"ListItem","position":1,"name":"Home","item":"https:\/\/www.solucionobesidad.com\/"},{"@type":"ListItem","position":2,"name":"\u00c9quipe m\u00e9dicale"}]},{"@type":"WebSite","@id":"https:\/\/www.solucionobesidad.com\/#website","url":"https:\/\/www.solucionobesidad.com\/","name":"Soluci\u00f3n Obesidad","description":"","publisher":{"@id":"https:\/\/www.solucionobesidad.com\/#organization"},"potentialAction":[{"@type":"SearchAction","target":{"@type":"EntryPoint","urlTemplate":"https:\/\/www.solucionobesidad.com\/?s={search_term_string}"},"query-input":{"@type":"PropertyValueSpecification","valueRequired":true,"valueName":"search_term_string"}}],"inLanguage":"fr-FR"},{"@type":"Organization","@id":"https:\/\/www.solucionobesidad.com\/#organization","name":"Soluci\u00f3n Obesidad","url":"https:\/\/www.solucionobesidad.com\/","logo":{"@type":"ImageObject","inLanguage":"fr-FR","@id":"https:\/\/www.solucionobesidad.com\/#\/schema\/logo\/image\/","url":"https:\/\/www.solucionobesidad.com\/wp-content\/uploads\/2024\/04\/logo-obesity-center-carlos-sala.svg","contentUrl":"https:\/\/www.solucionobesidad.com\/wp-content\/uploads\/2024\/04\/logo-obesity-center-carlos-sala.svg","width":"1024","height":"1024","caption":"Soluci\u00f3n Obesidad"},"image":{"@id":"https:\/\/www.solucionobesidad.com\/#\/schema\/logo\/image\/"}}]}},"_links":{"self":[{"href":"https:\/\/www.solucionobesidad.com\/fr\/wp-json\/wp\/v2\/pages\/1144","targetHints":{"allow":["GET"]}}],"collection":[{"href":"https:\/\/www.solucionobesidad.com\/fr\/wp-json\/wp\/v2\/pages"}],"about":[{"href":"https:\/\/www.solucionobesidad.com\/fr\/wp-json\/wp\/v2\/types\/page"}],"author":[{"embeddable":true,"href":"https:\/\/www.solucionobesidad.com\/fr\/wp-json\/wp\/v2\/users\/1"}],"replies":[{"embeddable":true,"href":"https:\/\/www.solucionobesidad.com\/fr\/wp-json\/wp\/v2\/comments?post=1144"}],"version-history":[{"count":0,"href":"https:\/\/www.solucionobesidad.com\/fr\/wp-json\/wp\/v2\/pages\/1144\/revisions"}],"wp:attachment":[{"href":"https:\/\/www.solucionobesidad.com\/fr\/wp-json\/wp\/v2\/media?parent=1144"}],"curies":[{"name":"wp","href":"https:\/\/api.w.org\/{rel}","templated":true}]}}