{"id":1129,"date":"2024-03-18T10:39:59","date_gmt":"2024-03-18T09:39:59","guid":{"rendered":"https:\/\/www.solucionobesidad.com\/gastrectomie-verticale-laparoscopique-ou-sonde-gastrique-fr\/"},"modified":"2024-04-29T11:01:12","modified_gmt":"2024-04-29T09:01:12","slug":"gastrectomie-verticale-laparoscopique-ou-sonde-gastrique-fr","status":"publish","type":"page","link":"https:\/\/www.solucionobesidad.com\/fr\/gastrectomie-verticale-laparoscopique-ou-sonde-gastrique-fr\/","title":{"rendered":"Gastrectomie verticale laparoscopique ou sonde gastrique"},"content":{"rendered":"<p>[et_pb_section fb_built=\u00a0\u00bb1&Prime; _builder_version=\u00a0\u00bb4.24.0&Prime; _module_preset=\u00a0\u00bbdefault\u00a0\u00bb background_color=\u00a0\u00bb#5A8D7D\u00a0\u00bb custom_padding=\u00a0\u00bb0px||0px||true|false\u00a0\u00bb global_colors_info=\u00a0\u00bb{}\u00a0\u00bb][et_pb_row _builder_version=\u00a0\u00bb4.24.2&Prime; _module_preset=\u00a0\u00bbdefault\u00a0\u00bb width=\u00a0\u00bb90%\u00a0\u00bb custom_padding=\u00a0\u00bb5em||0em||false|false\u00a0\u00bb global_colors_info=\u00a0\u00bb{}\u00a0\u00bb][et_pb_column type=\u00a0\u00bb4_4&Prime; _builder_version=\u00a0\u00bb4.24.0&Prime; _module_preset=\u00a0\u00bbdefault\u00a0\u00bb global_colors_info=\u00a0\u00bb{}\u00a0\u00bb][et_pb_text _builder_version=\u00a0\u00bb4.24.2&Prime; _module_preset=\u00a0\u00bbdefault\u00a0\u00bb header_font=\u00a0\u00bbMontserrat|700||on|||||\u00a0\u00bb header_text_color=\u00a0\u00bb#FFFFFF\u00a0\u00bb header_font_size=\u00a0\u00bb50px\u00a0\u00bb custom_margin=\u00a0\u00bb||2em||false|false\u00a0\u00bb custom_padding=\u00a0\u00bb0px||0px||true|false\u00a0\u00bb global_colors_info=\u00a0\u00bb{}\u00a0\u00bb]<\/p>\n<h1 class=\"page-title\">GASTRECTOMIE VERTICALE OU TUBE GASTRIQUE LAPAROSCOPIQUE<\/h1>\n<p>[\/et_pb_text][et_pb_code _builder_version=\u00a0\u00bb4.24.2&Prime; _module_preset=\u00a0\u00bbdefault\u00a0\u00bb background_color=\u00a0\u00bbrgba(0,0,0,0.6)\u00a0\u00bb positioning=\u00a0\u00bbrelative\u00a0\u00bb position_origin_a=\u00a0\u00bbbottom_left\u00a0\u00bb text_orientation=\u00a0\u00bbleft\u00a0\u00bb width=\u00a0\u00bb100%\u00a0\u00bb custom_padding=\u00a0\u00bb0.5em|1em|0.5em|1em|true|true\u00a0\u00bb custom_css_main_element=\u00a0\u00bbmax-width:fit-content;||\u00a0\u00bb custom_css_free_form=\u00a0\u00bbselector p,||selector a{||  color:white !important;||  font-size:14px;||}\u00a0\u00bb locked=\u00a0\u00bboff\u00a0\u00bb global_colors_info=\u00a0\u00bb{}\u00a0\u00bb]<pee><span class=\"breadcrumbs\"><p><a href=\"\/fr\">Accueil<\/a> \/ <a href=\"https:\/\/www.solucionobesidad.com\/fr\/gastrectomie-verticale-laparoscopique-ou-sonde-gastrique-fr\/\">Gastrectomie verticale laparoscopique ou sonde gastrique<\/a><\/p><\/span><\/pee>[\/et_pb_code][\/et_pb_column][\/et_pb_row][\/et_pb_section][et_pb_section fb_built=\u00a0\u00bb1&Prime; _builder_version=\u00a0\u00bb4.24.2&Prime; _module_preset=\u00a0\u00bbdefault\u00a0\u00bb custom_padding=\u00a0\u00bb||4px|||\u00a0\u00bb global_colors_info=\u00a0\u00bb{}\u00a0\u00bb][et_pb_row column_structure=\u00a0\u00bb3_5,2_5&Prime; _builder_version=\u00a0\u00bb4.24.2&Prime; _module_preset=\u00a0\u00bbdefault\u00a0\u00bb width=\u00a0\u00bb90%\u00a0\u00bb global_colors_info=\u00a0\u00bb{}\u00a0\u00bb][et_pb_column type=\u00a0\u00bb3_5&Prime; _builder_version=\u00a0\u00bb4.24.2&Prime; _module_preset=\u00a0\u00bbdefault\u00a0\u00bb global_colors_info=\u00a0\u00bb{}\u00a0\u00bb][et_pb_text _builder_version=\u00a0\u00bb4.24.2&Prime; _module_preset=\u00a0\u00bbdefault\u00a0\u00bb text_font=\u00a0\u00bb|300|||||||\u00a0\u00bb global_colors_info=\u00a0\u00bb{}\u00a0\u00bb]<\/p>\n<p>En raison des avantages prouv\u00e9s et des r\u00e9sultats prometteurs, nous recommandons actuellement la GASTROPLASTIE TUBULAIRE LAPAROSCOPIQUE (Gastrectomie en manchon), comme proc\u00e9dure PURE RESTRICTIVE.<br \/>Depuis 2014, c&rsquo;est l&rsquo;intervention la plus pratiqu\u00e9e au monde, l\u00e9g\u00e8rement au-dessus du Gastric Bypass.<\/p>\n<p>[\/et_pb_text][et_pb_image src=\u00a0\u00bbhttps:\/\/www.solucionobesidad.com\/wp-content\/uploads\/2024\/03\/video-gastroplastia-tubular.jpg\u00a0\u00bb title_text=\u00a0\u00bbvideo-gastroplastia-tubular\u00a0\u00bb url=\u00a0\u00bbhttps:\/\/www.youtube.com\/watch?v=qi9lQnDkn9w&amp;ab_channel=Soluci%C3%B3nObesidad\u00a0\u00bb url_new_window=\u00a0\u00bbon\u00a0\u00bb _builder_version=\u00a0\u00bb4.24.2&Prime; _module_preset=\u00a0\u00bbdefault\u00a0\u00bb global_colors_info=\u00a0\u00bb{}\u00a0\u00bb][\/et_pb_image][et_pb_image src=\u00a0\u00bbhttps:\/\/www.solucionobesidad.com\/wp-content\/uploads\/2024\/03\/tubo-gastrico-1.webp\u00a0\u00bb title_text=\u00a0\u00bbtubo-gastrico-1&Prime; _builder_version=\u00a0\u00bb4.24.2&Prime; _module_preset=\u00a0\u00bbdefault\u00a0\u00bb global_colors_info=\u00a0\u00bb{}\u00a0\u00bb][\/et_pb_image][\/et_pb_column][et_pb_column type=\u00a0\u00bb2_5&Prime; _builder_version=\u00a0\u00bb4.24.2&Prime; _module_preset=\u00a0\u00bbdefault\u00a0\u00bb global_colors_info=\u00a0\u00bb{}\u00a0\u00bb][et_pb_accordion toggle_icon=\u00a0\u00bb&#x4c;||divi||400&Prime; icon_color=\u00a0\u00bb#000000&Prime; _builder_version=\u00a0\u00bb4.24.2&Prime; _module_preset=\u00a0\u00bbdefault\u00a0\u00bb body_font=\u00a0\u00bb|300|||||||\u00a0\u00bb global_colors_info=\u00a0\u00bb{}\u00a0\u00bb toggle_icon__hover_enabled=\u00a0\u00bboff|desktop\u00a0\u00bb][et_pb_accordion_item title=\u00a0\u00bbEn quoi consiste?\u00a0\u00bb _builder_version=\u00a0\u00bb4.24.2&Prime; _module_preset=\u00a0\u00bbdefault\u00a0\u00bb global_colors_info=\u00a0\u00bb{}\u00a0\u00bb open=\u00a0\u00bbon\u00a0\u00bb]<\/p>\n<p>A travers 5 trous de 0,5 \u00e0 1 cm dans l&rsquo;abdomen, on introduit les pinces, la cam\u00e9ra et les endostaplers pour pouvoir r\u00e9aliser l&rsquo;intervention sans avoir \u00e0 ouvrir l&rsquo;abdomen, sans cicatrices visibles. Elle consiste \u00e0 r\u00e9duire la taille de l\u2019estomac, en le transformant en une sorte de tube, ce qui r\u00e9duit le volume ing\u00e9r\u00e9. Le reste gastrique en exc\u00e8s est \u00e9limin\u00e9 par le nombril.<br \/>Elle n\u2019entra\u00eene pas de d\u00e9ficits nutritionnels notables \u00e0 long terme si la qualit\u00e9 de l\u2019alimentation est ad\u00e9quate.<\/p>\n<p>[\/et_pb_accordion_item][et_pb_accordion_item title=\u00a0\u00bbPour qui est-ce?\u00a0\u00bb _builder_version=\u00a0\u00bb4.24.2&Prime; _module_preset=\u00a0\u00bbdefault\u00a0\u00bb custom_margin=\u00a0\u00bb-30px||||false|false\u00a0\u00bb global_colors_info=\u00a0\u00bb{}\u00a0\u00bb open=\u00a0\u00bboff\u00a0\u00bb]<\/p>\n<p>Il est indiqu\u00e9 chez les patients ayant un IMC compris entre 35 et 45, pr\u00e9sentant de l\u00e9g\u00e8res comorbidit\u00e9s et une observance alimentaire facile. Chez les patients pr\u00e9sentant un reflux gastro-\u0153sophagien (br\u00fblures d&rsquo;estomac) et une \u0153sophagite s\u00e9v\u00e8re, nous recommandons de pr\u00e9f\u00e9rence le pontage car il le corrige \u00e9galement.<br \/>Il peut \u00e9galement \u00eatre utilis\u00e9 dans un premier temps chez les patients \u00e0 haut risque chirurgical ou avec un exc\u00e8s de poids important (IMC&gt;55) et dans un avenir proche, apr\u00e8s avoir r\u00e9duit ce risque et apr\u00e8s une perte de poids importante, associer une autre proc\u00e9dure de malabsorption. \u00c0 de nombreuses reprises, les patients s\u2019am\u00e9liorent tellement qu\u2019ils n\u2019ont plus besoin de cette deuxi\u00e8me proc\u00e9dure.<\/p>\n<p>[\/et_pb_accordion_item][et_pb_accordion_item title=\u00a0\u00bbQuand commencez-vous \u00e0 voir l&#039;effet?\u00a0\u00bb _builder_version=\u00a0\u00bb4.24.2&Prime; _module_preset=\u00a0\u00bbdefault\u00a0\u00bb custom_margin=\u00a0\u00bb-30px||||false|false\u00a0\u00bb global_colors_info=\u00a0\u00bb{}\u00a0\u00bb open=\u00a0\u00bboff\u00a0\u00bb]<\/p>\n<div id=\"1474458592081-f99e4ee3-0566\" class=\"vc_tta-panel vc_active\" data-vc-content=\".vc_tta-panel-body\">\n<div class=\"vc_tta-panel-body\">\n<div class=\"wpb_text_column wpb_content_element \">\n<div class=\"wpb_wrapper\">\n<p>Il conditionne la perte de poids notamment durant les 6 premiers mois postop\u00e9ratoires et plus de 50% de l&rsquo;exc\u00e8s \u00e0 long terme.<\/p>\n<\/div>\n<\/div>\n<\/div>\n<\/div>\n<p>[\/et_pb_accordion_item][et_pb_accordion_item title=\u00a0\u00bbAvez-vous besoin d&#039;un suivi?\u00a0\u00bb open=\u00a0\u00bboff\u00a0\u00bb _builder_version=\u00a0\u00bb4.24.2&Prime; _module_preset=\u00a0\u00bbdefault\u00a0\u00bb custom_margin=\u00a0\u00bb-30px||||false|false\u00a0\u00bb global_colors_info=\u00a0\u00bb{}\u00a0\u00bb]<\/p>\n<p>Un contr\u00f4le alimentaire ult\u00e9rieur est n\u00e9cessaire pour apprendre au patient \u00e0 avoir une alimentation saine, \u00e9quilibr\u00e9e et suffisante.<\/p>\n<p>[\/et_pb_accordion_item][\/et_pb_accordion][\/et_pb_column][\/et_pb_row][et_pb_row _builder_version=\u00a0\u00bb4.24.2&Prime; _module_preset=\u00a0\u00bbdefault\u00a0\u00bb custom_margin=\u00a0\u00bb|auto||34px||\u00a0\u00bb hover_enabled=\u00a0\u00bb0&Prime; global_colors_info=\u00a0\u00bb{}\u00a0\u00bb module_alignment=\u00a0\u00bbcenter\u00a0\u00bb sticky_enabled=\u00a0\u00bb0&Prime;][et_pb_column type=\u00a0\u00bb4_4&Prime; _builder_version=\u00a0\u00bb4.24.2&Prime; _module_preset=\u00a0\u00bbdefault\u00a0\u00bb global_colors_info=\u00a0\u00bb{}\u00a0\u00bb][et_pb_code _builder_version=\u00a0\u00bb4.24.2&Prime; _module_preset=\u00a0\u00bbdefault\u00a0\u00bb background_enable_color=\u00a0\u00bboff\u00a0\u00bb text_orientation=\u00a0\u00bbright\u00a0\u00bb width=\u00a0\u00bb100%\u00a0\u00bb max_width=\u00a0\u00bb100%\u00a0\u00bb module_alignment=\u00a0\u00bbright\u00a0\u00bb custom_margin=\u00a0\u00bb||||false|false\u00a0\u00bb link_option_url=\u00a0\u00bbhttps:\/\/www.solucionobesidad.com\/fr\/pontage-gastrique-laparoscopique-fr\/\u00a0\u00bb hover_enabled=\u00a0\u00bb0&Prime; custom_css_free_form=\u00a0\u00bbselector *{||  color: white;||}||||selector i{||  font-size: 16px;||  padding-right: 16px;||}||||selector a {||  \tbackground: #5a8d7d;||    display: inline-block;||    cursor: pointer;||    white-space: nowrap;||    padding: 10px 20px;||    font-weight: 600;||    font-size: 14px;||  \tborder: 2px solid transparent;||    letter-spacing: 0.7px;||    text-transform: uppercase;|| \t\ttransition: all 0.35s ease 0s;||}||||selector a:hover{||  background: #404d5f;||  ||}\u00a0\u00bb global_colors_info=\u00a0\u00bb{}\u00a0\u00bb sticky_enabled=\u00a0\u00bb0&Prime; custom_margin_last_edited=\u00a0\u00bbon|phone\u00a0\u00bb custom_margin_phone=\u00a0\u00bb||||false|false\u00a0\u00bb custom_margin_tablet=\u00a0\u00bb||||false|false\u00a0\u00bb]<a class=\"st-button style-1 size-small\" href=\"https:\/\/www.solucionobesidad.com\/fr\/pontage-gastrique-laparoscopique-fr\/\" target=\"\" rel=\"noopener\"><i class=\"fa fa-arrow-right\"><\/i><span>PONTAGE GASTRIQUE LAPAROSCOPIQUE<\/span><\/a>[\/et_pb_code][\/et_pb_column][\/et_pb_row][\/et_pb_section]<\/p>\n","protected":false},"excerpt":{"rendered":"<p>GASTRECTOMIE VERTICALE OU TUBE GASTRIQUE LAPAROSCOPIQUE<span class=\"breadcrumbs\"><p><a href=\"\/fr\">Accueil<\/a> \/ <a href=\"https:\/\/www.solucionobesidad.com\/fr\/gastrectomie-verticale-laparoscopique-ou-sonde-gastrique-fr\/\">Gastrectomie verticale laparoscopique ou sonde gastrique<\/a><\/p><\/span>En raison des avantages prouv\u00e9s et des r\u00e9sultats prometteurs, nous recommandons actuellement la GASTROPLASTIE TUBULAIRE LAPAROSCOPIQUE (Gastrectomie en manchon), comme proc\u00e9dure PURE RESTRICTIVE.Depuis 2014, c&rsquo;est l&rsquo;intervention la plus pratiqu\u00e9e au monde, l\u00e9g\u00e8rement au-dessus du Gastric Bypass.A travers 5 trous de 0,5 \u00e0 1 cm dans l&rsquo;abdomen, on introduit les pinces, [&hellip;]<\/p>\n","protected":false},"author":1,"featured_media":0,"parent":0,"menu_order":0,"comment_status":"closed","ping_status":"closed","template":"","meta":{"_acf_changed":false,"_et_pb_use_builder":"on","_et_pb_old_content":"","_et_gb_content_width":"","inline_featured_image":false,"footnotes":""},"class_list":["post-1129","page","type-page","status-publish","hentry"],"acf":[],"yoast_head":"<!-- This site is optimized with the Yoast SEO plugin v23.5 - https:\/\/yoast.com\/wordpress\/plugins\/seo\/ -->\n<title>Soluci\u00f3n Obesidad | Sonde gastrique - Quir\u00f3nsalud Valencia<\/title>\n<meta name=\"description\" content=\"Chez Soluci\u00f3n Obesidad, nous vous proposons toutes les informations sur la technique de la sonde gastrique ou la gastrectomie verticale laparoscopique, le pontage gastrique et d&#039;autres types de chirurgie bariatrique. Contactez-nous et nos sp\u00e9cialistes de l&#039;H\u00f4pital Quir\u00f3nsalud vous conseilleront sur le meilleur traitement dans chaque cas.\" \/>\n<meta name=\"robots\" content=\"index, follow, max-snippet:-1, max-image-preview:large, max-video-preview:-1\" \/>\n<link rel=\"canonical\" href=\"https:\/\/www.solucionobesidad.com\/gastrectomia-vertical-laparoscopica-o-tubo-gastrico\/\" \/>\n<meta property=\"og:locale\" content=\"fr_FR\" \/>\n<meta property=\"og:type\" content=\"article\" \/>\n<meta property=\"og:title\" content=\"Soluci\u00f3n Obesidad | Sonde gastrique - Quir\u00f3nsalud Valencia\" \/>\n<meta property=\"og:description\" content=\"Chez Soluci\u00f3n Obesidad, nous vous proposons toutes les informations sur la technique de la sonde gastrique ou la gastrectomie verticale laparoscopique, le pontage gastrique et d&#039;autres types de chirurgie bariatrique. Contactez-nous et nos sp\u00e9cialistes de l&#039;H\u00f4pital Quir\u00f3nsalud vous conseilleront sur le meilleur traitement dans chaque cas.\" \/>\n<meta property=\"og:url\" content=\"https:\/\/www.solucionobesidad.com\/gastrectomia-vertical-laparoscopica-o-tubo-gastrico\/\" \/>\n<meta property=\"og:site_name\" content=\"Soluci\u00f3n Obesidad\" \/>\n<meta property=\"article:modified_time\" content=\"2024-04-29T09:01:12+00:00\" \/>\n<meta name=\"twitter:card\" content=\"summary_large_image\" \/>\n<meta name=\"twitter:label1\" content=\"Dur\u00e9e de lecture estim\u00e9e\" \/>\n\t<meta name=\"twitter:data1\" content=\"5 minutes\" \/>\n<script type=\"application\/ld+json\" class=\"yoast-schema-graph\">{\"@context\":\"https:\/\/schema.org\",\"@graph\":[{\"@type\":\"WebPage\",\"@id\":\"https:\/\/www.solucionobesidad.com\/gastrectomia-vertical-laparoscopica-o-tubo-gastrico\/\",\"url\":\"https:\/\/www.solucionobesidad.com\/gastrectomia-vertical-laparoscopica-o-tubo-gastrico\/\",\"name\":\"Soluci\u00f3n Obesidad | Sonde gastrique - Quir\u00f3nsalud Valencia\",\"isPartOf\":{\"@id\":\"https:\/\/www.solucionobesidad.com\/#website\"},\"datePublished\":\"2024-03-18T09:39:59+00:00\",\"dateModified\":\"2024-04-29T09:01:12+00:00\",\"description\":\"Chez Soluci\u00f3n Obesidad, nous vous proposons toutes les informations sur la technique de la sonde gastrique ou la gastrectomie verticale laparoscopique, le pontage gastrique et d'autres types de chirurgie bariatrique. Contactez-nous et nos sp\u00e9cialistes de l'H\u00f4pital Quir\u00f3nsalud vous conseilleront sur le meilleur traitement dans chaque cas.\",\"breadcrumb\":{\"@id\":\"https:\/\/www.solucionobesidad.com\/gastrectomia-vertical-laparoscopica-o-tubo-gastrico\/#breadcrumb\"},\"inLanguage\":\"fr-FR\",\"potentialAction\":[{\"@type\":\"ReadAction\",\"target\":[\"https:\/\/www.solucionobesidad.com\/gastrectomia-vertical-laparoscopica-o-tubo-gastrico\/\"]}]},{\"@type\":\"BreadcrumbList\",\"@id\":\"https:\/\/www.solucionobesidad.com\/gastrectomia-vertical-laparoscopica-o-tubo-gastrico\/#breadcrumb\",\"itemListElement\":[{\"@type\":\"ListItem\",\"position\":1,\"name\":\"Home\",\"item\":\"https:\/\/www.solucionobesidad.com\/\"},{\"@type\":\"ListItem\",\"position\":2,\"name\":\"Gastrectomie verticale laparoscopique ou sonde gastrique\"}]},{\"@type\":\"WebSite\",\"@id\":\"https:\/\/www.solucionobesidad.com\/#website\",\"url\":\"https:\/\/www.solucionobesidad.com\/\",\"name\":\"Soluci\u00f3n Obesidad\",\"description\":\"\",\"publisher\":{\"@id\":\"https:\/\/www.solucionobesidad.com\/#organization\"},\"potentialAction\":[{\"@type\":\"SearchAction\",\"target\":{\"@type\":\"EntryPoint\",\"urlTemplate\":\"https:\/\/www.solucionobesidad.com\/?s={search_term_string}\"},\"query-input\":{\"@type\":\"PropertyValueSpecification\",\"valueRequired\":true,\"valueName\":\"search_term_string\"}}],\"inLanguage\":\"fr-FR\"},{\"@type\":\"Organization\",\"@id\":\"https:\/\/www.solucionobesidad.com\/#organization\",\"name\":\"Soluci\u00f3n Obesidad\",\"url\":\"https:\/\/www.solucionobesidad.com\/\",\"logo\":{\"@type\":\"ImageObject\",\"inLanguage\":\"fr-FR\",\"@id\":\"https:\/\/www.solucionobesidad.com\/#\/schema\/logo\/image\/\",\"url\":\"https:\/\/www.solucionobesidad.com\/wp-content\/uploads\/2024\/04\/logo-obesity-center-carlos-sala.svg\",\"contentUrl\":\"https:\/\/www.solucionobesidad.com\/wp-content\/uploads\/2024\/04\/logo-obesity-center-carlos-sala.svg\",\"width\":\"1024\",\"height\":\"1024\",\"caption\":\"Soluci\u00f3n Obesidad\"},\"image\":{\"@id\":\"https:\/\/www.solucionobesidad.com\/#\/schema\/logo\/image\/\"}}]}<\/script>\n<!-- \/ Yoast SEO plugin. -->","yoast_head_json":{"title":"Soluci\u00f3n Obesidad | Sonde gastrique - Quir\u00f3nsalud Valencia","description":"Chez Soluci\u00f3n Obesidad, nous vous proposons toutes les informations sur la technique de la sonde gastrique ou la gastrectomie verticale laparoscopique, le pontage gastrique et d'autres types de chirurgie bariatrique. Contactez-nous et nos sp\u00e9cialistes de l'H\u00f4pital Quir\u00f3nsalud vous conseilleront sur le meilleur traitement dans chaque cas.","robots":{"index":"index","follow":"follow","max-snippet":"max-snippet:-1","max-image-preview":"max-image-preview:large","max-video-preview":"max-video-preview:-1"},"canonical":"https:\/\/www.solucionobesidad.com\/gastrectomia-vertical-laparoscopica-o-tubo-gastrico\/","og_locale":"fr_FR","og_type":"article","og_title":"Soluci\u00f3n Obesidad | Sonde gastrique - Quir\u00f3nsalud Valencia","og_description":"Chez Soluci\u00f3n Obesidad, nous vous proposons toutes les informations sur la technique de la sonde gastrique ou la gastrectomie verticale laparoscopique, le pontage gastrique et d'autres types de chirurgie bariatrique. Contactez-nous et nos sp\u00e9cialistes de l'H\u00f4pital Quir\u00f3nsalud vous conseilleront sur le meilleur traitement dans chaque cas.","og_url":"https:\/\/www.solucionobesidad.com\/gastrectomia-vertical-laparoscopica-o-tubo-gastrico\/","og_site_name":"Soluci\u00f3n Obesidad","article_modified_time":"2024-04-29T09:01:12+00:00","twitter_card":"summary_large_image","twitter_misc":{"Dur\u00e9e de lecture estim\u00e9e":"5 minutes"},"schema":{"@context":"https:\/\/schema.org","@graph":[{"@type":"WebPage","@id":"https:\/\/www.solucionobesidad.com\/gastrectomia-vertical-laparoscopica-o-tubo-gastrico\/","url":"https:\/\/www.solucionobesidad.com\/gastrectomia-vertical-laparoscopica-o-tubo-gastrico\/","name":"Soluci\u00f3n Obesidad | Sonde gastrique - Quir\u00f3nsalud Valencia","isPartOf":{"@id":"https:\/\/www.solucionobesidad.com\/#website"},"datePublished":"2024-03-18T09:39:59+00:00","dateModified":"2024-04-29T09:01:12+00:00","description":"Chez Soluci\u00f3n Obesidad, nous vous proposons toutes les informations sur la technique de la sonde gastrique ou la gastrectomie verticale laparoscopique, le pontage gastrique et d'autres types de chirurgie bariatrique. Contactez-nous et nos sp\u00e9cialistes de l'H\u00f4pital Quir\u00f3nsalud vous conseilleront sur le meilleur traitement dans chaque cas.","breadcrumb":{"@id":"https:\/\/www.solucionobesidad.com\/gastrectomia-vertical-laparoscopica-o-tubo-gastrico\/#breadcrumb"},"inLanguage":"fr-FR","potentialAction":[{"@type":"ReadAction","target":["https:\/\/www.solucionobesidad.com\/gastrectomia-vertical-laparoscopica-o-tubo-gastrico\/"]}]},{"@type":"BreadcrumbList","@id":"https:\/\/www.solucionobesidad.com\/gastrectomia-vertical-laparoscopica-o-tubo-gastrico\/#breadcrumb","itemListElement":[{"@type":"ListItem","position":1,"name":"Home","item":"https:\/\/www.solucionobesidad.com\/"},{"@type":"ListItem","position":2,"name":"Gastrectomie verticale laparoscopique ou sonde gastrique"}]},{"@type":"WebSite","@id":"https:\/\/www.solucionobesidad.com\/#website","url":"https:\/\/www.solucionobesidad.com\/","name":"Soluci\u00f3n Obesidad","description":"","publisher":{"@id":"https:\/\/www.solucionobesidad.com\/#organization"},"potentialAction":[{"@type":"SearchAction","target":{"@type":"EntryPoint","urlTemplate":"https:\/\/www.solucionobesidad.com\/?s={search_term_string}"},"query-input":{"@type":"PropertyValueSpecification","valueRequired":true,"valueName":"search_term_string"}}],"inLanguage":"fr-FR"},{"@type":"Organization","@id":"https:\/\/www.solucionobesidad.com\/#organization","name":"Soluci\u00f3n Obesidad","url":"https:\/\/www.solucionobesidad.com\/","logo":{"@type":"ImageObject","inLanguage":"fr-FR","@id":"https:\/\/www.solucionobesidad.com\/#\/schema\/logo\/image\/","url":"https:\/\/www.solucionobesidad.com\/wp-content\/uploads\/2024\/04\/logo-obesity-center-carlos-sala.svg","contentUrl":"https:\/\/www.solucionobesidad.com\/wp-content\/uploads\/2024\/04\/logo-obesity-center-carlos-sala.svg","width":"1024","height":"1024","caption":"Soluci\u00f3n Obesidad"},"image":{"@id":"https:\/\/www.solucionobesidad.com\/#\/schema\/logo\/image\/"}}]}},"_links":{"self":[{"href":"https:\/\/www.solucionobesidad.com\/fr\/wp-json\/wp\/v2\/pages\/1129","targetHints":{"allow":["GET"]}}],"collection":[{"href":"https:\/\/www.solucionobesidad.com\/fr\/wp-json\/wp\/v2\/pages"}],"about":[{"href":"https:\/\/www.solucionobesidad.com\/fr\/wp-json\/wp\/v2\/types\/page"}],"author":[{"embeddable":true,"href":"https:\/\/www.solucionobesidad.com\/fr\/wp-json\/wp\/v2\/users\/1"}],"replies":[{"embeddable":true,"href":"https:\/\/www.solucionobesidad.com\/fr\/wp-json\/wp\/v2\/comments?post=1129"}],"version-history":[{"count":0,"href":"https:\/\/www.solucionobesidad.com\/fr\/wp-json\/wp\/v2\/pages\/1129\/revisions"}],"wp:attachment":[{"href":"https:\/\/www.solucionobesidad.com\/fr\/wp-json\/wp\/v2\/media?parent=1129"}],"curies":[{"name":"wp","href":"https:\/\/api.w.org\/{rel}","templated":true}]}}