{"id":1115,"date":"2024-03-15T09:57:04","date_gmt":"2024-03-15T08:57:04","guid":{"rendered":"https:\/\/www.solucionobesidad.com\/maladies-associees-fr\/"},"modified":"2024-04-25T15:36:05","modified_gmt":"2024-04-25T13:36:05","slug":"maladies-associees-fr","status":"publish","type":"page","link":"https:\/\/www.solucionobesidad.com\/fr\/maladies-associees-fr\/","title":{"rendered":"Maladies associ\u00e9es"},"content":{"rendered":"<p>[et_pb_section fb_built=\u00a0\u00bb1&Prime; _builder_version=\u00a0\u00bb4.24.0&Prime; _module_preset=\u00a0\u00bbdefault\u00a0\u00bb background_color=\u00a0\u00bb#5A8D7D\u00a0\u00bb custom_padding=\u00a0\u00bb0px||0px||true|false\u00a0\u00bb global_colors_info=\u00a0\u00bb{}\u00a0\u00bb][et_pb_row _builder_version=\u00a0\u00bb4.24.2&Prime; _module_preset=\u00a0\u00bbdefault\u00a0\u00bb custom_padding=\u00a0\u00bb5em||0em||false|false\u00a0\u00bb hover_enabled=\u00a0\u00bb0&Prime; global_colors_info=\u00a0\u00bb{}\u00a0\u00bb width=\u00a0\u00bb90%\u00a0\u00bb sticky_enabled=\u00a0\u00bb0&Prime;][et_pb_column type=\u00a0\u00bb4_4&Prime; _builder_version=\u00a0\u00bb4.24.0&Prime; _module_preset=\u00a0\u00bbdefault\u00a0\u00bb global_colors_info=\u00a0\u00bb{}\u00a0\u00bb][et_pb_text _builder_version=\u00a0\u00bb4.24.2&Prime; _module_preset=\u00a0\u00bbdefault\u00a0\u00bb header_font=\u00a0\u00bbMontserrat|700||on|||||\u00a0\u00bb header_text_color=\u00a0\u00bb#FFFFFF\u00a0\u00bb header_font_size=\u00a0\u00bb50px\u00a0\u00bb custom_margin=\u00a0\u00bb||2em||false|false\u00a0\u00bb custom_padding=\u00a0\u00bb0px||0px||true|false\u00a0\u00bb global_colors_info=\u00a0\u00bb{}\u00a0\u00bb]<\/p>\n<h1 class=\"page-title\">Maladies associ\u00e9es<\/h1>\n<p>[\/et_pb_text][et_pb_code _builder_version=\u00a0\u00bb4.24.2&Prime; _module_preset=\u00a0\u00bbdefault\u00a0\u00bb background_color=\u00a0\u00bbrgba(0,0,0,0.6)\u00a0\u00bb positioning=\u00a0\u00bbrelative\u00a0\u00bb position_origin_a=\u00a0\u00bbbottom_left\u00a0\u00bb text_orientation=\u00a0\u00bbleft\u00a0\u00bb width=\u00a0\u00bb100%\u00a0\u00bb custom_padding=\u00a0\u00bb0.5em|1em|0.5em|1em|true|true\u00a0\u00bb custom_css_main_element=\u00a0\u00bbmax-width:fit-content;||\u00a0\u00bb custom_css_free_form=\u00a0\u00bbselector p,||selector a{||  color:white !important;||  font-size:14px;||}\u00a0\u00bb locked=\u00a0\u00bboff\u00a0\u00bb global_colors_info=\u00a0\u00bb{}\u00a0\u00bb]<pee><span class=\"breadcrumbs\"><p><a href=\"\/fr\">Accueil<\/a> \/ <a href=\"https:\/\/www.solucionobesidad.com\/fr\/maladies-associees-fr\/\">Maladies associ\u00e9es<\/a><\/p><\/span><\/pee>[\/et_pb_code][\/et_pb_column][\/et_pb_row][\/et_pb_section][et_pb_section fb_built=\u00a0\u00bb1&Prime; _builder_version=\u00a0\u00bb4.24.0&Prime; _module_preset=\u00a0\u00bbdefault\u00a0\u00bb global_colors_info=\u00a0\u00bb{}\u00a0\u00bb][et_pb_row column_structure=\u00a0\u00bb2_3,1_3&Prime; _builder_version=\u00a0\u00bb4.24.2&Prime; _module_preset=\u00a0\u00bbdefault\u00a0\u00bb hover_enabled=\u00a0\u00bb0&Prime; global_colors_info=\u00a0\u00bb{}\u00a0\u00bb width=\u00a0\u00bb90%\u00a0\u00bb sticky_enabled=\u00a0\u00bb0&Prime;][et_pb_column type=\u00a0\u00bb2_3&Prime; _builder_version=\u00a0\u00bb4.24.0&Prime; _module_preset=\u00a0\u00bbdefault\u00a0\u00bb global_colors_info=\u00a0\u00bb{}\u00a0\u00bb][et_pb_text _builder_version=\u00a0\u00bb4.24.2&Prime; _module_preset=\u00a0\u00bbdefault\u00a0\u00bb text_font=\u00a0\u00bb|300|||||||\u00a0\u00bb header_font=\u00a0\u00bbMontserrat|700||on|||||\u00a0\u00bb header_text_color=\u00a0\u00bb#FFFFFF\u00a0\u00bb header_font_size=\u00a0\u00bb50px\u00a0\u00bb header_2_font=\u00a0\u00bbMontserrat|700||on|||||\u00a0\u00bb header_2_text_color=\u00a0\u00bb#000000&Prime; header_2_font_size=\u00a0\u00bb30px\u00a0\u00bb custom_margin=\u00a0\u00bb||0px||false|false\u00a0\u00bb custom_padding=\u00a0\u00bb0px||0px||true|false\u00a0\u00bb global_colors_info=\u00a0\u00bb{}\u00a0\u00bb]<\/p>\n<div class=\"vc_row wpb_row vc_row-fluid wpb_section wpb_padding\">\n<div class=\"container\">\n<div class=\"row\">\n<div class=\"wpb_column vc_column_container vc_col-sm-10\">\n<div class=\"vc_column-inner \">\n<div class=\"wpb_wrapper\">\n<div class=\"wpb_text_column wpb_content_element \">\n<div class=\"wpb_wrapper\">\n<p>Les maladies caus\u00e9es par l&rsquo;ob\u00e9sit\u00e9 ou les comorbidit\u00e9s sont consid\u00e9r\u00e9es comme suit:<\/p>\n<p><strong>RISQUE CONSID\u00c9RABLEMENT ACCRU (3 FOIS PLUS)<\/strong><\/p>\n<ul>\n<li><strong>Diab\u00e8te de type 2 : <\/strong>glyc\u00e9mie<\/li>\n<li><strong>Hypertension:<\/strong> Hypertension art\u00e9rielle.<\/li>\n<li><strong>Dyslipid\u00e9mie:<\/strong> <strong>Hypercholest\u00e9rol\u00e9mie<\/strong>, augmentation du cholest\u00e9rol sanguin et \/ ou hypertriglyc\u00e9rid\u00e9mie, augmentation du taux de triglyc\u00e9rides dans le sang (provoque une ob\u00e9sit\u00e9 visc\u00e9rale &#8211; dans le ventre, qui constitue un risque cardiovasculaire).<\/li>\n<li><strong>Hyperuric\u00e9mie :<\/strong> cause des crises de goutte.<\/li>\n<li><strong>Syndrome m\u00e9tabolique :<\/strong> conjonction ob\u00e9sit\u00e9 abdominale + dyslipid\u00e9mie + hypertension art\u00e9rielle ou diab\u00e8te.<\/li>\n<li><strong>Cardiopathie isch\u00e9mique :<\/strong> angine de poitrine et infarctus aigu du myocarde.<\/li>\n<li><strong>Probl\u00e8mes psychologiques :<\/strong> alt\u00e9ration de l&rsquo;estime de soi, d\u00e9pression et suicides.<\/li>\n<li><strong>Arthrose.<\/strong><\/li>\n<li><strong>Insuffisance cardiaque.<\/strong><\/li>\n<li><strong>Apn\u00e9e du sommeil<\/strong> (syndrome d&rsquo;apn\u00e9e obstructive du sommeil &#8211; SAOS).<\/li>\n<li><strong>Ronflement.<\/strong><\/li>\n<li><strong>Chol\u00e9lithiase<\/strong>: calculs ou calculs dans la v\u00e9sicule biliaire.<\/li>\n<\/ul>\n<p><strong>RISQUE ACCRU (2 FOIS PLUS)<\/strong><\/p>\n<ul>\n<li><strong>Ovaire polykystique<\/strong> (anomalies de la menstruation).<\/li>\n<li><strong>Douleurs lombaires<\/strong> et dans d&rsquo;autres articulations telles que les <strong>hanches et les genoux.<\/strong><\/li>\n<li><strong>Infarctus c\u00e9r\u00e9bral.<\/strong><\/li>\n<li><strong>Thrombose veineuse.<\/strong><\/li>\n<li><strong>Risque<\/strong> <strong>anesth\u00e9sique.<\/strong><\/li>\n<li>Les <strong>varices<\/strong> dans les membres inf\u00e9rieurs.<\/li>\n<li><strong>Cancer<\/strong> de l&rsquo;\u0153sophage, du c\u00f4lon et du rectum, de la v\u00e9sicule biliaire, du rein, de la prostate, de l&rsquo;ut\u00e9rus et du sein.<\/li>\n<li><strong>Hernie hiatale<\/strong>. Reflux gastro-oesophagien (br\u00fblure).<\/li>\n<li><strong>St\u00e9atose du foie<\/strong> (st\u00e9atose h\u00e9patique) et cirrhose.<\/li>\n<li><strong>Incontinence urinaire<\/strong>: fuites d&rsquo;urine.<\/li>\n<li><strong>Troubles menstruels et infertilit\u00e9<\/strong>.<\/li>\n<li><strong>Hypertension endocr\u00e2nienne.<\/strong><\/li>\n<li><strong>Cellulite, folliculite<\/strong> et autres affections cutan\u00e9es.<\/li>\n<li><strong>Malformations f\u0153tales.<\/strong><\/li>\n<\/ul>\n<\/div>\n<\/div>\n<\/div>\n<\/div>\n<\/div>\n<\/div>\n<\/div>\n<\/div>\n<p>[\/et_pb_text][\/et_pb_column][et_pb_column type=\u00a0\u00bb1_3&Prime; _builder_version=\u00a0\u00bb4.24.0&Prime; _module_preset=\u00a0\u00bbdefault\u00a0\u00bb global_colors_info=\u00a0\u00bb{}\u00a0\u00bb][et_pb_image src=\u00a0\u00bbhttps:\/\/www.solucionobesidad.com\/wp-content\/uploads\/2024\/03\/images-10.webp\u00a0\u00bb title_text=\u00a0\u00bbimages-10&Prime; align=\u00a0\u00bbright\u00a0\u00bb align_tablet=\u00a0\u00bbright\u00a0\u00bb align_phone=\u00a0\u00bbleft\u00a0\u00bb align_last_edited=\u00a0\u00bbon|phone\u00a0\u00bb _builder_version=\u00a0\u00bb4.24.2&Prime; _module_preset=\u00a0\u00bbdefault\u00a0\u00bb width=\u00a0\u00bb185px\u00a0\u00bb global_colors_info=\u00a0\u00bb{}\u00a0\u00bb][\/et_pb_image][et_pb_image src=\u00a0\u00bbhttps:\/\/www.solucionobesidad.com\/wp-content\/uploads\/2024\/03\/c_enfermedades-asociadas-2.webp\u00a0\u00bb title_text=\u00a0\u00bbc_enfermedades-asociadas-2&Prime; align=\u00a0\u00bbright\u00a0\u00bb align_tablet=\u00a0\u00bbright\u00a0\u00bb align_phone=\u00a0\u00bbleft\u00a0\u00bb align_last_edited=\u00a0\u00bbon|phone\u00a0\u00bb _builder_version=\u00a0\u00bb4.24.2&Prime; _module_preset=\u00a0\u00bbdefault\u00a0\u00bb width=\u00a0\u00bb185px\u00a0\u00bb global_colors_info=\u00a0\u00bb{}\u00a0\u00bb][\/et_pb_image][et_pb_image src=\u00a0\u00bbhttps:\/\/www.solucionobesidad.com\/wp-content\/uploads\/2024\/03\/images-47.webp\u00a0\u00bb title_text=\u00a0\u00bbimages-47&Prime; align=\u00a0\u00bbright\u00a0\u00bb align_tablet=\u00a0\u00bbright\u00a0\u00bb align_phone=\u00a0\u00bbleft\u00a0\u00bb align_last_edited=\u00a0\u00bbon|phone\u00a0\u00bb _builder_version=\u00a0\u00bb4.24.2&Prime; _module_preset=\u00a0\u00bbdefault\u00a0\u00bb custom_margin_tablet=\u00a0\u00bb\u00a0\u00bb custom_margin_phone=\u00a0\u00bb||50px||false|false\u00a0\u00bb custom_margin_last_edited=\u00a0\u00bbon|phone\u00a0\u00bb global_colors_info=\u00a0\u00bb{}\u00a0\u00bb][\/et_pb_image][\/et_pb_column][\/et_pb_row][et_pb_row _builder_version=\u00a0\u00bb4.24.2&Prime; _module_preset=\u00a0\u00bbdefault\u00a0\u00bb hover_enabled=\u00a0\u00bb0&Prime; global_colors_info=\u00a0\u00bb{}\u00a0\u00bb sticky_enabled=\u00a0\u00bb0&Prime; width=\u00a0\u00bb90%\u00a0\u00bb][et_pb_column type=\u00a0\u00bb4_4&Prime; _builder_version=\u00a0\u00bb4.24.0&Prime; _module_preset=\u00a0\u00bbdefault\u00a0\u00bb global_colors_info=\u00a0\u00bb{}\u00a0\u00bb][et_pb_text _builder_version=\u00a0\u00bb4.24.2&Prime; _module_preset=\u00a0\u00bbdefault\u00a0\u00bb min_height=\u00a0\u00bb49.2px\u00a0\u00bb custom_margin=\u00a0\u00bb||||false|false\u00a0\u00bb custom_padding=\u00a0\u00bb0px|||||\u00a0\u00bb hover_enabled=\u00a0\u00bb0&Prime; global_colors_info=\u00a0\u00bb{}\u00a0\u00bb sticky_enabled=\u00a0\u00bb0&Prime;]<\/p>\n<p>Par cons\u00e9quent, l&rsquo;ob\u00e9sit\u00e9 conditionne une vie plus courte et de plus mauvaise qualit\u00e9.<\/p>\n<p><span style=\"font-weight: 400;\">Avec les donn\u00e9es correspondant \u00e0 votre anthropom\u00e9trie (poids, taille, p\u00e9rim\u00e8tre abdominal &#8211; circonf\u00e9rence du ventre, &#8230;), aux chiffres de la pression art\u00e9rielle et aux autres donn\u00e9es obtenues lors de vos derniers tests sanguins, nous calculons le RISQUE CARDIO-VASCULAIRE (SCORE). Ainsi, nous pouvons anticiper le risque de souffrir d&rsquo;un infarctus mortel avant l&rsquo;\u00e2ge de 60 ans. Gardez \u00e0 l&rsquo;esprit que la pr\u00e9sence d&rsquo;ob\u00e9sit\u00e9 (surtout si vous associez un diab\u00e8te) est une cause d&rsquo;augmentation extraordinaire de ce risque qui, dans la plupart des cas, comporte le label \u00abrisque \u00e9lev\u00e9\u00bb.<\/span><\/p>\n<p>[\/et_pb_text][\/et_pb_column][\/et_pb_row][\/et_pb_section]<\/p>\n","protected":false},"excerpt":{"rendered":"<p>Maladies associ\u00e9es<span class=\"breadcrumbs\"><p><a href=\"\/fr\">Accueil<\/a> \/ <a href=\"https:\/\/www.solucionobesidad.com\/fr\/maladies-associees-fr\/\">Maladies associ\u00e9es<\/a><\/p><\/span> Les maladies caus\u00e9es par l&rsquo;ob\u00e9sit\u00e9 ou les comorbidit\u00e9s sont consid\u00e9r\u00e9es comme suit: RISQUE CONSID\u00c9RABLEMENT ACCRU (3 FOIS PLUS) Diab\u00e8te de type 2 : glyc\u00e9mie Hypertension: Hypertension art\u00e9rielle. Dyslipid\u00e9mie: Hypercholest\u00e9rol\u00e9mie, augmentation du cholest\u00e9rol sanguin et \/ ou hypertriglyc\u00e9rid\u00e9mie, augmentation du taux de triglyc\u00e9rides dans le sang (provoque une ob\u00e9sit\u00e9 visc\u00e9rale &#8211; dans le ventre, [&hellip;]<\/p>\n","protected":false},"author":1,"featured_media":0,"parent":0,"menu_order":0,"comment_status":"closed","ping_status":"closed","template":"","meta":{"_acf_changed":false,"_et_pb_use_builder":"on","_et_pb_old_content":"","_et_gb_content_width":"","inline_featured_image":false,"footnotes":""},"class_list":["post-1115","page","type-page","status-publish","hentry"],"acf":[],"yoast_head":"<!-- This site is optimized with the Yoast SEO plugin v23.5 - https:\/\/yoast.com\/wordpress\/plugins\/seo\/ -->\n<title>Soluci\u00f3n Obesidad | Maladies dues \u00e0 l&#039;ob\u00e9sit\u00e9 - Dr. Carlos Sala<\/title>\n<meta name=\"description\" content=\"D\u00e9couvrez les maladies li\u00e9es \u00e0 l&#039;ob\u00e9sit\u00e9, leurs causes et comment les combattre dans Soluci\u00f3n Obesidad. Notre clinique d&#039;ob\u00e9sit\u00e9 compte sur les meilleurs professionnels de l&#039;h\u00f4pital Quir\u00f3n de Valence. Nous sommes sp\u00e9cialistes de tous types de traitements m\u00e9dicaux, de la chirurgie bariatrique et du pontage gastrique.\" \/>\n<meta name=\"robots\" content=\"index, follow, max-snippet:-1, max-image-preview:large, max-video-preview:-1\" \/>\n<link rel=\"canonical\" href=\"https:\/\/www.solucionobesidad.com\/enfermedades-asociadas-comorbilidades\/\" \/>\n<meta property=\"og:locale\" content=\"fr_FR\" \/>\n<meta property=\"og:type\" content=\"article\" \/>\n<meta property=\"og:title\" content=\"Soluci\u00f3n Obesidad | Maladies dues \u00e0 l&#039;ob\u00e9sit\u00e9 - Dr. Carlos Sala\" \/>\n<meta property=\"og:description\" content=\"D\u00e9couvrez les maladies li\u00e9es \u00e0 l&#039;ob\u00e9sit\u00e9, leurs causes et comment les combattre dans Soluci\u00f3n Obesidad. Notre clinique d&#039;ob\u00e9sit\u00e9 compte sur les meilleurs professionnels de l&#039;h\u00f4pital Quir\u00f3n de Valence. Nous sommes sp\u00e9cialistes de tous types de traitements m\u00e9dicaux, de la chirurgie bariatrique et du pontage gastrique.\" \/>\n<meta property=\"og:url\" content=\"https:\/\/www.solucionobesidad.com\/enfermedades-asociadas-comorbilidades\/\" \/>\n<meta property=\"og:site_name\" content=\"Soluci\u00f3n Obesidad\" \/>\n<meta property=\"article:modified_time\" content=\"2024-04-25T13:36:05+00:00\" \/>\n<meta name=\"twitter:card\" content=\"summary_large_image\" \/>\n<meta name=\"twitter:label1\" content=\"Dur\u00e9e de lecture estim\u00e9e\" \/>\n\t<meta name=\"twitter:data1\" content=\"4 minutes\" \/>\n<script type=\"application\/ld+json\" class=\"yoast-schema-graph\">{\"@context\":\"https:\/\/schema.org\",\"@graph\":[{\"@type\":\"WebPage\",\"@id\":\"https:\/\/www.solucionobesidad.com\/enfermedades-asociadas-comorbilidades\/\",\"url\":\"https:\/\/www.solucionobesidad.com\/enfermedades-asociadas-comorbilidades\/\",\"name\":\"Soluci\u00f3n Obesidad | Maladies dues \u00e0 l'ob\u00e9sit\u00e9 - Dr. Carlos Sala\",\"isPartOf\":{\"@id\":\"https:\/\/www.solucionobesidad.com\/#website\"},\"datePublished\":\"2024-03-15T08:57:04+00:00\",\"dateModified\":\"2024-04-25T13:36:05+00:00\",\"description\":\"D\u00e9couvrez les maladies li\u00e9es \u00e0 l'ob\u00e9sit\u00e9, leurs causes et comment les combattre dans Soluci\u00f3n Obesidad. Notre clinique d'ob\u00e9sit\u00e9 compte sur les meilleurs professionnels de l'h\u00f4pital Quir\u00f3n de Valence. Nous sommes sp\u00e9cialistes de tous types de traitements m\u00e9dicaux, de la chirurgie bariatrique et du pontage gastrique.\",\"breadcrumb\":{\"@id\":\"https:\/\/www.solucionobesidad.com\/enfermedades-asociadas-comorbilidades\/#breadcrumb\"},\"inLanguage\":\"fr-FR\",\"potentialAction\":[{\"@type\":\"ReadAction\",\"target\":[\"https:\/\/www.solucionobesidad.com\/enfermedades-asociadas-comorbilidades\/\"]}]},{\"@type\":\"BreadcrumbList\",\"@id\":\"https:\/\/www.solucionobesidad.com\/enfermedades-asociadas-comorbilidades\/#breadcrumb\",\"itemListElement\":[{\"@type\":\"ListItem\",\"position\":1,\"name\":\"Home\",\"item\":\"https:\/\/www.solucionobesidad.com\/\"},{\"@type\":\"ListItem\",\"position\":2,\"name\":\"Maladies associ\u00e9es\"}]},{\"@type\":\"WebSite\",\"@id\":\"https:\/\/www.solucionobesidad.com\/#website\",\"url\":\"https:\/\/www.solucionobesidad.com\/\",\"name\":\"Soluci\u00f3n Obesidad\",\"description\":\"\",\"publisher\":{\"@id\":\"https:\/\/www.solucionobesidad.com\/#organization\"},\"potentialAction\":[{\"@type\":\"SearchAction\",\"target\":{\"@type\":\"EntryPoint\",\"urlTemplate\":\"https:\/\/www.solucionobesidad.com\/?s={search_term_string}\"},\"query-input\":{\"@type\":\"PropertyValueSpecification\",\"valueRequired\":true,\"valueName\":\"search_term_string\"}}],\"inLanguage\":\"fr-FR\"},{\"@type\":\"Organization\",\"@id\":\"https:\/\/www.solucionobesidad.com\/#organization\",\"name\":\"Soluci\u00f3n Obesidad\",\"url\":\"https:\/\/www.solucionobesidad.com\/\",\"logo\":{\"@type\":\"ImageObject\",\"inLanguage\":\"fr-FR\",\"@id\":\"https:\/\/www.solucionobesidad.com\/#\/schema\/logo\/image\/\",\"url\":\"https:\/\/www.solucionobesidad.com\/wp-content\/uploads\/2024\/04\/logo-obesity-center-carlos-sala.svg\",\"contentUrl\":\"https:\/\/www.solucionobesidad.com\/wp-content\/uploads\/2024\/04\/logo-obesity-center-carlos-sala.svg\",\"width\":\"1024\",\"height\":\"1024\",\"caption\":\"Soluci\u00f3n Obesidad\"},\"image\":{\"@id\":\"https:\/\/www.solucionobesidad.com\/#\/schema\/logo\/image\/\"}}]}<\/script>\n<!-- \/ Yoast SEO plugin. -->","yoast_head_json":{"title":"Soluci\u00f3n Obesidad | Maladies dues \u00e0 l'ob\u00e9sit\u00e9 - Dr. Carlos Sala","description":"D\u00e9couvrez les maladies li\u00e9es \u00e0 l'ob\u00e9sit\u00e9, leurs causes et comment les combattre dans Soluci\u00f3n Obesidad. Notre clinique d'ob\u00e9sit\u00e9 compte sur les meilleurs professionnels de l'h\u00f4pital Quir\u00f3n de Valence. Nous sommes sp\u00e9cialistes de tous types de traitements m\u00e9dicaux, de la chirurgie bariatrique et du pontage gastrique.","robots":{"index":"index","follow":"follow","max-snippet":"max-snippet:-1","max-image-preview":"max-image-preview:large","max-video-preview":"max-video-preview:-1"},"canonical":"https:\/\/www.solucionobesidad.com\/enfermedades-asociadas-comorbilidades\/","og_locale":"fr_FR","og_type":"article","og_title":"Soluci\u00f3n Obesidad | Maladies dues \u00e0 l'ob\u00e9sit\u00e9 - Dr. Carlos Sala","og_description":"D\u00e9couvrez les maladies li\u00e9es \u00e0 l'ob\u00e9sit\u00e9, leurs causes et comment les combattre dans Soluci\u00f3n Obesidad. Notre clinique d'ob\u00e9sit\u00e9 compte sur les meilleurs professionnels de l'h\u00f4pital Quir\u00f3n de Valence. Nous sommes sp\u00e9cialistes de tous types de traitements m\u00e9dicaux, de la chirurgie bariatrique et du pontage gastrique.","og_url":"https:\/\/www.solucionobesidad.com\/enfermedades-asociadas-comorbilidades\/","og_site_name":"Soluci\u00f3n Obesidad","article_modified_time":"2024-04-25T13:36:05+00:00","twitter_card":"summary_large_image","twitter_misc":{"Dur\u00e9e de lecture estim\u00e9e":"4 minutes"},"schema":{"@context":"https:\/\/schema.org","@graph":[{"@type":"WebPage","@id":"https:\/\/www.solucionobesidad.com\/enfermedades-asociadas-comorbilidades\/","url":"https:\/\/www.solucionobesidad.com\/enfermedades-asociadas-comorbilidades\/","name":"Soluci\u00f3n Obesidad | Maladies dues \u00e0 l'ob\u00e9sit\u00e9 - Dr. Carlos Sala","isPartOf":{"@id":"https:\/\/www.solucionobesidad.com\/#website"},"datePublished":"2024-03-15T08:57:04+00:00","dateModified":"2024-04-25T13:36:05+00:00","description":"D\u00e9couvrez les maladies li\u00e9es \u00e0 l'ob\u00e9sit\u00e9, leurs causes et comment les combattre dans Soluci\u00f3n Obesidad. Notre clinique d'ob\u00e9sit\u00e9 compte sur les meilleurs professionnels de l'h\u00f4pital Quir\u00f3n de Valence. Nous sommes sp\u00e9cialistes de tous types de traitements m\u00e9dicaux, de la chirurgie bariatrique et du pontage gastrique.","breadcrumb":{"@id":"https:\/\/www.solucionobesidad.com\/enfermedades-asociadas-comorbilidades\/#breadcrumb"},"inLanguage":"fr-FR","potentialAction":[{"@type":"ReadAction","target":["https:\/\/www.solucionobesidad.com\/enfermedades-asociadas-comorbilidades\/"]}]},{"@type":"BreadcrumbList","@id":"https:\/\/www.solucionobesidad.com\/enfermedades-asociadas-comorbilidades\/#breadcrumb","itemListElement":[{"@type":"ListItem","position":1,"name":"Home","item":"https:\/\/www.solucionobesidad.com\/"},{"@type":"ListItem","position":2,"name":"Maladies associ\u00e9es"}]},{"@type":"WebSite","@id":"https:\/\/www.solucionobesidad.com\/#website","url":"https:\/\/www.solucionobesidad.com\/","name":"Soluci\u00f3n Obesidad","description":"","publisher":{"@id":"https:\/\/www.solucionobesidad.com\/#organization"},"potentialAction":[{"@type":"SearchAction","target":{"@type":"EntryPoint","urlTemplate":"https:\/\/www.solucionobesidad.com\/?s={search_term_string}"},"query-input":{"@type":"PropertyValueSpecification","valueRequired":true,"valueName":"search_term_string"}}],"inLanguage":"fr-FR"},{"@type":"Organization","@id":"https:\/\/www.solucionobesidad.com\/#organization","name":"Soluci\u00f3n Obesidad","url":"https:\/\/www.solucionobesidad.com\/","logo":{"@type":"ImageObject","inLanguage":"fr-FR","@id":"https:\/\/www.solucionobesidad.com\/#\/schema\/logo\/image\/","url":"https:\/\/www.solucionobesidad.com\/wp-content\/uploads\/2024\/04\/logo-obesity-center-carlos-sala.svg","contentUrl":"https:\/\/www.solucionobesidad.com\/wp-content\/uploads\/2024\/04\/logo-obesity-center-carlos-sala.svg","width":"1024","height":"1024","caption":"Soluci\u00f3n Obesidad"},"image":{"@id":"https:\/\/www.solucionobesidad.com\/#\/schema\/logo\/image\/"}}]}},"_links":{"self":[{"href":"https:\/\/www.solucionobesidad.com\/fr\/wp-json\/wp\/v2\/pages\/1115","targetHints":{"allow":["GET"]}}],"collection":[{"href":"https:\/\/www.solucionobesidad.com\/fr\/wp-json\/wp\/v2\/pages"}],"about":[{"href":"https:\/\/www.solucionobesidad.com\/fr\/wp-json\/wp\/v2\/types\/page"}],"author":[{"embeddable":true,"href":"https:\/\/www.solucionobesidad.com\/fr\/wp-json\/wp\/v2\/users\/1"}],"replies":[{"embeddable":true,"href":"https:\/\/www.solucionobesidad.com\/fr\/wp-json\/wp\/v2\/comments?post=1115"}],"version-history":[{"count":0,"href":"https:\/\/www.solucionobesidad.com\/fr\/wp-json\/wp\/v2\/pages\/1115\/revisions"}],"wp:attachment":[{"href":"https:\/\/www.solucionobesidad.com\/fr\/wp-json\/wp\/v2\/media?parent=1115"}],"curies":[{"name":"wp","href":"https:\/\/api.w.org\/{rel}","templated":true}]}}