{"id":1106,"date":"2024-03-15T09:49:47","date_gmt":"2024-03-15T08:49:47","guid":{"rendered":"https:\/\/www.solucionobesidad.com\/quest-ce-que-lobesite-diabesite-fr\/"},"modified":"2024-04-25T13:57:45","modified_gmt":"2024-04-25T11:57:45","slug":"quest-ce-que-lobesite-diabesite-fr","status":"publish","type":"page","link":"https:\/\/www.solucionobesidad.com\/fr\/quest-ce-que-lobesite-diabesite-fr\/","title":{"rendered":"Qu\u2019est-ce que l\u2019OB\u00c9SIT\u00c9 ? DIAB\u00c9SIT\u00c9"},"content":{"rendered":"<p>[et_pb_section fb_built=\u00a0\u00bb1&Prime; _builder_version=\u00a0\u00bb4.24.0&Prime; _module_preset=\u00a0\u00bbdefault\u00a0\u00bb background_color=\u00a0\u00bb#5A8D7D\u00a0\u00bb custom_padding=\u00a0\u00bb0px||0px||true|false\u00a0\u00bb global_colors_info=\u00a0\u00bb{}\u00a0\u00bb][et_pb_row _builder_version=\u00a0\u00bb4.24.2&Prime; _module_preset=\u00a0\u00bbdefault\u00a0\u00bb width=\u00a0\u00bb90%\u00a0\u00bb custom_padding=\u00a0\u00bb5em||0em||false|false\u00a0\u00bb global_colors_info=\u00a0\u00bb{}\u00a0\u00bb][et_pb_column type=\u00a0\u00bb4_4&Prime; _builder_version=\u00a0\u00bb4.24.0&Prime; _module_preset=\u00a0\u00bbdefault\u00a0\u00bb global_colors_info=\u00a0\u00bb{}\u00a0\u00bb][et_pb_text _builder_version=\u00a0\u00bb4.24.2&Prime; _module_preset=\u00a0\u00bbdefault\u00a0\u00bb header_font=\u00a0\u00bbMontserrat|700||on|||||\u00a0\u00bb header_text_color=\u00a0\u00bb#FFFFFF\u00a0\u00bb header_font_size=\u00a0\u00bb50px\u00a0\u00bb custom_margin=\u00a0\u00bb||2em||false|false\u00a0\u00bb custom_padding=\u00a0\u00bb0px||0px||true|false\u00a0\u00bb global_colors_info=\u00a0\u00bb{}\u00a0\u00bb]<\/p>\n<h1>Qu\u2019est-ce que l\u2019OB\u00c9SIT\u00c9 ? DIAB\u00c9SIT\u00c9<\/h1>\n<p>[\/et_pb_text][et_pb_code _builder_version=\u00a0\u00bb4.24.2&Prime; _module_preset=\u00a0\u00bbdefault\u00a0\u00bb background_color=\u00a0\u00bbrgba(0,0,0,0.6)\u00a0\u00bb positioning=\u00a0\u00bbrelative\u00a0\u00bb position_origin_a=\u00a0\u00bbbottom_left\u00a0\u00bb text_orientation=\u00a0\u00bbleft\u00a0\u00bb width=\u00a0\u00bb100%\u00a0\u00bb custom_padding=\u00a0\u00bb0.5em|1em|0.5em|1em|true|true\u00a0\u00bb custom_css_main_element=\u00a0\u00bbmax-width:fit-content;||\u00a0\u00bb custom_css_free_form=\u00a0\u00bbselector p,||selector a{||  color:white !important;||  font-size:14px;||}\u00a0\u00bb locked=\u00a0\u00bboff\u00a0\u00bb global_colors_info=\u00a0\u00bb{}\u00a0\u00bb]<pee><span class=\"breadcrumbs\"><p><a href=\"\/fr\">Accueil<\/a> \/ <a href=\"https:\/\/www.solucionobesidad.com\/fr\/quest-ce-que-lobesite-diabesite-fr\/\">Qu\u2019est-ce que l\u2019OB\u00c9SIT\u00c9 ? DIAB\u00c9SIT\u00c9<\/a><\/p><\/span><\/pee>[\/et_pb_code][\/et_pb_column][\/et_pb_row][\/et_pb_section][et_pb_section fb_built=\u00a0\u00bb1&Prime; _builder_version=\u00a0\u00bb4.24.0&Prime; _module_preset=\u00a0\u00bbdefault\u00a0\u00bb global_colors_info=\u00a0\u00bb{}\u00a0\u00bb][et_pb_row column_structure=\u00a0\u00bb2_3,1_3&Prime; _builder_version=\u00a0\u00bb4.24.2&Prime; _module_preset=\u00a0\u00bbdefault\u00a0\u00bb width=\u00a0\u00bb90%\u00a0\u00bb global_colors_info=\u00a0\u00bb{}\u00a0\u00bb][et_pb_column type=\u00a0\u00bb2_3&Prime; _builder_version=\u00a0\u00bb4.24.0&Prime; _module_preset=\u00a0\u00bbdefault\u00a0\u00bb global_colors_info=\u00a0\u00bb{}\u00a0\u00bb][et_pb_text _builder_version=\u00a0\u00bb4.24.2&Prime; _module_preset=\u00a0\u00bbdefault\u00a0\u00bb text_font=\u00a0\u00bb|300|||||||\u00a0\u00bb header_font=\u00a0\u00bbMontserrat|700||on|||||\u00a0\u00bb header_text_color=\u00a0\u00bb#FFFFFF\u00a0\u00bb header_font_size=\u00a0\u00bb50px\u00a0\u00bb header_2_font=\u00a0\u00bbMontserrat|700||on|||||\u00a0\u00bb header_2_text_color=\u00a0\u00bb#000000&Prime; header_2_font_size=\u00a0\u00bb30px\u00a0\u00bb custom_margin=\u00a0\u00bb||0px||false|false\u00a0\u00bb custom_padding=\u00a0\u00bb0px||0px||true|false\u00a0\u00bb global_colors_info=\u00a0\u00bb{}\u00a0\u00bb]<\/p>\n<p>L&rsquo;OB\u00c9SIT\u00c9 est une MALADIE chronique multifactorielle qui se d\u00e9finit par l&rsquo;existence d&rsquo;un exc\u00e8s de graisse corporelle qui met l&rsquo;individu dans une situation de risque pour sa sant\u00e9. C\u2019est la forme de malnutrition la plus r\u00e9pandue dans le monde occidental.<\/p>\n<p>Le probl\u00e8me de l&rsquo;OB\u00c9SIT\u00c9 n&rsquo;est pas <strong>seulement un probl\u00e8me esth\u00e9tique<\/strong>, mais entra\u00eene \u00e9galement une <strong>augmentation du risque de mortalit\u00e9<\/strong> chez les sujets qui en souffrent, jusqu&rsquo;\u00e0 pr\u00e8s de 3 fois celui d&rsquo;un sujet non ob\u00e8se. De plus, l&rsquo;ob\u00e9sit\u00e9 pr\u00e9dispose et provoque une s\u00e9rie de <strong>maladies<\/strong> inh\u00e9rentes au surpoids qui augmentent le risque de mortalit\u00e9, notamment cardiovasculaire, ce qui <strong>conduit \u00e0 une vie plus courte et pire<\/strong>.<\/p>\n<p><strong>L&rsquo;augmentation des graisses dans l&rsquo;OB\u00c9SIT\u00c9 produit une r\u00e9sistance \u00e0 l&rsquo;action de l&rsquo;INSULINE produite par le pancr\u00e9as, ce qui provoque l&rsquo;apparition du DIAB\u00c8TE de type 2. LE DIAB\u00c8TE condamne les patients \u00e0 des traitements chroniques avec de mauvais r\u00e9sultats avec des contr\u00f4les quotidiens du niveau de glyc\u00e9mie qui les asservissent, les rendant d\u00e9pendants. . LE DIAB\u00c8TE touche d&rsquo;autres organes du corps comme les yeux (r\u00e9tinopathie diab\u00e9tique et c\u00e9cit\u00e9), les reins (insuffisance r\u00e9nale), le syst\u00e8me nerveux (neuropathie diab\u00e9tique, impuissance), les vaisseaux sanguins notamment des mains et des pieds (ulc\u00e8res du pied pouvant n\u00e9cessiter amputation de membres), etc. Les diab\u00e9tiques vivent en moyenne 10 ans de moins.<\/strong><\/p>\n<p><strong>Les principales causes de mortalit\u00e9<\/strong> pr\u00e9matur\u00e9e sont principalement dues \u00e0 <strong>l&rsquo;hypertension et aux probl\u00e8mes cardiovasculaires<\/strong>, ainsi qu&rsquo;\u00e0 la mortalit\u00e9 par <strong>accident<\/strong> car ils sont moins alertes, ont moins de mobilit\u00e9 et sont plus vuln\u00e9rables aux dangers physiques.<br \/>L&rsquo;ob\u00e9sit\u00e9 est la cause de 10 % des d\u00e9c\u00e8s en Espagne et repr\u00e9sente 7 % des d\u00e9penses des services de sant\u00e9 espagnols.<\/p>\n<p>Actuellement, l\u2019ob\u00e9sit\u00e9 est consid\u00e9r\u00e9e comme une v\u00e9ritable \u00c9PID\u00c9MIE du 21e si\u00e8cle.<\/p>\n<p>[\/et_pb_text][\/et_pb_column][et_pb_column type=\u00a0\u00bb1_3&Prime; _builder_version=\u00a0\u00bb4.24.0&Prime; _module_preset=\u00a0\u00bbdefault\u00a0\u00bb global_colors_info=\u00a0\u00bb{}\u00a0\u00bb][et_pb_image src=\u00a0\u00bbhttps:\/\/www.solucionobesidad.com\/wp-content\/uploads\/2024\/03\/obesidad-1-1.webp\u00a0\u00bb title_text=\u00a0\u00bbobesidad-1-1&Prime; align=\u00a0\u00bbright\u00a0\u00bb _builder_version=\u00a0\u00bb4.24.0&Prime; _module_preset=\u00a0\u00bbdefault\u00a0\u00bb global_colors_info=\u00a0\u00bb{}\u00a0\u00bb][\/et_pb_image][\/et_pb_column][\/et_pb_row][\/et_pb_section]<\/p>\n","protected":false},"excerpt":{"rendered":"<p>Qu\u2019est-ce que l\u2019OB\u00c9SIT\u00c9 ? DIAB\u00c9SIT\u00c9<span class=\"breadcrumbs\"><p><a href=\"\/fr\">Accueil<\/a> \/ <a href=\"https:\/\/www.solucionobesidad.com\/fr\/quest-ce-que-lobesite-diabesite-fr\/\">Qu\u2019est-ce que l\u2019OB\u00c9SIT\u00c9 ? DIAB\u00c9SIT\u00c9<\/a><\/p><\/span>L&rsquo;OB\u00c9SIT\u00c9 est une MALADIE chronique multifactorielle qui se d\u00e9finit par l&rsquo;existence d&rsquo;un exc\u00e8s de graisse corporelle qui met l&rsquo;individu dans une situation de risque pour sa sant\u00e9. C\u2019est la forme de malnutrition la plus r\u00e9pandue dans le monde occidental. Le probl\u00e8me de l&rsquo;OB\u00c9SIT\u00c9 n&rsquo;est pas seulement un probl\u00e8me esth\u00e9tique, mais entra\u00eene [&hellip;]<\/p>\n","protected":false},"author":1,"featured_media":0,"parent":0,"menu_order":0,"comment_status":"closed","ping_status":"closed","template":"","meta":{"_acf_changed":false,"_et_pb_use_builder":"on","_et_pb_old_content":"","_et_gb_content_width":"","inline_featured_image":false,"footnotes":""},"class_list":["post-1106","page","type-page","status-publish","hentry"],"acf":[],"yoast_head":"<!-- This site is optimized with the Yoast SEO plugin v23.5 - https:\/\/yoast.com\/wordpress\/plugins\/seo\/ -->\n<title>Soluci\u00f3n Obesidad | Que es la obesidad - Hospital Quir\u00f3n Valencia<\/title>\n<meta name=\"description\" content=\"En Soluci\u00f3n Obesidad te explicamos que es la obesidad, las causas de la enfermedad y los mejores tratamientos para combatirla de la mano de los mejores profesionales, que te asesorar\u00e1n sobre la soluci\u00f3n \u00f3ptima para cada caso. Somos especialistas en tratamientos m\u00e9dicos, diet\u00e9ticos y quir\u00fargicos.\" \/>\n<meta name=\"robots\" content=\"index, follow, max-snippet:-1, max-image-preview:large, max-video-preview:-1\" \/>\n<link rel=\"canonical\" href=\"https:\/\/www.solucionobesidad.com\/que-es-la-obesidad-diabesidad\/\" \/>\n<meta property=\"og:locale\" content=\"fr_FR\" \/>\n<meta property=\"og:type\" content=\"article\" \/>\n<meta property=\"og:title\" content=\"Soluci\u00f3n Obesidad | Que es la obesidad - Hospital Quir\u00f3n Valencia\" \/>\n<meta property=\"og:description\" content=\"En Soluci\u00f3n Obesidad te explicamos que es la obesidad, las causas de la enfermedad y los mejores tratamientos para combatirla de la mano de los mejores profesionales, que te asesorar\u00e1n sobre la soluci\u00f3n \u00f3ptima para cada caso. Somos especialistas en tratamientos m\u00e9dicos, diet\u00e9ticos y quir\u00fargicos.\" \/>\n<meta property=\"og:url\" content=\"https:\/\/www.solucionobesidad.com\/que-es-la-obesidad-diabesidad\/\" \/>\n<meta property=\"og:site_name\" content=\"Soluci\u00f3n Obesidad\" \/>\n<meta property=\"article:modified_time\" content=\"2024-04-25T11:57:45+00:00\" \/>\n<meta name=\"twitter:card\" content=\"summary_large_image\" \/>\n<meta name=\"twitter:label1\" content=\"Dur\u00e9e de lecture estim\u00e9e\" \/>\n\t<meta name=\"twitter:data1\" content=\"3 minutes\" \/>\n<script type=\"application\/ld+json\" class=\"yoast-schema-graph\">{\"@context\":\"https:\/\/schema.org\",\"@graph\":[{\"@type\":\"WebPage\",\"@id\":\"https:\/\/www.solucionobesidad.com\/que-es-la-obesidad-diabesidad\/\",\"url\":\"https:\/\/www.solucionobesidad.com\/que-es-la-obesidad-diabesidad\/\",\"name\":\"Soluci\u00f3n Obesidad | Que es la obesidad - Hospital Quir\u00f3n Valencia\",\"isPartOf\":{\"@id\":\"https:\/\/www.solucionobesidad.com\/#website\"},\"datePublished\":\"2024-03-15T08:49:47+00:00\",\"dateModified\":\"2024-04-25T11:57:45+00:00\",\"description\":\"En Soluci\u00f3n Obesidad te explicamos que es la obesidad, las causas de la enfermedad y los mejores tratamientos para combatirla de la mano de los mejores profesionales, que te asesorar\u00e1n sobre la soluci\u00f3n \u00f3ptima para cada caso. Somos especialistas en tratamientos m\u00e9dicos, diet\u00e9ticos y quir\u00fargicos.\",\"breadcrumb\":{\"@id\":\"https:\/\/www.solucionobesidad.com\/que-es-la-obesidad-diabesidad\/#breadcrumb\"},\"inLanguage\":\"fr-FR\",\"potentialAction\":[{\"@type\":\"ReadAction\",\"target\":[\"https:\/\/www.solucionobesidad.com\/que-es-la-obesidad-diabesidad\/\"]}]},{\"@type\":\"BreadcrumbList\",\"@id\":\"https:\/\/www.solucionobesidad.com\/que-es-la-obesidad-diabesidad\/#breadcrumb\",\"itemListElement\":[{\"@type\":\"ListItem\",\"position\":1,\"name\":\"Home\",\"item\":\"https:\/\/www.solucionobesidad.com\/\"},{\"@type\":\"ListItem\",\"position\":2,\"name\":\"Qu\u2019est-ce que l\u2019OB\u00c9SIT\u00c9 ? DIAB\u00c9SIT\u00c9\"}]},{\"@type\":\"WebSite\",\"@id\":\"https:\/\/www.solucionobesidad.com\/#website\",\"url\":\"https:\/\/www.solucionobesidad.com\/\",\"name\":\"Soluci\u00f3n Obesidad\",\"description\":\"\",\"publisher\":{\"@id\":\"https:\/\/www.solucionobesidad.com\/#organization\"},\"potentialAction\":[{\"@type\":\"SearchAction\",\"target\":{\"@type\":\"EntryPoint\",\"urlTemplate\":\"https:\/\/www.solucionobesidad.com\/?s={search_term_string}\"},\"query-input\":{\"@type\":\"PropertyValueSpecification\",\"valueRequired\":true,\"valueName\":\"search_term_string\"}}],\"inLanguage\":\"fr-FR\"},{\"@type\":\"Organization\",\"@id\":\"https:\/\/www.solucionobesidad.com\/#organization\",\"name\":\"Soluci\u00f3n Obesidad\",\"url\":\"https:\/\/www.solucionobesidad.com\/\",\"logo\":{\"@type\":\"ImageObject\",\"inLanguage\":\"fr-FR\",\"@id\":\"https:\/\/www.solucionobesidad.com\/#\/schema\/logo\/image\/\",\"url\":\"https:\/\/www.solucionobesidad.com\/wp-content\/uploads\/2024\/04\/logo-obesity-center-carlos-sala.svg\",\"contentUrl\":\"https:\/\/www.solucionobesidad.com\/wp-content\/uploads\/2024\/04\/logo-obesity-center-carlos-sala.svg\",\"width\":\"1024\",\"height\":\"1024\",\"caption\":\"Soluci\u00f3n Obesidad\"},\"image\":{\"@id\":\"https:\/\/www.solucionobesidad.com\/#\/schema\/logo\/image\/\"}}]}<\/script>\n<!-- \/ Yoast SEO plugin. -->","yoast_head_json":{"title":"Soluci\u00f3n Obesidad | Que es la obesidad - Hospital Quir\u00f3n Valencia","description":"En Soluci\u00f3n Obesidad te explicamos que es la obesidad, las causas de la enfermedad y los mejores tratamientos para combatirla de la mano de los mejores profesionales, que te asesorar\u00e1n sobre la soluci\u00f3n \u00f3ptima para cada caso. Somos especialistas en tratamientos m\u00e9dicos, diet\u00e9ticos y quir\u00fargicos.","robots":{"index":"index","follow":"follow","max-snippet":"max-snippet:-1","max-image-preview":"max-image-preview:large","max-video-preview":"max-video-preview:-1"},"canonical":"https:\/\/www.solucionobesidad.com\/que-es-la-obesidad-diabesidad\/","og_locale":"fr_FR","og_type":"article","og_title":"Soluci\u00f3n Obesidad | Que es la obesidad - Hospital Quir\u00f3n Valencia","og_description":"En Soluci\u00f3n Obesidad te explicamos que es la obesidad, las causas de la enfermedad y los mejores tratamientos para combatirla de la mano de los mejores profesionales, que te asesorar\u00e1n sobre la soluci\u00f3n \u00f3ptima para cada caso. Somos especialistas en tratamientos m\u00e9dicos, diet\u00e9ticos y quir\u00fargicos.","og_url":"https:\/\/www.solucionobesidad.com\/que-es-la-obesidad-diabesidad\/","og_site_name":"Soluci\u00f3n Obesidad","article_modified_time":"2024-04-25T11:57:45+00:00","twitter_card":"summary_large_image","twitter_misc":{"Dur\u00e9e de lecture estim\u00e9e":"3 minutes"},"schema":{"@context":"https:\/\/schema.org","@graph":[{"@type":"WebPage","@id":"https:\/\/www.solucionobesidad.com\/que-es-la-obesidad-diabesidad\/","url":"https:\/\/www.solucionobesidad.com\/que-es-la-obesidad-diabesidad\/","name":"Soluci\u00f3n Obesidad | Que es la obesidad - Hospital Quir\u00f3n Valencia","isPartOf":{"@id":"https:\/\/www.solucionobesidad.com\/#website"},"datePublished":"2024-03-15T08:49:47+00:00","dateModified":"2024-04-25T11:57:45+00:00","description":"En Soluci\u00f3n Obesidad te explicamos que es la obesidad, las causas de la enfermedad y los mejores tratamientos para combatirla de la mano de los mejores profesionales, que te asesorar\u00e1n sobre la soluci\u00f3n \u00f3ptima para cada caso. Somos especialistas en tratamientos m\u00e9dicos, diet\u00e9ticos y quir\u00fargicos.","breadcrumb":{"@id":"https:\/\/www.solucionobesidad.com\/que-es-la-obesidad-diabesidad\/#breadcrumb"},"inLanguage":"fr-FR","potentialAction":[{"@type":"ReadAction","target":["https:\/\/www.solucionobesidad.com\/que-es-la-obesidad-diabesidad\/"]}]},{"@type":"BreadcrumbList","@id":"https:\/\/www.solucionobesidad.com\/que-es-la-obesidad-diabesidad\/#breadcrumb","itemListElement":[{"@type":"ListItem","position":1,"name":"Home","item":"https:\/\/www.solucionobesidad.com\/"},{"@type":"ListItem","position":2,"name":"Qu\u2019est-ce que l\u2019OB\u00c9SIT\u00c9 ? DIAB\u00c9SIT\u00c9"}]},{"@type":"WebSite","@id":"https:\/\/www.solucionobesidad.com\/#website","url":"https:\/\/www.solucionobesidad.com\/","name":"Soluci\u00f3n Obesidad","description":"","publisher":{"@id":"https:\/\/www.solucionobesidad.com\/#organization"},"potentialAction":[{"@type":"SearchAction","target":{"@type":"EntryPoint","urlTemplate":"https:\/\/www.solucionobesidad.com\/?s={search_term_string}"},"query-input":{"@type":"PropertyValueSpecification","valueRequired":true,"valueName":"search_term_string"}}],"inLanguage":"fr-FR"},{"@type":"Organization","@id":"https:\/\/www.solucionobesidad.com\/#organization","name":"Soluci\u00f3n Obesidad","url":"https:\/\/www.solucionobesidad.com\/","logo":{"@type":"ImageObject","inLanguage":"fr-FR","@id":"https:\/\/www.solucionobesidad.com\/#\/schema\/logo\/image\/","url":"https:\/\/www.solucionobesidad.com\/wp-content\/uploads\/2024\/04\/logo-obesity-center-carlos-sala.svg","contentUrl":"https:\/\/www.solucionobesidad.com\/wp-content\/uploads\/2024\/04\/logo-obesity-center-carlos-sala.svg","width":"1024","height":"1024","caption":"Soluci\u00f3n Obesidad"},"image":{"@id":"https:\/\/www.solucionobesidad.com\/#\/schema\/logo\/image\/"}}]}},"_links":{"self":[{"href":"https:\/\/www.solucionobesidad.com\/fr\/wp-json\/wp\/v2\/pages\/1106","targetHints":{"allow":["GET"]}}],"collection":[{"href":"https:\/\/www.solucionobesidad.com\/fr\/wp-json\/wp\/v2\/pages"}],"about":[{"href":"https:\/\/www.solucionobesidad.com\/fr\/wp-json\/wp\/v2\/types\/page"}],"author":[{"embeddable":true,"href":"https:\/\/www.solucionobesidad.com\/fr\/wp-json\/wp\/v2\/users\/1"}],"replies":[{"embeddable":true,"href":"https:\/\/www.solucionobesidad.com\/fr\/wp-json\/wp\/v2\/comments?post=1106"}],"version-history":[{"count":0,"href":"https:\/\/www.solucionobesidad.com\/fr\/wp-json\/wp\/v2\/pages\/1106\/revisions"}],"wp:attachment":[{"href":"https:\/\/www.solucionobesidad.com\/fr\/wp-json\/wp\/v2\/media?parent=1106"}],"curies":[{"name":"wp","href":"https:\/\/api.w.org\/{rel}","templated":true}]}}