{"id":983,"date":"2024-03-15T09:53:13","date_gmt":"2024-03-15T08:53:13","guid":{"rendered":"https:\/\/www.solucionobesidad.com\/globesity-the-xxi-century-epidemic-en\/"},"modified":"2024-04-25T13:58:39","modified_gmt":"2024-04-25T11:58:39","slug":"globesity-the-xxi-century-epidemic","status":"publish","type":"page","link":"https:\/\/www.solucionobesidad.com\/en\/globesity-the-xxi-century-epidemic\/","title":{"rendered":"Globesity \u2013 The XXI century epidemic"},"content":{"rendered":"<p>[et_pb_section fb_built=&#8221;1&#8243; _builder_version=&#8221;4.24.0&#8243; _module_preset=&#8221;default&#8221; background_color=&#8221;#5A8D7D&#8221; custom_padding=&#8221;0px||0px||true|false&#8221; global_colors_info=&#8221;{}&#8221;][et_pb_row _builder_version=&#8221;4.24.2&#8243; _module_preset=&#8221;default&#8221; custom_padding=&#8221;5em||0em||false|false&#8221; hover_enabled=&#8221;0&#8243; global_colors_info=&#8221;{}&#8221; width=&#8221;90%&#8221; sticky_enabled=&#8221;0&#8243;][et_pb_column type=&#8221;4_4&#8243; _builder_version=&#8221;4.24.0&#8243; _module_preset=&#8221;default&#8221; global_colors_info=&#8221;{}&#8221;][et_pb_text _builder_version=&#8221;4.24.2&#8243; _module_preset=&#8221;default&#8221; header_font=&#8221;Montserrat|700||on|||||&#8221; header_text_color=&#8221;#FFFFFF&#8221; header_font_size=&#8221;50px&#8221; custom_margin=&#8221;||2em||false|false&#8221; custom_padding=&#8221;0px||0px||true|false&#8221; global_colors_info=&#8221;{}&#8221;]<\/p>\n<h1 class=\"page-title\">GLOBESITY \u2013 THE XXI CENTURY EPIDEMIC.<\/h1>\n<p>[\/et_pb_text][et_pb_code _builder_version=&#8221;4.24.2&#8243; _module_preset=&#8221;default&#8221; background_color=&#8221;rgba(0,0,0,0.6)&#8221; positioning=&#8221;relative&#8221; position_origin_a=&#8221;bottom_left&#8221; text_orientation=&#8221;left&#8221; width=&#8221;100%&#8221; custom_padding=&#8221;0.5em|1em|0.5em|1em|true|true&#8221; custom_css_main_element=&#8221;max-width:fit-content;||&#8221; custom_css_free_form=&#8221;selector p,||selector a{||  color:white !important;||  font-size:14px;||}&#8221; locked=&#8221;off&#8221; global_colors_info=&#8221;{}&#8221;]<pee><span class=\"breadcrumbs\"><p><a href=\"\/en\">Home<\/a> \/ <a href=\"https:\/\/www.solucionobesidad.com\/en\/globesity-the-xxi-century-epidemic\/\">Globesity \u2013 The XXI century epidemic<\/a><\/p><\/span><\/pee>[\/et_pb_code][\/et_pb_column][\/et_pb_row][\/et_pb_section][et_pb_section fb_built=&#8221;1&#8243; _builder_version=&#8221;4.24.0&#8243; _module_preset=&#8221;default&#8221; global_colors_info=&#8221;{}&#8221;][et_pb_row column_structure=&#8221;2_3,1_3&#8243; _builder_version=&#8221;4.24.2&#8243; _module_preset=&#8221;default&#8221; hover_enabled=&#8221;0&#8243; global_colors_info=&#8221;{}&#8221; width=&#8221;90%&#8221; sticky_enabled=&#8221;0&#8243;][et_pb_column type=&#8221;2_3&#8243; _builder_version=&#8221;4.24.0&#8243; _module_preset=&#8221;default&#8221; global_colors_info=&#8221;{}&#8221;][et_pb_text _builder_version=&#8221;4.24.2&#8243; _module_preset=&#8221;default&#8221; text_font=&#8221;|300|||||||&#8221; header_font=&#8221;Montserrat|700||on|||||&#8221; header_text_color=&#8221;#FFFFFF&#8221; header_font_size=&#8221;50px&#8221; header_2_font=&#8221;Montserrat|700||on|||||&#8221; header_2_text_color=&#8221;#000000&#8243; header_2_font_size=&#8221;30px&#8221; custom_margin=&#8221;||0px||false|false&#8221; custom_padding=&#8221;0px||0px||true|false&#8221; global_colors_info=&#8221;{}&#8221;]<\/p>\n<p>Since 1998, the\u00a0<strong>World Health Organization estimates that obesity is a global epidemic<\/strong>, with high prevalence in the First World countries and alarming increase in developing ones, where malnutrition and obesity coexist.<\/p>\n<p>OBESITY in the world has doubled in less than 10 years.<\/p>\n<p>According to the European Regional Office of WHO, there is an unprecedented increase of obesity across Europe, with catastrophic predictions for 2,030. It is estimated that 60% of women and 70% of men will suffer overweight, and a third of the total population in Europe will be OBESE.<\/p>\n<p>In SPAIN it is estimated that 80% of men and nearly 60% of women will be overweight and 36 and 21%, respectively, will be obese. In some countries like Ireland, predictions are even worse, with an estimated prevalence of 90% overweight and 50% obese.<br \/>As for DIABETES, it is estimated that there are 400 million diabetic patients worldwide, of which 90% are type 2 \u2013 associated with obesity.<\/p>\n<p>The\u00a0\u00a0 costs of OVERWEIGHT in UK have been valued in 6.5 billion \u00a3 per year, but it is expected to increase up to 10 billion \u00a3 in 2,025 (almost 12 billion \u20ac). The estimated cost of DIABETES in UK in 2.015 was 2.2 billion, but it will be nearly 4 billion \u00a3 per year in 2.025.<\/p>\n<p>Both\u00a0<strong>GLOBESITY<\/strong>\u00a0and\u00a0<strong>DIABESITY<\/strong>\u00a0(Diabetes + Obesity) are the\u00a0<strong>Epidemic of the XXI Century<\/strong>, with incalculable economic, social and health costs.<\/p>\n<p>[\/et_pb_text][\/et_pb_column][et_pb_column type=&#8221;1_3&#8243; _builder_version=&#8221;4.24.0&#8243; _module_preset=&#8221;default&#8221; global_colors_info=&#8221;{}&#8221;][et_pb_image src=&#8221;https:\/\/www.solucionobesidad.com\/wp-content\/uploads\/2024\/03\/obesidad-1-1.webp&#8221; title_text=&#8221;obesidad-1-1&#8243; align=&#8221;right&#8221; _builder_version=&#8221;4.24.0&#8243; _module_preset=&#8221;default&#8221; global_colors_info=&#8221;{}&#8221;][\/et_pb_image][\/et_pb_column][\/et_pb_row][\/et_pb_section]<\/p>\n","protected":false},"excerpt":{"rendered":"<p>GLOBESITY \u2013 THE XXI CENTURY EPIDEMIC.<span class=\"breadcrumbs\"><p><a href=\"\/en\">Home<\/a> \/ <a href=\"https:\/\/www.solucionobesidad.com\/en\/globesity-the-xxi-century-epidemic\/\">Globesity \u2013 The XXI century epidemic<\/a><\/p><\/span>Since 1998, the\u00a0World Health Organization estimates that obesity is a global epidemic, with high prevalence in the First World countries and alarming increase in developing ones, where malnutrition and obesity coexist. OBESITY in the world has doubled in less than 10 years. According to the European Regional Office of WHO, [&hellip;]<\/p>\n","protected":false},"author":1,"featured_media":0,"parent":0,"menu_order":0,"comment_status":"closed","ping_status":"closed","template":"","meta":{"_acf_changed":false,"_et_pb_use_builder":"on","_et_pb_old_content":"","_et_gb_content_width":"","inline_featured_image":false,"footnotes":""},"class_list":["post-983","page","type-page","status-publish","hentry"],"acf":[],"yoast_head":"<!-- This site is optimized with the Yoast SEO plugin v23.5 - https:\/\/yoast.com\/wordpress\/plugins\/seo\/ -->\n<title>Soluci\u00f3n Obesidad | Causas de la obesidad - Dr. Carlos Sala<\/title>\n<meta name=\"description\" content=\"\u00bfQuieres conocer las causas de la obesidad? En Soluci\u00f3n Obesidad te explicamos que es la obesidad y las t\u00e9cnicas para tratar la enfermedad, que se ha convertido en una epidemia del siglo XXI. Contacta con nosotros e inf\u00f3rmate sobre los diferentes tratamientos con especialistas del Hospital Quir\u00f3n.\" \/>\n<meta name=\"robots\" content=\"index, follow, max-snippet:-1, max-image-preview:large, max-video-preview:-1\" \/>\n<link rel=\"canonical\" href=\"https:\/\/www.solucionobesidad.com\/globesidad-epidemia-del-siglo-xxi\/\" \/>\n<meta property=\"og:locale\" content=\"en_US\" \/>\n<meta property=\"og:type\" content=\"article\" \/>\n<meta property=\"og:title\" content=\"Soluci\u00f3n Obesidad | Causas de la obesidad - Dr. Carlos Sala\" \/>\n<meta property=\"og:description\" content=\"\u00bfQuieres conocer las causas de la obesidad? En Soluci\u00f3n Obesidad te explicamos que es la obesidad y las t\u00e9cnicas para tratar la enfermedad, que se ha convertido en una epidemia del siglo XXI. Contacta con nosotros e inf\u00f3rmate sobre los diferentes tratamientos con especialistas del Hospital Quir\u00f3n.\" \/>\n<meta property=\"og:url\" content=\"https:\/\/www.solucionobesidad.com\/globesidad-epidemia-del-siglo-xxi\/\" \/>\n<meta property=\"og:site_name\" content=\"Soluci\u00f3n Obesidad\" \/>\n<meta property=\"article:modified_time\" content=\"2024-04-25T11:58:39+00:00\" \/>\n<meta name=\"twitter:card\" content=\"summary_large_image\" \/>\n<meta name=\"twitter:label1\" content=\"Est. reading time\" \/>\n\t<meta name=\"twitter:data1\" content=\"3 minutes\" \/>\n<script type=\"application\/ld+json\" class=\"yoast-schema-graph\">{\"@context\":\"https:\/\/schema.org\",\"@graph\":[{\"@type\":\"WebPage\",\"@id\":\"https:\/\/www.solucionobesidad.com\/globesidad-epidemia-del-siglo-xxi\/\",\"url\":\"https:\/\/www.solucionobesidad.com\/globesidad-epidemia-del-siglo-xxi\/\",\"name\":\"Soluci\u00f3n Obesidad | Causas de la obesidad - Dr. Carlos Sala\",\"isPartOf\":{\"@id\":\"https:\/\/www.solucionobesidad.com\/#website\"},\"datePublished\":\"2024-03-15T08:53:13+00:00\",\"dateModified\":\"2024-04-25T11:58:39+00:00\",\"description\":\"\u00bfQuieres conocer las causas de la obesidad? En Soluci\u00f3n Obesidad te explicamos que es la obesidad y las t\u00e9cnicas para tratar la enfermedad, que se ha convertido en una epidemia del siglo XXI. Contacta con nosotros e inf\u00f3rmate sobre los diferentes tratamientos con especialistas del Hospital Quir\u00f3n.\",\"breadcrumb\":{\"@id\":\"https:\/\/www.solucionobesidad.com\/globesidad-epidemia-del-siglo-xxi\/#breadcrumb\"},\"inLanguage\":\"en-US\",\"potentialAction\":[{\"@type\":\"ReadAction\",\"target\":[\"https:\/\/www.solucionobesidad.com\/globesidad-epidemia-del-siglo-xxi\/\"]}]},{\"@type\":\"BreadcrumbList\",\"@id\":\"https:\/\/www.solucionobesidad.com\/globesidad-epidemia-del-siglo-xxi\/#breadcrumb\",\"itemListElement\":[{\"@type\":\"ListItem\",\"position\":1,\"name\":\"Home\",\"item\":\"https:\/\/www.solucionobesidad.com\/\"},{\"@type\":\"ListItem\",\"position\":2,\"name\":\"Globesity \u2013 The XXI century epidemic\"}]},{\"@type\":\"WebSite\",\"@id\":\"https:\/\/www.solucionobesidad.com\/#website\",\"url\":\"https:\/\/www.solucionobesidad.com\/\",\"name\":\"Soluci\u00f3n Obesidad\",\"description\":\"\",\"publisher\":{\"@id\":\"https:\/\/www.solucionobesidad.com\/#organization\"},\"potentialAction\":[{\"@type\":\"SearchAction\",\"target\":{\"@type\":\"EntryPoint\",\"urlTemplate\":\"https:\/\/www.solucionobesidad.com\/?s={search_term_string}\"},\"query-input\":{\"@type\":\"PropertyValueSpecification\",\"valueRequired\":true,\"valueName\":\"search_term_string\"}}],\"inLanguage\":\"en-US\"},{\"@type\":\"Organization\",\"@id\":\"https:\/\/www.solucionobesidad.com\/#organization\",\"name\":\"Soluci\u00f3n Obesidad\",\"url\":\"https:\/\/www.solucionobesidad.com\/\",\"logo\":{\"@type\":\"ImageObject\",\"inLanguage\":\"en-US\",\"@id\":\"https:\/\/www.solucionobesidad.com\/#\/schema\/logo\/image\/\",\"url\":\"https:\/\/www.solucionobesidad.com\/wp-content\/uploads\/2024\/04\/logo-obesity-center-carlos-sala.svg\",\"contentUrl\":\"https:\/\/www.solucionobesidad.com\/wp-content\/uploads\/2024\/04\/logo-obesity-center-carlos-sala.svg\",\"width\":\"1024\",\"height\":\"1024\",\"caption\":\"Soluci\u00f3n Obesidad\"},\"image\":{\"@id\":\"https:\/\/www.solucionobesidad.com\/#\/schema\/logo\/image\/\"}}]}<\/script>\n<!-- \/ Yoast SEO plugin. -->","yoast_head_json":{"title":"Soluci\u00f3n Obesidad | Causas de la obesidad - Dr. Carlos Sala","description":"\u00bfQuieres conocer las causas de la obesidad? En Soluci\u00f3n Obesidad te explicamos que es la obesidad y las t\u00e9cnicas para tratar la enfermedad, que se ha convertido en una epidemia del siglo XXI. Contacta con nosotros e inf\u00f3rmate sobre los diferentes tratamientos con especialistas del Hospital Quir\u00f3n.","robots":{"index":"index","follow":"follow","max-snippet":"max-snippet:-1","max-image-preview":"max-image-preview:large","max-video-preview":"max-video-preview:-1"},"canonical":"https:\/\/www.solucionobesidad.com\/globesidad-epidemia-del-siglo-xxi\/","og_locale":"en_US","og_type":"article","og_title":"Soluci\u00f3n Obesidad | Causas de la obesidad - Dr. Carlos Sala","og_description":"\u00bfQuieres conocer las causas de la obesidad? En Soluci\u00f3n Obesidad te explicamos que es la obesidad y las t\u00e9cnicas para tratar la enfermedad, que se ha convertido en una epidemia del siglo XXI. Contacta con nosotros e inf\u00f3rmate sobre los diferentes tratamientos con especialistas del Hospital Quir\u00f3n.","og_url":"https:\/\/www.solucionobesidad.com\/globesidad-epidemia-del-siglo-xxi\/","og_site_name":"Soluci\u00f3n Obesidad","article_modified_time":"2024-04-25T11:58:39+00:00","twitter_card":"summary_large_image","twitter_misc":{"Est. reading time":"3 minutes"},"schema":{"@context":"https:\/\/schema.org","@graph":[{"@type":"WebPage","@id":"https:\/\/www.solucionobesidad.com\/globesidad-epidemia-del-siglo-xxi\/","url":"https:\/\/www.solucionobesidad.com\/globesidad-epidemia-del-siglo-xxi\/","name":"Soluci\u00f3n Obesidad | Causas de la obesidad - Dr. Carlos Sala","isPartOf":{"@id":"https:\/\/www.solucionobesidad.com\/#website"},"datePublished":"2024-03-15T08:53:13+00:00","dateModified":"2024-04-25T11:58:39+00:00","description":"\u00bfQuieres conocer las causas de la obesidad? En Soluci\u00f3n Obesidad te explicamos que es la obesidad y las t\u00e9cnicas para tratar la enfermedad, que se ha convertido en una epidemia del siglo XXI. Contacta con nosotros e inf\u00f3rmate sobre los diferentes tratamientos con especialistas del Hospital Quir\u00f3n.","breadcrumb":{"@id":"https:\/\/www.solucionobesidad.com\/globesidad-epidemia-del-siglo-xxi\/#breadcrumb"},"inLanguage":"en-US","potentialAction":[{"@type":"ReadAction","target":["https:\/\/www.solucionobesidad.com\/globesidad-epidemia-del-siglo-xxi\/"]}]},{"@type":"BreadcrumbList","@id":"https:\/\/www.solucionobesidad.com\/globesidad-epidemia-del-siglo-xxi\/#breadcrumb","itemListElement":[{"@type":"ListItem","position":1,"name":"Home","item":"https:\/\/www.solucionobesidad.com\/"},{"@type":"ListItem","position":2,"name":"Globesity \u2013 The XXI century epidemic"}]},{"@type":"WebSite","@id":"https:\/\/www.solucionobesidad.com\/#website","url":"https:\/\/www.solucionobesidad.com\/","name":"Soluci\u00f3n Obesidad","description":"","publisher":{"@id":"https:\/\/www.solucionobesidad.com\/#organization"},"potentialAction":[{"@type":"SearchAction","target":{"@type":"EntryPoint","urlTemplate":"https:\/\/www.solucionobesidad.com\/?s={search_term_string}"},"query-input":{"@type":"PropertyValueSpecification","valueRequired":true,"valueName":"search_term_string"}}],"inLanguage":"en-US"},{"@type":"Organization","@id":"https:\/\/www.solucionobesidad.com\/#organization","name":"Soluci\u00f3n Obesidad","url":"https:\/\/www.solucionobesidad.com\/","logo":{"@type":"ImageObject","inLanguage":"en-US","@id":"https:\/\/www.solucionobesidad.com\/#\/schema\/logo\/image\/","url":"https:\/\/www.solucionobesidad.com\/wp-content\/uploads\/2024\/04\/logo-obesity-center-carlos-sala.svg","contentUrl":"https:\/\/www.solucionobesidad.com\/wp-content\/uploads\/2024\/04\/logo-obesity-center-carlos-sala.svg","width":"1024","height":"1024","caption":"Soluci\u00f3n Obesidad"},"image":{"@id":"https:\/\/www.solucionobesidad.com\/#\/schema\/logo\/image\/"}}]}},"_links":{"self":[{"href":"https:\/\/www.solucionobesidad.com\/en\/wp-json\/wp\/v2\/pages\/983","targetHints":{"allow":["GET"]}}],"collection":[{"href":"https:\/\/www.solucionobesidad.com\/en\/wp-json\/wp\/v2\/pages"}],"about":[{"href":"https:\/\/www.solucionobesidad.com\/en\/wp-json\/wp\/v2\/types\/page"}],"author":[{"embeddable":true,"href":"https:\/\/www.solucionobesidad.com\/en\/wp-json\/wp\/v2\/users\/1"}],"replies":[{"embeddable":true,"href":"https:\/\/www.solucionobesidad.com\/en\/wp-json\/wp\/v2\/comments?post=983"}],"version-history":[{"count":0,"href":"https:\/\/www.solucionobesidad.com\/en\/wp-json\/wp\/v2\/pages\/983\/revisions"}],"wp:attachment":[{"href":"https:\/\/www.solucionobesidad.com\/en\/wp-json\/wp\/v2\/media?parent=983"}],"curies":[{"name":"wp","href":"https:\/\/api.w.org\/{rel}","templated":true}]}}