{"id":1069,"date":"2024-03-19T11:53:58","date_gmt":"2024-03-19T10:53:58","guid":{"rendered":"https:\/\/www.solucionobesidad.com\/medical-team-en\/"},"modified":"2024-04-30T15:33:46","modified_gmt":"2024-04-30T13:33:46","slug":"medical-team-en","status":"publish","type":"page","link":"https:\/\/www.solucionobesidad.com\/en\/medical-team-en\/","title":{"rendered":"Medical team"},"content":{"rendered":"<p>[et_pb_section fb_built=&#8221;1&#8243; _builder_version=&#8221;4.24.0&#8243; _module_preset=&#8221;default&#8221; background_color=&#8221;#5A8D7D&#8221; custom_padding=&#8221;0px||0px||true|false&#8221; global_colors_info=&#8221;{}&#8221;][et_pb_row _builder_version=&#8221;4.24.2&#8243; _module_preset=&#8221;default&#8221; width=&#8221;90%&#8221; custom_padding=&#8221;5em||0em||false|false&#8221; global_colors_info=&#8221;{}&#8221;][et_pb_column type=&#8221;4_4&#8243; _builder_version=&#8221;4.24.0&#8243; _module_preset=&#8221;default&#8221; global_colors_info=&#8221;{}&#8221;][et_pb_text _builder_version=&#8221;4.24.2&#8243; _module_preset=&#8221;default&#8221; header_font=&#8221;Montserrat|700||on|||||&#8221; header_text_color=&#8221;#FFFFFF&#8221; header_font_size=&#8221;50px&#8221; custom_margin=&#8221;||2em||false|false&#8221; custom_padding=&#8221;0px||0px||true|false&#8221; global_colors_info=&#8221;{}&#8221;]<\/p>\n<h1 class=\"page-title\">MEDICAL TEAM<\/h1>\n<p>[\/et_pb_text][et_pb_code _builder_version=&#8221;4.24.2&#8243; _module_preset=&#8221;default&#8221; background_color=&#8221;rgba(0,0,0,0.6)&#8221; positioning=&#8221;relative&#8221; position_origin_a=&#8221;bottom_left&#8221; text_orientation=&#8221;left&#8221; width=&#8221;100%&#8221; custom_padding=&#8221;0.5em|1em|0.5em|1em|true|true&#8221; custom_css_main_element=&#8221;max-width:fit-content;||&#8221; custom_css_free_form=&#8221;selector p,||selector a{||  color:white !important;||  font-size:14px;||}&#8221; locked=&#8221;off&#8221; global_colors_info=&#8221;{}&#8221;]<pee><span class=\"breadcrumbs\"><p><a href=\"\/en\">Home<\/a> \/ <a href=\"https:\/\/www.solucionobesidad.com\/en\/medical-team-en\/\">Medical team<\/a><\/p><\/span><\/pee>[\/et_pb_code][\/et_pb_column][\/et_pb_row][\/et_pb_section][et_pb_section fb_built=&#8221;1&#8243; _builder_version=&#8221;4.24.2&#8243; _module_preset=&#8221;default&#8221; global_colors_info=&#8221;{}&#8221;][et_pb_row column_structure=&#8221;1_2,1_2&#8243; _builder_version=&#8221;4.24.2&#8243; _module_preset=&#8221;default&#8221; width=&#8221;90%&#8221; global_colors_info=&#8221;{}&#8221;][et_pb_column type=&#8221;1_2&#8243; _builder_version=&#8221;4.24.2&#8243; _module_preset=&#8221;default&#8221; global_colors_info=&#8221;{}&#8221;][et_pb_text _builder_version=&#8221;4.24.2&#8243; _module_preset=&#8221;default&#8221; text_font=&#8221;|300|||||||&#8221; hover_enabled=&#8221;0&#8243; global_colors_info=&#8221;{}&#8221; sticky_enabled=&#8221;0&#8243;]<\/p>\n<h3><b>Medical and professional team QUIRONSALUD OBESITY AND NUTRITION UNIT Valencia and Alicante<\/b><\/h3>\n<table>\n<tbody>\n<tr>\n<td>\n<ul>\n<li><b> Dr. Carlos Sala, <\/b>General and Digestive System Surgeon. Bariatric and EndocrineMetabolic Surgeon. Head of the Obesity and Nutrition Units of Valencia and Alicante<\/li>\n<li><b> Dr. Elena Mu\u00f1oz, <\/b>General and Digestive System Surgeon<\/li>\n<li><b> Drs. Jes\u00fas Burguera and Gracia Barber <\/b>Anesthesiologists<\/li>\n<li><b> Intensive Care Unit of the Quir\u00f3n <\/b>Reanimaci\u00f3n Hospital-ICU<\/li>\n<li><b> Ldas. M.Jos\u00e9 Ponz and Esperanza Marco, <\/b>Instrumental Nurses<\/li>\n<li><b> Lda. Rocio Praxedes <\/b>Dietitian-Nutritionist Valencia<\/li>\n<li><b> MariCarmen D\u00edaz, <\/b>Nutritionist Dietitians Alicante<\/li>\n<li><b> Dr. Jorge Cid <\/b>Endocrinology and Clinical Nutrition Alicante<\/li>\n<li><b> Dr Gilelle Giron,<\/b> Endocrinology and Clinical Nutrition Valencia<\/li>\n<li><b> Lda. Marta Roig, C<\/b>linical Psychology Unit of the Quir\u00f3nsalud Valencia Hospital<\/li>\n<li><b> Lda. Nuria Javaloyas, <\/b>Clinical Psychology Unit of the Quir\u00f3nsalud Alicante Hospital<\/li>\n<li><b> Drs. Marta Ponce <\/b>Valencia Digestive Endoscopy Unit<\/li>\n<li><b> Dr. Juan Antonio Casellas, <\/b>Alicante Digestive Endoscopy Unit<\/li>\n<li><b> Dr. Gonzalo Pin. <\/b>Head of the Pediatrics Unit. Valencia<\/li>\n<li><b> Dr. Mois\u00e9s Diago, <\/b>Hepatology and Digestive Medicine. Valencia<\/li>\n<li><b> Echo, CT and MRI: Radiology Service Hospital Quir\u00f3nsalud Valencia <\/b>(Dr. Mart\u00ed Bonmat\u00ed)<b> and Alicante<\/b><\/li>\n<li><b> Plastic Surgery Unit Hospital Quironsalud Valencia <\/b>(IMRicart)<b> and Alicante <\/b>(Dr. Jos\u00e9 Salvador)<\/li>\n<li><b> Lda. Pilar Gonz\u00e1lez, <\/b>Case Management and Patient Care. Valencia<\/li>\n<li>Private Patient Care. Alicante<\/li>\n<li><b> Nacho M\u00e1rquez. <\/b>Valencia Physical Preparation Service.<\/li>\n<li><b> Laura V\u00e1zquez. <\/b>Territorial Marketing Director<\/li>\n<li><b> Rosa Ruiz. <\/b>Communication Director.<\/li>\n<li><b> Bel\u00e9n Campos. <\/b>Valencia Communication Manager.<\/li>\n<\/ul>\n<\/td>\n<td>\u00a0<\/td>\n<\/tr>\n<\/tbody>\n<\/table>\n<p>[\/et_pb_text][\/et_pb_column][et_pb_column type=&#8221;1_2&#8243; _builder_version=&#8221;4.24.2&#8243; _module_preset=&#8221;default&#8221; global_colors_info=&#8221;{}&#8221;][et_pb_image src=&#8221;https:\/\/www.solucionobesidad.com\/wp-content\/uploads\/2024\/03\/clinica-obesidad.webp&#8221; title_text=&#8221;clinica-obesidad&#8221; _builder_version=&#8221;4.24.2&#8243; _module_preset=&#8221;default&#8221; global_colors_info=&#8221;{}&#8221;][\/et_pb_image][\/et_pb_column][\/et_pb_row][\/et_pb_section]<\/p>\n","protected":false},"excerpt":{"rendered":"<p>MEDICAL TEAM<span class=\"breadcrumbs\"><p><a href=\"\/en\">Home<\/a> \/ <a href=\"https:\/\/www.solucionobesidad.com\/en\/medical-team-en\/\">Medical team<\/a><\/p><\/span>Medical and professional team QUIRONSALUD OBESITY AND NUTRITION UNIT Valencia and Alicante Dr. Carlos Sala, General and Digestive System Surgeon. Bariatric and EndocrineMetabolic Surgeon. Head of the Obesity and Nutrition Units of Valencia and Alicante Dr. Elena Mu\u00f1oz, General and Digestive System Surgeon Drs. Jes\u00fas Burguera and Gracia Barber Anesthesiologists Intensive Care Unit of [&hellip;]<\/p>\n","protected":false},"author":1,"featured_media":0,"parent":0,"menu_order":0,"comment_status":"closed","ping_status":"closed","template":"","meta":{"_acf_changed":false,"_et_pb_use_builder":"on","_et_pb_old_content":"","_et_gb_content_width":"","inline_featured_image":false,"footnotes":""},"class_list":["post-1069","page","type-page","status-publish","hentry"],"acf":[],"yoast_head":"<!-- This site is optimized with the Yoast SEO plugin v23.5 - https:\/\/yoast.com\/wordpress\/plugins\/seo\/ -->\n<title>Soluci\u00f3n Obesidad | M\u00e9dicos obesidad - Hospital Quir\u00f3nsalud Valencia<\/title>\n<meta name=\"description\" content=\"Los m\u00e9dicos obesidad m\u00e1s prestigiosos te ofrecen en Soluci\u00f3n Obesidad la informaci\u00f3n m\u00e1s completa sobre la enfermedad. Te explicamos las causas del sobrepeso, las dolencias que puede provocar, las \u00faltimos tratamientos y cirug\u00edas para combatirla y consejos para llevar una vida saludable.\" \/>\n<meta name=\"robots\" content=\"index, follow, max-snippet:-1, max-image-preview:large, max-video-preview:-1\" \/>\n<link rel=\"canonical\" href=\"https:\/\/www.solucionobesidad.com\/equipo-medico\/\" \/>\n<meta property=\"og:locale\" content=\"en_US\" \/>\n<meta property=\"og:type\" content=\"article\" \/>\n<meta property=\"og:title\" content=\"Soluci\u00f3n Obesidad | M\u00e9dicos obesidad - Hospital Quir\u00f3nsalud Valencia\" \/>\n<meta property=\"og:description\" content=\"Los m\u00e9dicos obesidad m\u00e1s prestigiosos te ofrecen en Soluci\u00f3n Obesidad la informaci\u00f3n m\u00e1s completa sobre la enfermedad. Te explicamos las causas del sobrepeso, las dolencias que puede provocar, las \u00faltimos tratamientos y cirug\u00edas para combatirla y consejos para llevar una vida saludable.\" \/>\n<meta property=\"og:url\" content=\"https:\/\/www.solucionobesidad.com\/equipo-medico\/\" \/>\n<meta property=\"og:site_name\" content=\"Soluci\u00f3n Obesidad\" \/>\n<meta property=\"article:modified_time\" content=\"2024-04-30T13:33:46+00:00\" \/>\n<meta name=\"twitter:card\" content=\"summary_large_image\" \/>\n<meta name=\"twitter:label1\" content=\"Est. reading time\" \/>\n\t<meta name=\"twitter:data1\" content=\"2 minutes\" \/>\n<script type=\"application\/ld+json\" class=\"yoast-schema-graph\">{\"@context\":\"https:\/\/schema.org\",\"@graph\":[{\"@type\":\"WebPage\",\"@id\":\"https:\/\/www.solucionobesidad.com\/equipo-medico\/\",\"url\":\"https:\/\/www.solucionobesidad.com\/equipo-medico\/\",\"name\":\"Soluci\u00f3n Obesidad | M\u00e9dicos obesidad - Hospital Quir\u00f3nsalud Valencia\",\"isPartOf\":{\"@id\":\"https:\/\/www.solucionobesidad.com\/#website\"},\"datePublished\":\"2024-03-19T10:53:58+00:00\",\"dateModified\":\"2024-04-30T13:33:46+00:00\",\"description\":\"Los m\u00e9dicos obesidad m\u00e1s prestigiosos te ofrecen en Soluci\u00f3n Obesidad la informaci\u00f3n m\u00e1s completa sobre la enfermedad. Te explicamos las causas del sobrepeso, las dolencias que puede provocar, las \u00faltimos tratamientos y cirug\u00edas para combatirla y consejos para llevar una vida saludable.\",\"breadcrumb\":{\"@id\":\"https:\/\/www.solucionobesidad.com\/equipo-medico\/#breadcrumb\"},\"inLanguage\":\"en-US\",\"potentialAction\":[{\"@type\":\"ReadAction\",\"target\":[\"https:\/\/www.solucionobesidad.com\/equipo-medico\/\"]}]},{\"@type\":\"BreadcrumbList\",\"@id\":\"https:\/\/www.solucionobesidad.com\/equipo-medico\/#breadcrumb\",\"itemListElement\":[{\"@type\":\"ListItem\",\"position\":1,\"name\":\"Home\",\"item\":\"https:\/\/www.solucionobesidad.com\/\"},{\"@type\":\"ListItem\",\"position\":2,\"name\":\"Medical team\"}]},{\"@type\":\"WebSite\",\"@id\":\"https:\/\/www.solucionobesidad.com\/#website\",\"url\":\"https:\/\/www.solucionobesidad.com\/\",\"name\":\"Soluci\u00f3n Obesidad\",\"description\":\"\",\"publisher\":{\"@id\":\"https:\/\/www.solucionobesidad.com\/#organization\"},\"potentialAction\":[{\"@type\":\"SearchAction\",\"target\":{\"@type\":\"EntryPoint\",\"urlTemplate\":\"https:\/\/www.solucionobesidad.com\/?s={search_term_string}\"},\"query-input\":{\"@type\":\"PropertyValueSpecification\",\"valueRequired\":true,\"valueName\":\"search_term_string\"}}],\"inLanguage\":\"en-US\"},{\"@type\":\"Organization\",\"@id\":\"https:\/\/www.solucionobesidad.com\/#organization\",\"name\":\"Soluci\u00f3n Obesidad\",\"url\":\"https:\/\/www.solucionobesidad.com\/\",\"logo\":{\"@type\":\"ImageObject\",\"inLanguage\":\"en-US\",\"@id\":\"https:\/\/www.solucionobesidad.com\/#\/schema\/logo\/image\/\",\"url\":\"https:\/\/www.solucionobesidad.com\/wp-content\/uploads\/2024\/04\/logo-obesity-center-carlos-sala.svg\",\"contentUrl\":\"https:\/\/www.solucionobesidad.com\/wp-content\/uploads\/2024\/04\/logo-obesity-center-carlos-sala.svg\",\"width\":\"1024\",\"height\":\"1024\",\"caption\":\"Soluci\u00f3n Obesidad\"},\"image\":{\"@id\":\"https:\/\/www.solucionobesidad.com\/#\/schema\/logo\/image\/\"}}]}<\/script>\n<!-- \/ Yoast SEO plugin. -->","yoast_head_json":{"title":"Soluci\u00f3n Obesidad | M\u00e9dicos obesidad - Hospital Quir\u00f3nsalud Valencia","description":"Los m\u00e9dicos obesidad m\u00e1s prestigiosos te ofrecen en Soluci\u00f3n Obesidad la informaci\u00f3n m\u00e1s completa sobre la enfermedad. Te explicamos las causas del sobrepeso, las dolencias que puede provocar, las \u00faltimos tratamientos y cirug\u00edas para combatirla y consejos para llevar una vida saludable.","robots":{"index":"index","follow":"follow","max-snippet":"max-snippet:-1","max-image-preview":"max-image-preview:large","max-video-preview":"max-video-preview:-1"},"canonical":"https:\/\/www.solucionobesidad.com\/equipo-medico\/","og_locale":"en_US","og_type":"article","og_title":"Soluci\u00f3n Obesidad | M\u00e9dicos obesidad - Hospital Quir\u00f3nsalud Valencia","og_description":"Los m\u00e9dicos obesidad m\u00e1s prestigiosos te ofrecen en Soluci\u00f3n Obesidad la informaci\u00f3n m\u00e1s completa sobre la enfermedad. Te explicamos las causas del sobrepeso, las dolencias que puede provocar, las \u00faltimos tratamientos y cirug\u00edas para combatirla y consejos para llevar una vida saludable.","og_url":"https:\/\/www.solucionobesidad.com\/equipo-medico\/","og_site_name":"Soluci\u00f3n Obesidad","article_modified_time":"2024-04-30T13:33:46+00:00","twitter_card":"summary_large_image","twitter_misc":{"Est. reading time":"2 minutes"},"schema":{"@context":"https:\/\/schema.org","@graph":[{"@type":"WebPage","@id":"https:\/\/www.solucionobesidad.com\/equipo-medico\/","url":"https:\/\/www.solucionobesidad.com\/equipo-medico\/","name":"Soluci\u00f3n Obesidad | M\u00e9dicos obesidad - Hospital Quir\u00f3nsalud Valencia","isPartOf":{"@id":"https:\/\/www.solucionobesidad.com\/#website"},"datePublished":"2024-03-19T10:53:58+00:00","dateModified":"2024-04-30T13:33:46+00:00","description":"Los m\u00e9dicos obesidad m\u00e1s prestigiosos te ofrecen en Soluci\u00f3n Obesidad la informaci\u00f3n m\u00e1s completa sobre la enfermedad. Te explicamos las causas del sobrepeso, las dolencias que puede provocar, las \u00faltimos tratamientos y cirug\u00edas para combatirla y consejos para llevar una vida saludable.","breadcrumb":{"@id":"https:\/\/www.solucionobesidad.com\/equipo-medico\/#breadcrumb"},"inLanguage":"en-US","potentialAction":[{"@type":"ReadAction","target":["https:\/\/www.solucionobesidad.com\/equipo-medico\/"]}]},{"@type":"BreadcrumbList","@id":"https:\/\/www.solucionobesidad.com\/equipo-medico\/#breadcrumb","itemListElement":[{"@type":"ListItem","position":1,"name":"Home","item":"https:\/\/www.solucionobesidad.com\/"},{"@type":"ListItem","position":2,"name":"Medical team"}]},{"@type":"WebSite","@id":"https:\/\/www.solucionobesidad.com\/#website","url":"https:\/\/www.solucionobesidad.com\/","name":"Soluci\u00f3n Obesidad","description":"","publisher":{"@id":"https:\/\/www.solucionobesidad.com\/#organization"},"potentialAction":[{"@type":"SearchAction","target":{"@type":"EntryPoint","urlTemplate":"https:\/\/www.solucionobesidad.com\/?s={search_term_string}"},"query-input":{"@type":"PropertyValueSpecification","valueRequired":true,"valueName":"search_term_string"}}],"inLanguage":"en-US"},{"@type":"Organization","@id":"https:\/\/www.solucionobesidad.com\/#organization","name":"Soluci\u00f3n Obesidad","url":"https:\/\/www.solucionobesidad.com\/","logo":{"@type":"ImageObject","inLanguage":"en-US","@id":"https:\/\/www.solucionobesidad.com\/#\/schema\/logo\/image\/","url":"https:\/\/www.solucionobesidad.com\/wp-content\/uploads\/2024\/04\/logo-obesity-center-carlos-sala.svg","contentUrl":"https:\/\/www.solucionobesidad.com\/wp-content\/uploads\/2024\/04\/logo-obesity-center-carlos-sala.svg","width":"1024","height":"1024","caption":"Soluci\u00f3n Obesidad"},"image":{"@id":"https:\/\/www.solucionobesidad.com\/#\/schema\/logo\/image\/"}}]}},"_links":{"self":[{"href":"https:\/\/www.solucionobesidad.com\/en\/wp-json\/wp\/v2\/pages\/1069","targetHints":{"allow":["GET"]}}],"collection":[{"href":"https:\/\/www.solucionobesidad.com\/en\/wp-json\/wp\/v2\/pages"}],"about":[{"href":"https:\/\/www.solucionobesidad.com\/en\/wp-json\/wp\/v2\/types\/page"}],"author":[{"embeddable":true,"href":"https:\/\/www.solucionobesidad.com\/en\/wp-json\/wp\/v2\/users\/1"}],"replies":[{"embeddable":true,"href":"https:\/\/www.solucionobesidad.com\/en\/wp-json\/wp\/v2\/comments?post=1069"}],"version-history":[{"count":0,"href":"https:\/\/www.solucionobesidad.com\/en\/wp-json\/wp\/v2\/pages\/1069\/revisions"}],"wp:attachment":[{"href":"https:\/\/www.solucionobesidad.com\/en\/wp-json\/wp\/v2\/media?parent=1069"}],"curies":[{"name":"wp","href":"https:\/\/api.w.org\/{rel}","templated":true}]}}