{"id":1033,"date":"2024-03-18T10:51:20","date_gmt":"2024-03-18T09:51:20","guid":{"rendered":"https:\/\/www.solucionobesidad.com\/laparoscopic-gastric-bypass-gbp-en\/"},"modified":"2024-04-29T10:58:57","modified_gmt":"2024-04-29T08:58:57","slug":"laparoscopic-gastric-bypass-gbp-en","status":"publish","type":"page","link":"https:\/\/www.solucionobesidad.com\/en\/laparoscopic-gastric-bypass-gbp-en\/","title":{"rendered":"Laparoscopic gastric bypass \u2013 GBP"},"content":{"rendered":"<p>[et_pb_section fb_built=&#8221;1&#8243; _builder_version=&#8221;4.24.0&#8243; _module_preset=&#8221;default&#8221; background_color=&#8221;#5A8D7D&#8221; custom_padding=&#8221;0px||0px||true|false&#8221; global_colors_info=&#8221;{}&#8221;][et_pb_row _builder_version=&#8221;4.24.2&#8243; _module_preset=&#8221;default&#8221; width=&#8221;90%&#8221; custom_padding=&#8221;5em||0em||false|false&#8221; global_colors_info=&#8221;{}&#8221;][et_pb_column type=&#8221;4_4&#8243; _builder_version=&#8221;4.24.0&#8243; _module_preset=&#8221;default&#8221; global_colors_info=&#8221;{}&#8221;][et_pb_text _builder_version=&#8221;4.24.2&#8243; _module_preset=&#8221;default&#8221; header_font=&#8221;Montserrat|700||on|||||&#8221; header_text_color=&#8221;#FFFFFF&#8221; header_font_size=&#8221;50px&#8221; custom_margin=&#8221;||2em||false|false&#8221; custom_padding=&#8221;0px||0px||true|false&#8221; global_colors_info=&#8221;{}&#8221;]<\/p>\n<h1 class=\"page-title\">LAPAROSCOPIC GASTRIC BYPASS \u2013 GBP<\/h1>\n<p>[\/et_pb_text][et_pb_code _builder_version=&#8221;4.24.2&#8243; _module_preset=&#8221;default&#8221; background_color=&#8221;rgba(0,0,0,0.6)&#8221; positioning=&#8221;relative&#8221; position_origin_a=&#8221;bottom_left&#8221; text_orientation=&#8221;left&#8221; width=&#8221;100%&#8221; custom_padding=&#8221;0.5em|1em|0.5em|1em|true|true&#8221; custom_css_main_element=&#8221;max-width:fit-content;||&#8221; custom_css_free_form=&#8221;selector p,||selector a{||  color:white !important;||  font-size:14px;||}&#8221; locked=&#8221;off&#8221; global_colors_info=&#8221;{}&#8221;]<pee><span class=\"breadcrumbs\"><p><a href=\"\/en\">Home<\/a> \/ <a href=\"https:\/\/www.solucionobesidad.com\/en\/laparoscopic-gastric-bypass-gbp-en\/\">Laparoscopic gastric bypass \u2013 GBP<\/a><\/p><\/span><\/pee>[\/et_pb_code][\/et_pb_column][\/et_pb_row][\/et_pb_section][et_pb_section fb_built=&#8221;1&#8243; _builder_version=&#8221;4.24.2&#8243; _module_preset=&#8221;default&#8221; custom_padding=&#8221;||0px|||&#8221; global_colors_info=&#8221;{}&#8221;][et_pb_row column_structure=&#8221;3_5,2_5&#8243; _builder_version=&#8221;4.24.2&#8243; _module_preset=&#8221;default&#8221; width=&#8221;90%&#8221; global_colors_info=&#8221;{}&#8221;][et_pb_column type=&#8221;3_5&#8243; _builder_version=&#8221;4.24.2&#8243; _module_preset=&#8221;default&#8221; global_colors_info=&#8221;{}&#8221;][et_pb_text _builder_version=&#8221;4.24.2&#8243; _module_preset=&#8221;default&#8221; text_font=&#8221;|300|||||||&#8221; global_colors_info=&#8221;{}&#8221;]<\/p>\n<div class=\"wpb_text_column wpb_content_element \">\n<div class=\"wpb_wrapper\">\n<p>It is the ideal restrictive-malabsorptive (mixed) operation. GBP is the most performed procedure in the world throughout history, and also serves as the gold standard to compare with other new techniques.<\/p>\n<p>It is slightly more effective than the Sleeve Gastrectomy against type 2 diabetes, although in patients with just overweight or Obesity I are similar. It also corrects dyslipidemia and hypertension in most patients.<\/p>\n<p>We recommend this technique frequently, always under personalized criteria.<br \/>We have extensive experience with GBP.<\/p>\n<\/div>\n<\/div>\n<p>[\/et_pb_text][et_pb_image src=&#8221;https:\/\/www.solucionobesidad.com\/wp-content\/uploads\/2024\/03\/video-bypass-gastrico-2.jpg&#8221; title_text=&#8221;video-bypass-gastrico-2&#8243; url=&#8221;https:\/\/www.youtube.com\/watch?v=AtVLzVlV92Y&amp;ab_channel=Soluci%C3%B3nObesidad&#8221; url_new_window=&#8221;on&#8221; _builder_version=&#8221;4.24.2&#8243; _module_preset=&#8221;default&#8221; global_colors_info=&#8221;{}&#8221;][\/et_pb_image][et_pb_image src=&#8221;https:\/\/www.solucionobesidad.com\/wp-content\/uploads\/2024\/03\/solucion-obesidad-bypass-gastrico.webp&#8221; title_text=&#8221;solucion-obesidad-bypass-gastrico&#8221; _builder_version=&#8221;4.24.2&#8243; _module_preset=&#8221;default&#8221; global_colors_info=&#8221;{}&#8221;][\/et_pb_image][\/et_pb_column][et_pb_column type=&#8221;2_5&#8243; _builder_version=&#8221;4.24.2&#8243; _module_preset=&#8221;default&#8221; global_colors_info=&#8221;{}&#8221;][et_pb_accordion toggle_icon=&#8221;&#x4c;||divi||400&#8243; icon_color=&#8221;#000000&#8243; _builder_version=&#8221;4.24.2&#8243; _module_preset=&#8221;default&#8221; body_font=&#8221;|300|||||||&#8221; global_colors_info=&#8221;{}&#8221; toggle_icon__hover_enabled=&#8221;off|desktop&#8221;][et_pb_accordion_item title=&#8221;WHAT IS A GBP?&#8221; _builder_version=&#8221;4.24.2&#8243; _module_preset=&#8221;default&#8221; global_colors_info=&#8221;{}&#8221; open=&#8221;on&#8221;]<\/p>\n<div id=\"1474532099786-53ef6ad1-9977\" class=\"vc_tta-panel vc_active\" data-vc-content=\".vc_tta-panel-body\">\n<div class=\"vc_tta-panel-body\">\n<div class=\"wpb_text_column wpb_content_element \">\n<div class=\"wpb_wrapper\">\n<p>Through 5 holes of 0.5 to 1 cm in the belly, we introduce the devices, camera, and endostaplers to perform the procedure without opening the abdomen. There are no visible scars. The stomach is reduced in size (much smaller than in the Sleeve) and we perform a bypass in digestion. This causes digestive juices get together with food in a more advanced point of digestion, which determines that a part of it, especially fats, are not absorbed.<\/p>\n<\/div>\n<\/div>\n<\/div>\n<\/div>\n<p>[\/et_pb_accordion_item][et_pb_accordion_item title=&#8221;WHO IS A GOOD CANDIDATE?&#8221; open=&#8221;off&#8221; _builder_version=&#8221;4.24.2&#8243; _module_preset=&#8221;default&#8221; custom_margin=&#8221;-30px||||false|false&#8221; global_colors_info=&#8221;{}&#8221;]<\/p>\n<p>In general, it is indicated for patients with BMI&gt; 40 or&gt; 35 with comorbidities. Especially for BMI between 45 and 55.<\/p>\n<p>It is particularly recommended for candy eaters, for patients with gastroesophageal reflux GERD and esophagitis (heartburn), and in patients with metabolic syndrome.<\/p>\n<p>We also consider GBP a better option than the in patients with BMI 35 \u2013 45 that can hardly follow a diet.<\/p>\n<p>[\/et_pb_accordion_item][et_pb_accordion_item title=&#8221;WHEN DO YOU BEGIN TO SEE THE EFFECT?&#8221; _builder_version=&#8221;4.24.2&#8243; _module_preset=&#8221;default&#8221; custom_margin=&#8221;-30px||||false|false&#8221; global_colors_info=&#8221;{}&#8221; open=&#8221;off&#8221;]<\/p>\n<div id=\"1474458592081-f99e4ee3-0566\" class=\"vc_tta-panel vc_active\" data-vc-content=\".vc_tta-panel-body\">\n<div class=\"vc_tta-panel-body\">\n<div class=\"wpb_text_column wpb_content_element \">\n<div class=\"wpb_wrapper\">\n<p>The most important weight loss occurs during the first 6 months, but extends to the first year and a half after surgery. By that time the weight stabilizes.<\/p>\n<\/div>\n<\/div>\n<\/div>\n<\/div>\n<p>[\/et_pb_accordion_item][et_pb_accordion_item title=&#8221;NEED FOLLOW UP?&#8221; _builder_version=&#8221;4.24.2&#8243; _module_preset=&#8221;default&#8221; custom_margin=&#8221;-30px||||false|false&#8221; global_colors_info=&#8221;{}&#8221; open=&#8221;off&#8221;]<\/p>\n<p><strong>Dietary and nutritional status need a long-term monitoring<\/strong>\u00a0(all life long).<\/p>\n<p>Otherwise anemia (iron deficiency), deficiency of vitamin B12 and folic acid, lack of calcium or zinc, which may require treatment may occasionally appear.<\/p>\n<p><strong>Follow up is as important as the surgical procedure itself to achieve greater and more sustained weight loss.<\/strong><\/p>\n<p>[\/et_pb_accordion_item][\/et_pb_accordion][\/et_pb_column][\/et_pb_row][et_pb_row _builder_version=&#8221;4.24.2&#8243; _module_preset=&#8221;default&#8221; hover_enabled=&#8221;0&#8243; global_colors_info=&#8221;{}&#8221; sticky_enabled=&#8221;0&#8243;][et_pb_column type=&#8221;4_4&#8243; _builder_version=&#8221;4.24.2&#8243; _module_preset=&#8221;default&#8221; global_colors_info=&#8221;{}&#8221;][et_pb_code _builder_version=&#8221;4.24.2&#8243; _module_preset=&#8221;default&#8221; background_enable_color=&#8221;off&#8221; text_orientation=&#8221;right&#8221; width=&#8221;100%&#8221; max_width=&#8221;100%&#8221; module_alignment=&#8221;right&#8221; custom_margin=&#8221;||||false|false&#8221; custom_padding=&#8221;||||false|false&#8221; custom_padding_tablet=&#8221;||||false|false&#8221; custom_padding_phone=&#8221;||||false|false&#8221; custom_padding_last_edited=&#8221;on|phone&#8221; link_option_url=&#8221;https:\/\/www.solucionobesidad.com\/en\/manual-de-procedimientos-es\/&#8221; hover_enabled=&#8221;0&#8243; custom_css_free_form=&#8221;selector *{||  color: white;||}||||selector i{||  font-size: 16px;||  padding-right: 16px;||}||||selector a {||  \tbackground: #5a8d7d;||    display: inline-block;||    cursor: pointer;||    white-space: nowrap;||    padding: 10px 20px;||    font-weight: 600;||    font-size: 14px;||  \tborder: 2px solid transparent;||    letter-spacing: 0.7px;||    text-transform: uppercase;|| \t\ttransition: all 0.35s ease 0s;||}||||selector a:hover{||  background: #404d5f;||  ||}&#8221; global_colors_info=&#8221;{}&#8221; sticky_enabled=&#8221;0&#8243; custom_margin_last_edited=&#8221;on|phone&#8221; custom_margin_phone=&#8221;|15px|||false|false&#8221; custom_margin_tablet=&#8221;||||false|false&#8221;]<a class=\"st-button style-1 size-small\" href=\"https:\/\/www.solucionobesidad.com\/en\/manual-de-procedimientos-es\/\" target=\"\" rel=\"noopener\"><i class=\"fa fa-arrow-right\"><\/i><span>PROCEDURES MANUAL<\/span><\/a>[\/et_pb_code][\/et_pb_column][\/et_pb_row][\/et_pb_section]<\/p>\n","protected":false},"excerpt":{"rendered":"<p>LAPAROSCOPIC GASTRIC BYPASS \u2013 GBP<span class=\"breadcrumbs\"><p><a href=\"\/en\">Home<\/a> \/ <a href=\"https:\/\/www.solucionobesidad.com\/en\/laparoscopic-gastric-bypass-gbp-en\/\">Laparoscopic gastric bypass \u2013 GBP<\/a><\/p><\/span> It is the ideal restrictive-malabsorptive (mixed) operation. GBP is the most performed procedure in the world throughout history, and also serves as the gold standard to compare with other new techniques. It is slightly more effective than the Sleeve Gastrectomy against type 2 diabetes, although in patients with just overweight [&hellip;]<\/p>\n","protected":false},"author":1,"featured_media":0,"parent":0,"menu_order":0,"comment_status":"closed","ping_status":"closed","template":"","meta":{"_acf_changed":false,"_et_pb_use_builder":"on","_et_pb_old_content":"","_et_gb_content_width":"","inline_featured_image":false,"footnotes":""},"class_list":["post-1033","page","type-page","status-publish","hentry"],"acf":[],"yoast_head":"<!-- This site is optimized with the Yoast SEO plugin v23.5 - https:\/\/yoast.com\/wordpress\/plugins\/seo\/ -->\n<title>Soluci\u00f3n Obesidad | Bypass g\u00e1strico - Hospital Quir\u00f3nsalud Valencia<\/title>\n<meta name=\"description\" content=\"En Soluci\u00f3n Obesidad te ofrecemos la mejor informaci\u00f3n sobre el bypass g\u00e1strico laparosc\u00f3pico, una de las t\u00e9cnicas quir\u00fargicas m\u00e1s utilizadas y eficaces en la cirug\u00eda para la obesidad. Nuestro equipo de especialistas te explica adem\u00e1s las causas de la obesidad y los tratamientos para combatirla.\" \/>\n<meta name=\"robots\" content=\"index, follow, max-snippet:-1, max-image-preview:large, max-video-preview:-1\" \/>\n<link rel=\"canonical\" href=\"https:\/\/www.solucionobesidad.com\/bypass-gastrico-laparoscopico\/\" \/>\n<meta property=\"og:locale\" content=\"en_US\" \/>\n<meta property=\"og:type\" content=\"article\" \/>\n<meta property=\"og:title\" content=\"Soluci\u00f3n Obesidad | Bypass g\u00e1strico - Hospital Quir\u00f3nsalud Valencia\" \/>\n<meta property=\"og:description\" content=\"En Soluci\u00f3n Obesidad te ofrecemos la mejor informaci\u00f3n sobre el bypass g\u00e1strico laparosc\u00f3pico, una de las t\u00e9cnicas quir\u00fargicas m\u00e1s utilizadas y eficaces en la cirug\u00eda para la obesidad. Nuestro equipo de especialistas te explica adem\u00e1s las causas de la obesidad y los tratamientos para combatirla.\" \/>\n<meta property=\"og:url\" content=\"https:\/\/www.solucionobesidad.com\/bypass-gastrico-laparoscopico\/\" \/>\n<meta property=\"og:site_name\" content=\"Soluci\u00f3n Obesidad\" \/>\n<meta property=\"article:modified_time\" content=\"2024-04-29T08:58:57+00:00\" \/>\n<meta name=\"twitter:card\" content=\"summary_large_image\" \/>\n<meta name=\"twitter:label1\" content=\"Est. reading time\" \/>\n\t<meta name=\"twitter:data1\" content=\"5 minutes\" \/>\n<script type=\"application\/ld+json\" class=\"yoast-schema-graph\">{\"@context\":\"https:\/\/schema.org\",\"@graph\":[{\"@type\":\"WebPage\",\"@id\":\"https:\/\/www.solucionobesidad.com\/bypass-gastrico-laparoscopico\/\",\"url\":\"https:\/\/www.solucionobesidad.com\/bypass-gastrico-laparoscopico\/\",\"name\":\"Soluci\u00f3n Obesidad | Bypass g\u00e1strico - Hospital Quir\u00f3nsalud Valencia\",\"isPartOf\":{\"@id\":\"https:\/\/www.solucionobesidad.com\/#website\"},\"datePublished\":\"2024-03-18T09:51:20+00:00\",\"dateModified\":\"2024-04-29T08:58:57+00:00\",\"description\":\"En Soluci\u00f3n Obesidad te ofrecemos la mejor informaci\u00f3n sobre el bypass g\u00e1strico laparosc\u00f3pico, una de las t\u00e9cnicas quir\u00fargicas m\u00e1s utilizadas y eficaces en la cirug\u00eda para la obesidad. Nuestro equipo de especialistas te explica adem\u00e1s las causas de la obesidad y los tratamientos para combatirla.\",\"breadcrumb\":{\"@id\":\"https:\/\/www.solucionobesidad.com\/bypass-gastrico-laparoscopico\/#breadcrumb\"},\"inLanguage\":\"en-US\",\"potentialAction\":[{\"@type\":\"ReadAction\",\"target\":[\"https:\/\/www.solucionobesidad.com\/bypass-gastrico-laparoscopico\/\"]}]},{\"@type\":\"BreadcrumbList\",\"@id\":\"https:\/\/www.solucionobesidad.com\/bypass-gastrico-laparoscopico\/#breadcrumb\",\"itemListElement\":[{\"@type\":\"ListItem\",\"position\":1,\"name\":\"Home\",\"item\":\"https:\/\/www.solucionobesidad.com\/\"},{\"@type\":\"ListItem\",\"position\":2,\"name\":\"Laparoscopic gastric bypass \u2013 GBP\"}]},{\"@type\":\"WebSite\",\"@id\":\"https:\/\/www.solucionobesidad.com\/#website\",\"url\":\"https:\/\/www.solucionobesidad.com\/\",\"name\":\"Soluci\u00f3n Obesidad\",\"description\":\"\",\"publisher\":{\"@id\":\"https:\/\/www.solucionobesidad.com\/#organization\"},\"potentialAction\":[{\"@type\":\"SearchAction\",\"target\":{\"@type\":\"EntryPoint\",\"urlTemplate\":\"https:\/\/www.solucionobesidad.com\/?s={search_term_string}\"},\"query-input\":{\"@type\":\"PropertyValueSpecification\",\"valueRequired\":true,\"valueName\":\"search_term_string\"}}],\"inLanguage\":\"en-US\"},{\"@type\":\"Organization\",\"@id\":\"https:\/\/www.solucionobesidad.com\/#organization\",\"name\":\"Soluci\u00f3n Obesidad\",\"url\":\"https:\/\/www.solucionobesidad.com\/\",\"logo\":{\"@type\":\"ImageObject\",\"inLanguage\":\"en-US\",\"@id\":\"https:\/\/www.solucionobesidad.com\/#\/schema\/logo\/image\/\",\"url\":\"https:\/\/www.solucionobesidad.com\/wp-content\/uploads\/2024\/04\/logo-obesity-center-carlos-sala.svg\",\"contentUrl\":\"https:\/\/www.solucionobesidad.com\/wp-content\/uploads\/2024\/04\/logo-obesity-center-carlos-sala.svg\",\"width\":\"1024\",\"height\":\"1024\",\"caption\":\"Soluci\u00f3n Obesidad\"},\"image\":{\"@id\":\"https:\/\/www.solucionobesidad.com\/#\/schema\/logo\/image\/\"}}]}<\/script>\n<!-- \/ Yoast SEO plugin. -->","yoast_head_json":{"title":"Soluci\u00f3n Obesidad | Bypass g\u00e1strico - Hospital Quir\u00f3nsalud Valencia","description":"En Soluci\u00f3n Obesidad te ofrecemos la mejor informaci\u00f3n sobre el bypass g\u00e1strico laparosc\u00f3pico, una de las t\u00e9cnicas quir\u00fargicas m\u00e1s utilizadas y eficaces en la cirug\u00eda para la obesidad. Nuestro equipo de especialistas te explica adem\u00e1s las causas de la obesidad y los tratamientos para combatirla.","robots":{"index":"index","follow":"follow","max-snippet":"max-snippet:-1","max-image-preview":"max-image-preview:large","max-video-preview":"max-video-preview:-1"},"canonical":"https:\/\/www.solucionobesidad.com\/bypass-gastrico-laparoscopico\/","og_locale":"en_US","og_type":"article","og_title":"Soluci\u00f3n Obesidad | Bypass g\u00e1strico - Hospital Quir\u00f3nsalud Valencia","og_description":"En Soluci\u00f3n Obesidad te ofrecemos la mejor informaci\u00f3n sobre el bypass g\u00e1strico laparosc\u00f3pico, una de las t\u00e9cnicas quir\u00fargicas m\u00e1s utilizadas y eficaces en la cirug\u00eda para la obesidad. Nuestro equipo de especialistas te explica adem\u00e1s las causas de la obesidad y los tratamientos para combatirla.","og_url":"https:\/\/www.solucionobesidad.com\/bypass-gastrico-laparoscopico\/","og_site_name":"Soluci\u00f3n Obesidad","article_modified_time":"2024-04-29T08:58:57+00:00","twitter_card":"summary_large_image","twitter_misc":{"Est. reading time":"5 minutes"},"schema":{"@context":"https:\/\/schema.org","@graph":[{"@type":"WebPage","@id":"https:\/\/www.solucionobesidad.com\/bypass-gastrico-laparoscopico\/","url":"https:\/\/www.solucionobesidad.com\/bypass-gastrico-laparoscopico\/","name":"Soluci\u00f3n Obesidad | Bypass g\u00e1strico - Hospital Quir\u00f3nsalud Valencia","isPartOf":{"@id":"https:\/\/www.solucionobesidad.com\/#website"},"datePublished":"2024-03-18T09:51:20+00:00","dateModified":"2024-04-29T08:58:57+00:00","description":"En Soluci\u00f3n Obesidad te ofrecemos la mejor informaci\u00f3n sobre el bypass g\u00e1strico laparosc\u00f3pico, una de las t\u00e9cnicas quir\u00fargicas m\u00e1s utilizadas y eficaces en la cirug\u00eda para la obesidad. Nuestro equipo de especialistas te explica adem\u00e1s las causas de la obesidad y los tratamientos para combatirla.","breadcrumb":{"@id":"https:\/\/www.solucionobesidad.com\/bypass-gastrico-laparoscopico\/#breadcrumb"},"inLanguage":"en-US","potentialAction":[{"@type":"ReadAction","target":["https:\/\/www.solucionobesidad.com\/bypass-gastrico-laparoscopico\/"]}]},{"@type":"BreadcrumbList","@id":"https:\/\/www.solucionobesidad.com\/bypass-gastrico-laparoscopico\/#breadcrumb","itemListElement":[{"@type":"ListItem","position":1,"name":"Home","item":"https:\/\/www.solucionobesidad.com\/"},{"@type":"ListItem","position":2,"name":"Laparoscopic gastric bypass \u2013 GBP"}]},{"@type":"WebSite","@id":"https:\/\/www.solucionobesidad.com\/#website","url":"https:\/\/www.solucionobesidad.com\/","name":"Soluci\u00f3n Obesidad","description":"","publisher":{"@id":"https:\/\/www.solucionobesidad.com\/#organization"},"potentialAction":[{"@type":"SearchAction","target":{"@type":"EntryPoint","urlTemplate":"https:\/\/www.solucionobesidad.com\/?s={search_term_string}"},"query-input":{"@type":"PropertyValueSpecification","valueRequired":true,"valueName":"search_term_string"}}],"inLanguage":"en-US"},{"@type":"Organization","@id":"https:\/\/www.solucionobesidad.com\/#organization","name":"Soluci\u00f3n Obesidad","url":"https:\/\/www.solucionobesidad.com\/","logo":{"@type":"ImageObject","inLanguage":"en-US","@id":"https:\/\/www.solucionobesidad.com\/#\/schema\/logo\/image\/","url":"https:\/\/www.solucionobesidad.com\/wp-content\/uploads\/2024\/04\/logo-obesity-center-carlos-sala.svg","contentUrl":"https:\/\/www.solucionobesidad.com\/wp-content\/uploads\/2024\/04\/logo-obesity-center-carlos-sala.svg","width":"1024","height":"1024","caption":"Soluci\u00f3n Obesidad"},"image":{"@id":"https:\/\/www.solucionobesidad.com\/#\/schema\/logo\/image\/"}}]}},"_links":{"self":[{"href":"https:\/\/www.solucionobesidad.com\/en\/wp-json\/wp\/v2\/pages\/1033","targetHints":{"allow":["GET"]}}],"collection":[{"href":"https:\/\/www.solucionobesidad.com\/en\/wp-json\/wp\/v2\/pages"}],"about":[{"href":"https:\/\/www.solucionobesidad.com\/en\/wp-json\/wp\/v2\/types\/page"}],"author":[{"embeddable":true,"href":"https:\/\/www.solucionobesidad.com\/en\/wp-json\/wp\/v2\/users\/1"}],"replies":[{"embeddable":true,"href":"https:\/\/www.solucionobesidad.com\/en\/wp-json\/wp\/v2\/comments?post=1033"}],"version-history":[{"count":0,"href":"https:\/\/www.solucionobesidad.com\/en\/wp-json\/wp\/v2\/pages\/1033\/revisions"}],"wp:attachment":[{"href":"https:\/\/www.solucionobesidad.com\/en\/wp-json\/wp\/v2\/media?parent=1033"}],"curies":[{"name":"wp","href":"https:\/\/api.w.org\/{rel}","templated":true}]}}