{"id":1001,"date":"2024-03-15T09:57:04","date_gmt":"2024-03-15T08:57:04","guid":{"rendered":"https:\/\/www.solucionobesidad.com\/associated-diseases-comorbidities-en\/"},"modified":"2024-04-25T14:02:17","modified_gmt":"2024-04-25T12:02:17","slug":"associated-diseases-comorbidities","status":"publish","type":"page","link":"https:\/\/www.solucionobesidad.com\/en\/associated-diseases-comorbidities\/","title":{"rendered":"Associated diseases \u2013 Comorbidities"},"content":{"rendered":"<p>[et_pb_section fb_built=&#8221;1&#8243; _builder_version=&#8221;4.24.0&#8243; _module_preset=&#8221;default&#8221; background_color=&#8221;#5A8D7D&#8221; custom_padding=&#8221;0px||0px||true|false&#8221; global_colors_info=&#8221;{}&#8221;][et_pb_row _builder_version=&#8221;4.24.2&#8243; _module_preset=&#8221;default&#8221; custom_padding=&#8221;5em||0em||false|false&#8221; hover_enabled=&#8221;0&#8243; global_colors_info=&#8221;{}&#8221; width=&#8221;90%&#8221; sticky_enabled=&#8221;0&#8243;][et_pb_column type=&#8221;4_4&#8243; _builder_version=&#8221;4.24.0&#8243; _module_preset=&#8221;default&#8221; global_colors_info=&#8221;{}&#8221;][et_pb_text _builder_version=&#8221;4.24.2&#8243; _module_preset=&#8221;default&#8221; header_font=&#8221;Montserrat|700||on|||||&#8221; header_text_color=&#8221;#FFFFFF&#8221; header_font_size=&#8221;50px&#8221; custom_margin=&#8221;||2em||false|false&#8221; custom_padding=&#8221;0px||0px||true|false&#8221; global_colors_info=&#8221;{}&#8221;]<\/p>\n<h1 class=\"page-title\">ASSOCIATED DISEASES \u2013 COMORBIDITIES<\/h1>\n<p>[\/et_pb_text][et_pb_code _builder_version=&#8221;4.24.2&#8243; _module_preset=&#8221;default&#8221; background_color=&#8221;rgba(0,0,0,0.6)&#8221; positioning=&#8221;relative&#8221; position_origin_a=&#8221;bottom_left&#8221; text_orientation=&#8221;left&#8221; width=&#8221;100%&#8221; custom_padding=&#8221;0.5em|1em|0.5em|1em|true|true&#8221; custom_css_main_element=&#8221;max-width:fit-content;||&#8221; custom_css_free_form=&#8221;selector p,||selector a{||  color:white !important;||  font-size:14px;||}&#8221; locked=&#8221;off&#8221; global_colors_info=&#8221;{}&#8221;]<pee><span class=\"breadcrumbs\"><p><a href=\"\/en\">Home<\/a> \/ <a href=\"https:\/\/www.solucionobesidad.com\/en\/associated-diseases-comorbidities\/\">Associated diseases \u2013 Comorbidities<\/a><\/p><\/span><\/pee>[\/et_pb_code][\/et_pb_column][\/et_pb_row][\/et_pb_section][et_pb_section fb_built=&#8221;1&#8243; _builder_version=&#8221;4.24.0&#8243; _module_preset=&#8221;default&#8221; global_colors_info=&#8221;{}&#8221;][et_pb_row column_structure=&#8221;2_3,1_3&#8243; _builder_version=&#8221;4.24.2&#8243; _module_preset=&#8221;default&#8221; hover_enabled=&#8221;0&#8243; global_colors_info=&#8221;{}&#8221; width=&#8221;90%&#8221; sticky_enabled=&#8221;0&#8243;][et_pb_column type=&#8221;2_3&#8243; _builder_version=&#8221;4.24.0&#8243; _module_preset=&#8221;default&#8221; global_colors_info=&#8221;{}&#8221;][et_pb_text _builder_version=&#8221;4.24.2&#8243; _module_preset=&#8221;default&#8221; text_font=&#8221;|300|||||||&#8221; header_font=&#8221;Montserrat|700||on|||||&#8221; header_text_color=&#8221;#FFFFFF&#8221; header_font_size=&#8221;50px&#8221; header_2_font=&#8221;Montserrat|700||on|||||&#8221; header_2_text_color=&#8221;#000000&#8243; header_2_font_size=&#8221;30px&#8221; custom_margin=&#8221;||0px||false|false&#8221; custom_padding=&#8221;0px||0px||true|false&#8221; global_colors_info=&#8221;{}&#8221;]<\/p>\n<div class=\"vc_row wpb_row vc_row-fluid wpb_section wpb_padding\">\n<div class=\"container\">\n<div class=\"row\">\n<div class=\"wpb_column vc_column_container vc_col-sm-10\">\n<div class=\"vc_column-inner \">\n<div class=\"wpb_wrapper\">\n<div class=\"wpb_text_column wpb_content_element \">\n<div class=\"wpb_wrapper\">\n<p>Diseases caused by obesity or comorbidities are:<\/p>\n<p><strong>HIGH INCREASED RISK (3 TIMES)<\/strong><\/p>\n<ul>\n<li><strong>Type 2 diabetes<\/strong>: high blood sugar.<\/li>\n<li><strong>Hypertension<\/strong>: high blood pressure.<\/li>\n<li><strong>Dyslipidemia<\/strong>: Hypercholesterolemia, increased blood cholesterol and \/ or hypertriglyceridemia, increased blood triglycerides (cause of visceral obesity \u2013 in the belly, which increases cardiovascular risk).<\/li>\n<li><strong>Hyperuricemia<\/strong>: cause gout attacks.<\/li>\n<li><strong>Metabolic syndrome<\/strong>: a combination of abdominal obesity, dyslipidemia and \u00a0hypertension or diabetes.<\/li>\n<li><strong>Ischemic heart disease<\/strong>: angina and myocardial infarction.<\/li>\n<li><strong>Psychological<\/strong>\u00a0<strong>problems<\/strong>: changes in self-esteem and depression.<\/li>\n<li><strong>Arthrosis.<\/strong><\/li>\n<li><strong>Heart failure.<\/strong><\/li>\n<li>Obstructive Sleep Apnea Syndrome \u2013\u00a0<strong>OSAS<\/strong>.<\/li>\n<li><strong>Snoring<\/strong>.<\/li>\n<li><strong>Gallstones<\/strong>: stones in the gallbladder.<\/li>\n<\/ul>\n<p><strong>MODERATELY INCREASED RISK (2 TIMES)<\/strong><\/p>\n<ul>\n<li>Polycystic Ovary (alterations of menstruation).<\/li>\n<li>Lumbar and other joints such as hips and knees pain.<\/li>\n<li>Cerebral stroke.<\/li>\n<li><strong>Deep venous thrombosis.<\/strong><\/li>\n<li><strong>Increased anesthetic risk.<\/strong><\/li>\n<li><strong>Varicose veins<\/strong>\u00a0in the lower limbs.<\/li>\n<li><strong>Cancer<\/strong>\u00a0of the esophagus, colon and rectum, gallbladder, kidney, prostate, uterus and breast.<\/li>\n<li><strong>Hiatal hernia<\/strong>. Gastroesophageal Reflux Disease\u00a0<strong>GERD<\/strong>\u00a0(heartburn).<\/li>\n<li>Hepatic\u00a0<strong>steatosis<\/strong>\u00a0(fatty liver disease \u2013\u00a0<strong>NASH<\/strong>) and cirrhosis.<\/li>\n<li>Urinary incontinence.<\/li>\n<li>Menstrual disorders and infertility.<\/li>\n<li>Intracranial hypertension.<\/li>\n<li>Cellulitis, folliculitis and other skin infections.<\/li>\n<li>Fetal malformations.<\/li>\n<\/ul>\n<\/div>\n<\/div>\n<\/div>\n<\/div>\n<\/div>\n<\/div>\n<\/div>\n<\/div>\n<p>[\/et_pb_text][\/et_pb_column][et_pb_column type=&#8221;1_3&#8243; _builder_version=&#8221;4.24.0&#8243; _module_preset=&#8221;default&#8221; global_colors_info=&#8221;{}&#8221;][et_pb_image src=&#8221;https:\/\/www.solucionobesidad.com\/wp-content\/uploads\/2024\/03\/images-10.webp&#8221; title_text=&#8221;images-10&#8243; align=&#8221;right&#8221; align_tablet=&#8221;right&#8221; align_phone=&#8221;left&#8221; align_last_edited=&#8221;on|phone&#8221; _builder_version=&#8221;4.24.2&#8243; _module_preset=&#8221;default&#8221; width=&#8221;185px&#8221; global_colors_info=&#8221;{}&#8221;][\/et_pb_image][et_pb_image src=&#8221;https:\/\/www.solucionobesidad.com\/wp-content\/uploads\/2024\/03\/c_enfermedades-asociadas-2.webp&#8221; title_text=&#8221;c_enfermedades-asociadas-2&#8243; align=&#8221;right&#8221; align_tablet=&#8221;right&#8221; align_phone=&#8221;left&#8221; align_last_edited=&#8221;on|phone&#8221; _builder_version=&#8221;4.24.2&#8243; _module_preset=&#8221;default&#8221; width=&#8221;185px&#8221; global_colors_info=&#8221;{}&#8221;][\/et_pb_image][et_pb_image src=&#8221;https:\/\/www.solucionobesidad.com\/wp-content\/uploads\/2024\/03\/images-47.webp&#8221; title_text=&#8221;images-47&#8243; align=&#8221;right&#8221; align_tablet=&#8221;right&#8221; align_phone=&#8221;left&#8221; align_last_edited=&#8221;on|phone&#8221; _builder_version=&#8221;4.24.2&#8243; _module_preset=&#8221;default&#8221; custom_margin_tablet=&#8221;&#8221; custom_margin_phone=&#8221;||50px||false|false&#8221; custom_margin_last_edited=&#8221;on|phone&#8221; global_colors_info=&#8221;{}&#8221;][\/et_pb_image][\/et_pb_column][\/et_pb_row][et_pb_row _builder_version=&#8221;4.24.2&#8243; _module_preset=&#8221;default&#8221; hover_enabled=&#8221;0&#8243; global_colors_info=&#8221;{}&#8221; sticky_enabled=&#8221;0&#8243; width=&#8221;90%&#8221;][et_pb_column type=&#8221;4_4&#8243; _builder_version=&#8221;4.24.0&#8243; _module_preset=&#8221;default&#8221; global_colors_info=&#8221;{}&#8221;][et_pb_text _builder_version=&#8221;4.24.2&#8243; _module_preset=&#8221;default&#8221; min_height=&#8221;49.2px&#8221; custom_margin=&#8221;||||false|false&#8221; custom_padding=&#8221;0px|||||&#8221; hover_enabled=&#8221;0&#8243; global_colors_info=&#8221;{}&#8221; sticky_enabled=&#8221;0&#8243;]<\/p>\n<p>Therefore, obesity\u00a0<strong>conditions worsen quality of life and shorten life expectancy<\/strong>.<\/p>\n<p>With the anthropometric data of the patient (weight, height, waist-hip circumference rate), blood pressure and other data from your latest blood tests we calculate the cardiovascular risk\u00a0<strong>Q-SCORE<\/strong>, which predicts\u00a0<strong>the risk of having a cardiac infarction in the next ten years<\/strong>. Keep in mind that the presence of obesity (especially if DIABETES is associated) determines an extraordinary increase in cardiovascular risk.<\/p>\n<p><strong>Diabesity decreases life expectancy in TEN years.<\/strong><\/p>\n<p>[\/et_pb_text][\/et_pb_column][\/et_pb_row][\/et_pb_section]<\/p>\n","protected":false},"excerpt":{"rendered":"<p>ASSOCIATED DISEASES \u2013 COMORBIDITIES<span class=\"breadcrumbs\"><p><a href=\"\/en\">Home<\/a> \/ <a href=\"https:\/\/www.solucionobesidad.com\/en\/associated-diseases-comorbidities\/\">Associated diseases \u2013 Comorbidities<\/a><\/p><\/span> Diseases caused by obesity or comorbidities are: HIGH INCREASED RISK (3 TIMES) Type 2 diabetes: high blood sugar. Hypertension: high blood pressure. Dyslipidemia: Hypercholesterolemia, increased blood cholesterol and \/ or hypertriglyceridemia, increased blood triglycerides (cause of visceral obesity \u2013 in the belly, which increases cardiovascular risk). Hyperuricemia: cause gout attacks. Metabolic [&hellip;]<\/p>\n","protected":false},"author":1,"featured_media":0,"parent":0,"menu_order":0,"comment_status":"closed","ping_status":"closed","template":"","meta":{"_acf_changed":false,"_et_pb_use_builder":"on","_et_pb_old_content":"","_et_gb_content_width":"","inline_featured_image":false,"footnotes":""},"class_list":["post-1001","page","type-page","status-publish","hentry"],"acf":[],"yoast_head":"<!-- This site is optimized with the Yoast SEO plugin v23.5 - https:\/\/yoast.com\/wordpress\/plugins\/seo\/ -->\n<title>Soluci\u00f3n Obesidad | Enfermedades por obesidad - Dr. Carlos Sala<\/title>\n<meta name=\"description\" content=\"Descubre en Soluci\u00f3n Obesidad las enfermedades por obesidad, sus causas y c\u00f3mo combatirlas. Nuestra cl\u00ednica obesidad cuenta con los mejores profesionales del Hospital Quir\u00f3n de Valencia. Somos especialistas en todo tipo de tratamientos m\u00e9dicos, cirug\u00eda bari\u00e1trica y cirug\u00eda bypass g\u00e1strico.\" \/>\n<meta name=\"robots\" content=\"index, follow, max-snippet:-1, max-image-preview:large, max-video-preview:-1\" \/>\n<link rel=\"canonical\" href=\"https:\/\/www.solucionobesidad.com\/enfermedades-asociadas-comorbilidades\/\" \/>\n<meta property=\"og:locale\" content=\"en_US\" \/>\n<meta property=\"og:type\" content=\"article\" \/>\n<meta property=\"og:title\" content=\"Soluci\u00f3n Obesidad | Enfermedades por obesidad - Dr. Carlos Sala\" \/>\n<meta property=\"og:description\" content=\"Descubre en Soluci\u00f3n Obesidad las enfermedades por obesidad, sus causas y c\u00f3mo combatirlas. Nuestra cl\u00ednica obesidad cuenta con los mejores profesionales del Hospital Quir\u00f3n de Valencia. Somos especialistas en todo tipo de tratamientos m\u00e9dicos, cirug\u00eda bari\u00e1trica y cirug\u00eda bypass g\u00e1strico.\" \/>\n<meta property=\"og:url\" content=\"https:\/\/www.solucionobesidad.com\/enfermedades-asociadas-comorbilidades\/\" \/>\n<meta property=\"og:site_name\" content=\"Soluci\u00f3n Obesidad\" \/>\n<meta property=\"article:modified_time\" content=\"2024-04-25T12:02:17+00:00\" \/>\n<meta name=\"twitter:card\" content=\"summary_large_image\" \/>\n<meta name=\"twitter:label1\" content=\"Est. reading time\" \/>\n\t<meta name=\"twitter:data1\" content=\"4 minutes\" \/>\n<script type=\"application\/ld+json\" class=\"yoast-schema-graph\">{\"@context\":\"https:\/\/schema.org\",\"@graph\":[{\"@type\":\"WebPage\",\"@id\":\"https:\/\/www.solucionobesidad.com\/enfermedades-asociadas-comorbilidades\/\",\"url\":\"https:\/\/www.solucionobesidad.com\/enfermedades-asociadas-comorbilidades\/\",\"name\":\"Soluci\u00f3n Obesidad | Enfermedades por obesidad - Dr. Carlos Sala\",\"isPartOf\":{\"@id\":\"https:\/\/www.solucionobesidad.com\/#website\"},\"datePublished\":\"2024-03-15T08:57:04+00:00\",\"dateModified\":\"2024-04-25T12:02:17+00:00\",\"description\":\"Descubre en Soluci\u00f3n Obesidad las enfermedades por obesidad, sus causas y c\u00f3mo combatirlas. Nuestra cl\u00ednica obesidad cuenta con los mejores profesionales del Hospital Quir\u00f3n de Valencia. Somos especialistas en todo tipo de tratamientos m\u00e9dicos, cirug\u00eda bari\u00e1trica y cirug\u00eda bypass g\u00e1strico.\",\"breadcrumb\":{\"@id\":\"https:\/\/www.solucionobesidad.com\/enfermedades-asociadas-comorbilidades\/#breadcrumb\"},\"inLanguage\":\"en-US\",\"potentialAction\":[{\"@type\":\"ReadAction\",\"target\":[\"https:\/\/www.solucionobesidad.com\/enfermedades-asociadas-comorbilidades\/\"]}]},{\"@type\":\"BreadcrumbList\",\"@id\":\"https:\/\/www.solucionobesidad.com\/enfermedades-asociadas-comorbilidades\/#breadcrumb\",\"itemListElement\":[{\"@type\":\"ListItem\",\"position\":1,\"name\":\"Home\",\"item\":\"https:\/\/www.solucionobesidad.com\/\"},{\"@type\":\"ListItem\",\"position\":2,\"name\":\"Associated diseases \u2013 Comorbidities\"}]},{\"@type\":\"WebSite\",\"@id\":\"https:\/\/www.solucionobesidad.com\/#website\",\"url\":\"https:\/\/www.solucionobesidad.com\/\",\"name\":\"Soluci\u00f3n Obesidad\",\"description\":\"\",\"publisher\":{\"@id\":\"https:\/\/www.solucionobesidad.com\/#organization\"},\"potentialAction\":[{\"@type\":\"SearchAction\",\"target\":{\"@type\":\"EntryPoint\",\"urlTemplate\":\"https:\/\/www.solucionobesidad.com\/?s={search_term_string}\"},\"query-input\":{\"@type\":\"PropertyValueSpecification\",\"valueRequired\":true,\"valueName\":\"search_term_string\"}}],\"inLanguage\":\"en-US\"},{\"@type\":\"Organization\",\"@id\":\"https:\/\/www.solucionobesidad.com\/#organization\",\"name\":\"Soluci\u00f3n Obesidad\",\"url\":\"https:\/\/www.solucionobesidad.com\/\",\"logo\":{\"@type\":\"ImageObject\",\"inLanguage\":\"en-US\",\"@id\":\"https:\/\/www.solucionobesidad.com\/#\/schema\/logo\/image\/\",\"url\":\"https:\/\/www.solucionobesidad.com\/wp-content\/uploads\/2024\/04\/logo-obesity-center-carlos-sala.svg\",\"contentUrl\":\"https:\/\/www.solucionobesidad.com\/wp-content\/uploads\/2024\/04\/logo-obesity-center-carlos-sala.svg\",\"width\":\"1024\",\"height\":\"1024\",\"caption\":\"Soluci\u00f3n Obesidad\"},\"image\":{\"@id\":\"https:\/\/www.solucionobesidad.com\/#\/schema\/logo\/image\/\"}}]}<\/script>\n<!-- \/ Yoast SEO plugin. -->","yoast_head_json":{"title":"Soluci\u00f3n Obesidad | Enfermedades por obesidad - Dr. Carlos Sala","description":"Descubre en Soluci\u00f3n Obesidad las enfermedades por obesidad, sus causas y c\u00f3mo combatirlas. Nuestra cl\u00ednica obesidad cuenta con los mejores profesionales del Hospital Quir\u00f3n de Valencia. Somos especialistas en todo tipo de tratamientos m\u00e9dicos, cirug\u00eda bari\u00e1trica y cirug\u00eda bypass g\u00e1strico.","robots":{"index":"index","follow":"follow","max-snippet":"max-snippet:-1","max-image-preview":"max-image-preview:large","max-video-preview":"max-video-preview:-1"},"canonical":"https:\/\/www.solucionobesidad.com\/enfermedades-asociadas-comorbilidades\/","og_locale":"en_US","og_type":"article","og_title":"Soluci\u00f3n Obesidad | Enfermedades por obesidad - Dr. Carlos Sala","og_description":"Descubre en Soluci\u00f3n Obesidad las enfermedades por obesidad, sus causas y c\u00f3mo combatirlas. Nuestra cl\u00ednica obesidad cuenta con los mejores profesionales del Hospital Quir\u00f3n de Valencia. Somos especialistas en todo tipo de tratamientos m\u00e9dicos, cirug\u00eda bari\u00e1trica y cirug\u00eda bypass g\u00e1strico.","og_url":"https:\/\/www.solucionobesidad.com\/enfermedades-asociadas-comorbilidades\/","og_site_name":"Soluci\u00f3n Obesidad","article_modified_time":"2024-04-25T12:02:17+00:00","twitter_card":"summary_large_image","twitter_misc":{"Est. reading time":"4 minutes"},"schema":{"@context":"https:\/\/schema.org","@graph":[{"@type":"WebPage","@id":"https:\/\/www.solucionobesidad.com\/enfermedades-asociadas-comorbilidades\/","url":"https:\/\/www.solucionobesidad.com\/enfermedades-asociadas-comorbilidades\/","name":"Soluci\u00f3n Obesidad | Enfermedades por obesidad - Dr. Carlos Sala","isPartOf":{"@id":"https:\/\/www.solucionobesidad.com\/#website"},"datePublished":"2024-03-15T08:57:04+00:00","dateModified":"2024-04-25T12:02:17+00:00","description":"Descubre en Soluci\u00f3n Obesidad las enfermedades por obesidad, sus causas y c\u00f3mo combatirlas. Nuestra cl\u00ednica obesidad cuenta con los mejores profesionales del Hospital Quir\u00f3n de Valencia. Somos especialistas en todo tipo de tratamientos m\u00e9dicos, cirug\u00eda bari\u00e1trica y cirug\u00eda bypass g\u00e1strico.","breadcrumb":{"@id":"https:\/\/www.solucionobesidad.com\/enfermedades-asociadas-comorbilidades\/#breadcrumb"},"inLanguage":"en-US","potentialAction":[{"@type":"ReadAction","target":["https:\/\/www.solucionobesidad.com\/enfermedades-asociadas-comorbilidades\/"]}]},{"@type":"BreadcrumbList","@id":"https:\/\/www.solucionobesidad.com\/enfermedades-asociadas-comorbilidades\/#breadcrumb","itemListElement":[{"@type":"ListItem","position":1,"name":"Home","item":"https:\/\/www.solucionobesidad.com\/"},{"@type":"ListItem","position":2,"name":"Associated diseases \u2013 Comorbidities"}]},{"@type":"WebSite","@id":"https:\/\/www.solucionobesidad.com\/#website","url":"https:\/\/www.solucionobesidad.com\/","name":"Soluci\u00f3n Obesidad","description":"","publisher":{"@id":"https:\/\/www.solucionobesidad.com\/#organization"},"potentialAction":[{"@type":"SearchAction","target":{"@type":"EntryPoint","urlTemplate":"https:\/\/www.solucionobesidad.com\/?s={search_term_string}"},"query-input":{"@type":"PropertyValueSpecification","valueRequired":true,"valueName":"search_term_string"}}],"inLanguage":"en-US"},{"@type":"Organization","@id":"https:\/\/www.solucionobesidad.com\/#organization","name":"Soluci\u00f3n Obesidad","url":"https:\/\/www.solucionobesidad.com\/","logo":{"@type":"ImageObject","inLanguage":"en-US","@id":"https:\/\/www.solucionobesidad.com\/#\/schema\/logo\/image\/","url":"https:\/\/www.solucionobesidad.com\/wp-content\/uploads\/2024\/04\/logo-obesity-center-carlos-sala.svg","contentUrl":"https:\/\/www.solucionobesidad.com\/wp-content\/uploads\/2024\/04\/logo-obesity-center-carlos-sala.svg","width":"1024","height":"1024","caption":"Soluci\u00f3n Obesidad"},"image":{"@id":"https:\/\/www.solucionobesidad.com\/#\/schema\/logo\/image\/"}}]}},"_links":{"self":[{"href":"https:\/\/www.solucionobesidad.com\/en\/wp-json\/wp\/v2\/pages\/1001","targetHints":{"allow":["GET"]}}],"collection":[{"href":"https:\/\/www.solucionobesidad.com\/en\/wp-json\/wp\/v2\/pages"}],"about":[{"href":"https:\/\/www.solucionobesidad.com\/en\/wp-json\/wp\/v2\/types\/page"}],"author":[{"embeddable":true,"href":"https:\/\/www.solucionobesidad.com\/en\/wp-json\/wp\/v2\/users\/1"}],"replies":[{"embeddable":true,"href":"https:\/\/www.solucionobesidad.com\/en\/wp-json\/wp\/v2\/comments?post=1001"}],"version-history":[{"count":0,"href":"https:\/\/www.solucionobesidad.com\/en\/wp-json\/wp\/v2\/pages\/1001\/revisions"}],"wp:attachment":[{"href":"https:\/\/www.solucionobesidad.com\/en\/wp-json\/wp\/v2\/media?parent=1001"}],"curies":[{"name":"wp","href":"https:\/\/api.w.org\/{rel}","templated":true}]}}