{"id":986,"date":"2024-03-15T09:53:13","date_gmt":"2024-03-15T08:53:13","guid":{"rendered":"https:\/\/www.solucionobesidad.com\/globesity-epidemie-des-jahrhunderts-xxi-de\/"},"modified":"2024-04-25T13:58:39","modified_gmt":"2024-04-25T11:58:39","slug":"globesity-epidemie-des-jahrhunderts-xxi-de","status":"publish","type":"page","link":"https:\/\/www.solucionobesidad.com\/de\/globesity-epidemie-des-jahrhunderts-xxi-de\/","title":{"rendered":"GLOBESITY \u2013 Epidemie des Jahrhunderts XXI"},"content":{"rendered":"<p>[et_pb_section fb_built=&#8220;1&#8243; _builder_version=&#8220;4.24.0&#8243; _module_preset=&#8220;default&#8220; background_color=&#8220;#5A8D7D&#8220; custom_padding=&#8220;0px||0px||true|false&#8220; global_colors_info=&#8220;{}&#8220;][et_pb_row _builder_version=&#8220;4.24.2&#8243; _module_preset=&#8220;default&#8220; custom_padding=&#8220;5em||0em||false|false&#8220; hover_enabled=&#8220;0&#8243; global_colors_info=&#8220;{}&#8220; width=&#8220;90%&#8220; sticky_enabled=&#8220;0&#8243;][et_pb_column type=&#8220;4_4&#8243; _builder_version=&#8220;4.24.0&#8243; _module_preset=&#8220;default&#8220; global_colors_info=&#8220;{}&#8220;][et_pb_text _builder_version=&#8220;4.24.2&#8243; _module_preset=&#8220;default&#8220; header_font=&#8220;Montserrat|700||on|||||&#8220; header_text_color=&#8220;#FFFFFF&#8220; header_font_size=&#8220;50px&#8220; custom_margin=&#8220;||2em||false|false&#8220; custom_padding=&#8220;0px||0px||true|false&#8220; global_colors_info=&#8220;{}&#8220;]<\/p>\n<h1 class=\"page-title\">GLOBESITY \u2013 EPIDEMIE DES JAHRHUNDERTS XXI<\/h1>\n<p>[\/et_pb_text][et_pb_code _builder_version=&#8220;4.24.2&#8243; _module_preset=&#8220;default&#8220; background_color=&#8220;rgba(0,0,0,0.6)&#8220; positioning=&#8220;relative&#8220; position_origin_a=&#8220;bottom_left&#8220; text_orientation=&#8220;left&#8220; width=&#8220;100%&#8220; custom_padding=&#8220;0.5em|1em|0.5em|1em|true|true&#8220; custom_css_main_element=&#8220;max-width:fit-content;||&#8220; custom_css_free_form=&#8220;selector p,||selector a{||  color:white !important;||  font-size:14px;||}&#8220; locked=&#8220;off&#8220; global_colors_info=&#8220;{}&#8220;]<pee><span class=\"breadcrumbs\"><p><a href=\"\/de\">Heim<\/a> \/ <a href=\"https:\/\/www.solucionobesidad.com\/de\/globesity-epidemie-des-jahrhunderts-xxi-de\/\">GLOBESITY \u2013 Epidemie des Jahrhunderts XXI<\/a><\/p><\/span><\/pee>[\/et_pb_code][\/et_pb_column][\/et_pb_row][\/et_pb_section][et_pb_section fb_built=&#8220;1&#8243; _builder_version=&#8220;4.24.0&#8243; _module_preset=&#8220;default&#8220; global_colors_info=&#8220;{}&#8220;][et_pb_row column_structure=&#8220;2_3,1_3&#8243; _builder_version=&#8220;4.24.2&#8243; _module_preset=&#8220;default&#8220; hover_enabled=&#8220;0&#8243; global_colors_info=&#8220;{}&#8220; width=&#8220;90%&#8220; sticky_enabled=&#8220;0&#8243;][et_pb_column type=&#8220;2_3&#8243; _builder_version=&#8220;4.24.0&#8243; _module_preset=&#8220;default&#8220; global_colors_info=&#8220;{}&#8220;][et_pb_text _builder_version=&#8220;4.24.2&#8243; _module_preset=&#8220;default&#8220; text_font=&#8220;|300|||||||&#8220; header_font=&#8220;Montserrat|700||on|||||&#8220; header_text_color=&#8220;#FFFFFF&#8220; header_font_size=&#8220;50px&#8220; header_2_font=&#8220;Montserrat|700||on|||||&#8220; header_2_text_color=&#8220;#000000&#8243; header_2_font_size=&#8220;30px&#8220; custom_margin=&#8220;||0px||false|false&#8220; custom_padding=&#8220;0px||0px||true|false&#8220; global_colors_info=&#8220;{}&#8220;]<\/p>\n<p><strong>Seit 1998 sch\u00e4tz die Weltgesundheitsorganisation (WHO), dass Fettleibigkeit eine globale Epidemie<\/strong>\u00a0ist, mit hoher Frequenz in den Industriel\u00e4ndern und ein grossen Anstieg in den Entwicklungsl\u00e4ndern, in denen Unterern\u00e4hrung und Fettleibigkeit koexistieren.<\/p>\n<p>Die Fettleibigkeit hat sich in der Welt in weniger als 10 Jahren verdoppelt.<\/p>\n<p>Nach Angaben des Europ\u00e4ischen Regionalb\u00fcros der World Health Organisation (WHO), es wird eine beispiellose Zunahme der Fettleibigkeit in Europa gesch\u00e4tzt. Mit katastrophalen Prognosen f\u00fcr 2.030, wo 60% der Frauen und 70% der M\u00e4nner \u00fcbergewicht leiden un ein Drittel fettleibig sein werden.<\/p>\n<p>In Spanien wird gesch\u00e4tzt, dass 80% der M\u00e4nner und fact 60% der Frauen werden in der Zukunft \u00fcbergewicht haben und 36% und 21%, bzw, fettleibig sind. In manche L\u00e4nder wie Irland, die Prognose ist noch schlimmer, mit einem gesch\u00e4tzten \u00fcbergewicht von 90% der Population und die H\u00e4lfte wird fettleibig sein.<\/p>\n<p>In Bezug auf Diabetes, es wird gesch\u00e4tzt, dass es 400 Millionen Diabetiker-Patienten weltweit gibt, von denen 90% sind Typ 2 im Zusammenhang mit Fettleibigkeit.<\/p>\n<p>In einigen Nachbarl\u00e4ndern wie Gro\u00dfbritannien, es wurden die Gesundheitskosten, welche mit \u00dcbergewicht verbunden sind, bei 6,5 Billionen Pfunde j\u00e4hrlich gesch\u00e4tzt. Und es wird mit einem Zuwachs auf 10 Milliarden j\u00e4hrlich in 2025 (fast 12 Billionen EURO) gerechnet.<\/p>\n<p>Die gesch\u00e4tzten Kosten in Bezug auf Diabetes werden von 2,2 Milliarden auf fast 4 Milliarden Pfund pro Jahr aufwachsen.<\/p>\n<p>Beide Fettleibigkeit \u2013\u00a0<strong>Globesity<\/strong>, wie die Verbindung Diabetes +Fettleibigkeit \u2013<strong>Diabesity<\/strong>, sind die\u00a0<strong>Epidemie des 21 Jahrhunderts<\/strong>, mit unkalkulierbaren wirtschaftlichen, sozialen und Gesundheitskosten.<\/p>\n<p>[\/et_pb_text][\/et_pb_column][et_pb_column type=&#8220;1_3&#8243; _builder_version=&#8220;4.24.0&#8243; _module_preset=&#8220;default&#8220; global_colors_info=&#8220;{}&#8220;][et_pb_image src=&#8220;https:\/\/www.solucionobesidad.com\/wp-content\/uploads\/2024\/03\/obesidad-1-1.webp&#8220; title_text=&#8220;obesidad-1-1&#8243; align=&#8220;right&#8220; _builder_version=&#8220;4.24.0&#8243; _module_preset=&#8220;default&#8220; global_colors_info=&#8220;{}&#8220;][\/et_pb_image][\/et_pb_column][\/et_pb_row][\/et_pb_section]<\/p>\n","protected":false},"excerpt":{"rendered":"<p>GLOBESITY \u2013 EPIDEMIE DES JAHRHUNDERTS XXI<span class=\"breadcrumbs\"><p><a href=\"\/de\">Heim<\/a> \/ <a href=\"https:\/\/www.solucionobesidad.com\/de\/globesity-epidemie-des-jahrhunderts-xxi-de\/\">GLOBESITY \u2013 Epidemie des Jahrhunderts XXI<\/a><\/p><\/span>Seit 1998 sch\u00e4tz die Weltgesundheitsorganisation (WHO), dass Fettleibigkeit eine globale Epidemie\u00a0ist, mit hoher Frequenz in den Industriel\u00e4ndern und ein grossen Anstieg in den Entwicklungsl\u00e4ndern, in denen Unterern\u00e4hrung und Fettleibigkeit koexistieren. Die Fettleibigkeit hat sich in der Welt in weniger als 10 Jahren verdoppelt. Nach Angaben des Europ\u00e4ischen Regionalb\u00fcros der World [&hellip;]<\/p>\n","protected":false},"author":1,"featured_media":0,"parent":0,"menu_order":0,"comment_status":"closed","ping_status":"closed","template":"","meta":{"_acf_changed":false,"_et_pb_use_builder":"on","_et_pb_old_content":"","_et_gb_content_width":"","inline_featured_image":false,"footnotes":""},"class_list":["post-986","page","type-page","status-publish","hentry"],"acf":[],"yoast_head":"<!-- This site is optimized with the Yoast SEO plugin v23.5 - https:\/\/yoast.com\/wordpress\/plugins\/seo\/ -->\n<title>Soluci\u00f3n Obesidad | Causas de la obesidad - Dr. Carlos Sala<\/title>\n<meta name=\"description\" content=\"\u00bfQuieres conocer las causas de la obesidad? En Soluci\u00f3n Obesidad te explicamos que es la obesidad y las t\u00e9cnicas para tratar la enfermedad, que se ha convertido en una epidemia del siglo XXI. Contacta con nosotros e inf\u00f3rmate sobre los diferentes tratamientos con especialistas del Hospital Quir\u00f3n.\" \/>\n<meta name=\"robots\" content=\"index, follow, max-snippet:-1, max-image-preview:large, max-video-preview:-1\" \/>\n<link rel=\"canonical\" href=\"https:\/\/www.solucionobesidad.com\/globesidad-epidemia-del-siglo-xxi\/\" \/>\n<meta property=\"og:locale\" content=\"de_DE\" \/>\n<meta property=\"og:type\" content=\"article\" \/>\n<meta property=\"og:title\" content=\"Soluci\u00f3n Obesidad | Causas de la obesidad - Dr. Carlos Sala\" \/>\n<meta property=\"og:description\" content=\"\u00bfQuieres conocer las causas de la obesidad? En Soluci\u00f3n Obesidad te explicamos que es la obesidad y las t\u00e9cnicas para tratar la enfermedad, que se ha convertido en una epidemia del siglo XXI. Contacta con nosotros e inf\u00f3rmate sobre los diferentes tratamientos con especialistas del Hospital Quir\u00f3n.\" \/>\n<meta property=\"og:url\" content=\"https:\/\/www.solucionobesidad.com\/globesidad-epidemia-del-siglo-xxi\/\" \/>\n<meta property=\"og:site_name\" content=\"Soluci\u00f3n Obesidad\" \/>\n<meta property=\"article:modified_time\" content=\"2024-04-25T11:58:39+00:00\" \/>\n<meta name=\"twitter:card\" content=\"summary_large_image\" \/>\n<meta name=\"twitter:label1\" content=\"Gesch\u00e4tzte Lesezeit\" \/>\n\t<meta name=\"twitter:data1\" content=\"3\u00a0Minuten\" \/>\n<script type=\"application\/ld+json\" class=\"yoast-schema-graph\">{\"@context\":\"https:\/\/schema.org\",\"@graph\":[{\"@type\":\"WebPage\",\"@id\":\"https:\/\/www.solucionobesidad.com\/globesidad-epidemia-del-siglo-xxi\/\",\"url\":\"https:\/\/www.solucionobesidad.com\/globesidad-epidemia-del-siglo-xxi\/\",\"name\":\"Soluci\u00f3n Obesidad | Causas de la obesidad - Dr. Carlos Sala\",\"isPartOf\":{\"@id\":\"https:\/\/www.solucionobesidad.com\/#website\"},\"datePublished\":\"2024-03-15T08:53:13+00:00\",\"dateModified\":\"2024-04-25T11:58:39+00:00\",\"description\":\"\u00bfQuieres conocer las causas de la obesidad? En Soluci\u00f3n Obesidad te explicamos que es la obesidad y las t\u00e9cnicas para tratar la enfermedad, que se ha convertido en una epidemia del siglo XXI. Contacta con nosotros e inf\u00f3rmate sobre los diferentes tratamientos con especialistas del Hospital Quir\u00f3n.\",\"breadcrumb\":{\"@id\":\"https:\/\/www.solucionobesidad.com\/globesidad-epidemia-del-siglo-xxi\/#breadcrumb\"},\"inLanguage\":\"de\",\"potentialAction\":[{\"@type\":\"ReadAction\",\"target\":[\"https:\/\/www.solucionobesidad.com\/globesidad-epidemia-del-siglo-xxi\/\"]}]},{\"@type\":\"BreadcrumbList\",\"@id\":\"https:\/\/www.solucionobesidad.com\/globesidad-epidemia-del-siglo-xxi\/#breadcrumb\",\"itemListElement\":[{\"@type\":\"ListItem\",\"position\":1,\"name\":\"Home\",\"item\":\"https:\/\/www.solucionobesidad.com\/\"},{\"@type\":\"ListItem\",\"position\":2,\"name\":\"GLOBESITY \u2013 Epidemie des Jahrhunderts XXI\"}]},{\"@type\":\"WebSite\",\"@id\":\"https:\/\/www.solucionobesidad.com\/#website\",\"url\":\"https:\/\/www.solucionobesidad.com\/\",\"name\":\"Soluci\u00f3n Obesidad\",\"description\":\"\",\"publisher\":{\"@id\":\"https:\/\/www.solucionobesidad.com\/#organization\"},\"potentialAction\":[{\"@type\":\"SearchAction\",\"target\":{\"@type\":\"EntryPoint\",\"urlTemplate\":\"https:\/\/www.solucionobesidad.com\/?s={search_term_string}\"},\"query-input\":{\"@type\":\"PropertyValueSpecification\",\"valueRequired\":true,\"valueName\":\"search_term_string\"}}],\"inLanguage\":\"de\"},{\"@type\":\"Organization\",\"@id\":\"https:\/\/www.solucionobesidad.com\/#organization\",\"name\":\"Soluci\u00f3n Obesidad\",\"url\":\"https:\/\/www.solucionobesidad.com\/\",\"logo\":{\"@type\":\"ImageObject\",\"inLanguage\":\"de\",\"@id\":\"https:\/\/www.solucionobesidad.com\/#\/schema\/logo\/image\/\",\"url\":\"https:\/\/www.solucionobesidad.com\/wp-content\/uploads\/2024\/04\/logo-obesity-center-carlos-sala.svg\",\"contentUrl\":\"https:\/\/www.solucionobesidad.com\/wp-content\/uploads\/2024\/04\/logo-obesity-center-carlos-sala.svg\",\"width\":\"1024\",\"height\":\"1024\",\"caption\":\"Soluci\u00f3n Obesidad\"},\"image\":{\"@id\":\"https:\/\/www.solucionobesidad.com\/#\/schema\/logo\/image\/\"}}]}<\/script>\n<!-- \/ Yoast SEO plugin. -->","yoast_head_json":{"title":"Soluci\u00f3n Obesidad | Causas de la obesidad - Dr. Carlos Sala","description":"\u00bfQuieres conocer las causas de la obesidad? En Soluci\u00f3n Obesidad te explicamos que es la obesidad y las t\u00e9cnicas para tratar la enfermedad, que se ha convertido en una epidemia del siglo XXI. Contacta con nosotros e inf\u00f3rmate sobre los diferentes tratamientos con especialistas del Hospital Quir\u00f3n.","robots":{"index":"index","follow":"follow","max-snippet":"max-snippet:-1","max-image-preview":"max-image-preview:large","max-video-preview":"max-video-preview:-1"},"canonical":"https:\/\/www.solucionobesidad.com\/globesidad-epidemia-del-siglo-xxi\/","og_locale":"de_DE","og_type":"article","og_title":"Soluci\u00f3n Obesidad | Causas de la obesidad - Dr. Carlos Sala","og_description":"\u00bfQuieres conocer las causas de la obesidad? En Soluci\u00f3n Obesidad te explicamos que es la obesidad y las t\u00e9cnicas para tratar la enfermedad, que se ha convertido en una epidemia del siglo XXI. Contacta con nosotros e inf\u00f3rmate sobre los diferentes tratamientos con especialistas del Hospital Quir\u00f3n.","og_url":"https:\/\/www.solucionobesidad.com\/globesidad-epidemia-del-siglo-xxi\/","og_site_name":"Soluci\u00f3n Obesidad","article_modified_time":"2024-04-25T11:58:39+00:00","twitter_card":"summary_large_image","twitter_misc":{"Gesch\u00e4tzte Lesezeit":"3\u00a0Minuten"},"schema":{"@context":"https:\/\/schema.org","@graph":[{"@type":"WebPage","@id":"https:\/\/www.solucionobesidad.com\/globesidad-epidemia-del-siglo-xxi\/","url":"https:\/\/www.solucionobesidad.com\/globesidad-epidemia-del-siglo-xxi\/","name":"Soluci\u00f3n Obesidad | Causas de la obesidad - Dr. Carlos Sala","isPartOf":{"@id":"https:\/\/www.solucionobesidad.com\/#website"},"datePublished":"2024-03-15T08:53:13+00:00","dateModified":"2024-04-25T11:58:39+00:00","description":"\u00bfQuieres conocer las causas de la obesidad? En Soluci\u00f3n Obesidad te explicamos que es la obesidad y las t\u00e9cnicas para tratar la enfermedad, que se ha convertido en una epidemia del siglo XXI. Contacta con nosotros e inf\u00f3rmate sobre los diferentes tratamientos con especialistas del Hospital Quir\u00f3n.","breadcrumb":{"@id":"https:\/\/www.solucionobesidad.com\/globesidad-epidemia-del-siglo-xxi\/#breadcrumb"},"inLanguage":"de","potentialAction":[{"@type":"ReadAction","target":["https:\/\/www.solucionobesidad.com\/globesidad-epidemia-del-siglo-xxi\/"]}]},{"@type":"BreadcrumbList","@id":"https:\/\/www.solucionobesidad.com\/globesidad-epidemia-del-siglo-xxi\/#breadcrumb","itemListElement":[{"@type":"ListItem","position":1,"name":"Home","item":"https:\/\/www.solucionobesidad.com\/"},{"@type":"ListItem","position":2,"name":"GLOBESITY \u2013 Epidemie des Jahrhunderts XXI"}]},{"@type":"WebSite","@id":"https:\/\/www.solucionobesidad.com\/#website","url":"https:\/\/www.solucionobesidad.com\/","name":"Soluci\u00f3n Obesidad","description":"","publisher":{"@id":"https:\/\/www.solucionobesidad.com\/#organization"},"potentialAction":[{"@type":"SearchAction","target":{"@type":"EntryPoint","urlTemplate":"https:\/\/www.solucionobesidad.com\/?s={search_term_string}"},"query-input":{"@type":"PropertyValueSpecification","valueRequired":true,"valueName":"search_term_string"}}],"inLanguage":"de"},{"@type":"Organization","@id":"https:\/\/www.solucionobesidad.com\/#organization","name":"Soluci\u00f3n Obesidad","url":"https:\/\/www.solucionobesidad.com\/","logo":{"@type":"ImageObject","inLanguage":"de","@id":"https:\/\/www.solucionobesidad.com\/#\/schema\/logo\/image\/","url":"https:\/\/www.solucionobesidad.com\/wp-content\/uploads\/2024\/04\/logo-obesity-center-carlos-sala.svg","contentUrl":"https:\/\/www.solucionobesidad.com\/wp-content\/uploads\/2024\/04\/logo-obesity-center-carlos-sala.svg","width":"1024","height":"1024","caption":"Soluci\u00f3n Obesidad"},"image":{"@id":"https:\/\/www.solucionobesidad.com\/#\/schema\/logo\/image\/"}}]}},"_links":{"self":[{"href":"https:\/\/www.solucionobesidad.com\/de\/wp-json\/wp\/v2\/pages\/986","targetHints":{"allow":["GET"]}}],"collection":[{"href":"https:\/\/www.solucionobesidad.com\/de\/wp-json\/wp\/v2\/pages"}],"about":[{"href":"https:\/\/www.solucionobesidad.com\/de\/wp-json\/wp\/v2\/types\/page"}],"author":[{"embeddable":true,"href":"https:\/\/www.solucionobesidad.com\/de\/wp-json\/wp\/v2\/users\/1"}],"replies":[{"embeddable":true,"href":"https:\/\/www.solucionobesidad.com\/de\/wp-json\/wp\/v2\/comments?post=986"}],"version-history":[{"count":0,"href":"https:\/\/www.solucionobesidad.com\/de\/wp-json\/wp\/v2\/pages\/986\/revisions"}],"wp:attachment":[{"href":"https:\/\/www.solucionobesidad.com\/de\/wp-json\/wp\/v2\/media?parent=986"}],"curies":[{"name":"wp","href":"https:\/\/api.w.org\/{rel}","templated":true}]}}