{"id":1098,"date":"2024-03-14T16:24:24","date_gmt":"2024-03-14T15:24:24","guid":{"rendered":"https:\/\/www.solucionobesidad.com\/kontakt-de\/"},"modified":"2024-04-30T15:45:06","modified_gmt":"2024-04-30T13:45:06","slug":"kontakt-de","status":"publish","type":"page","link":"https:\/\/www.solucionobesidad.com\/de\/kontakt-de\/","title":{"rendered":"Kontakt"},"content":{"rendered":"<p>[et_pb_section fb_built=&#8220;1&#8243; _builder_version=&#8220;4.24.0&#8243; _module_preset=&#8220;default&#8220; background_color=&#8220;#5A8D7D&#8220; custom_padding=&#8220;0px||0px||true|false&#8220; global_colors_info=&#8220;{}&#8220;][et_pb_row _builder_version=&#8220;4.24.2&#8243; _module_preset=&#8220;default&#8220; custom_padding=&#8220;5em||0em||false|false&#8220; global_colors_info=&#8220;{}&#8220;][et_pb_column type=&#8220;4_4&#8243; _builder_version=&#8220;4.24.0&#8243; _module_preset=&#8220;default&#8220; global_colors_info=&#8220;{}&#8220;][et_pb_text _builder_version=&#8220;4.24.2&#8243; _module_preset=&#8220;default&#8220; header_font=&#8220;Montserrat|700||on|||||&#8220; header_text_color=&#8220;#FFFFFF&#8220; header_font_size=&#8220;50px&#8220; custom_margin=&#8220;||2em||false|false&#8220; custom_padding=&#8220;0px||0px||true|false&#8220; global_colors_info=&#8220;{}&#8220;]<\/p>\n<h1 class=\"page-title\">KONTAKT<\/h1>\n<p>[\/et_pb_text][et_pb_code _builder_version=&#8220;4.24.2&#8243; _module_preset=&#8220;default&#8220; background_color=&#8220;rgba(0,0,0,0.6)&#8220; positioning=&#8220;relative&#8220; position_origin_a=&#8220;bottom_left&#8220; text_orientation=&#8220;left&#8220; width=&#8220;100%&#8220; custom_padding=&#8220;0.5em|1em|0.5em|1em|true|true&#8220; custom_css_main_element=&#8220;max-width:fit-content;||&#8220; custom_css_free_form=&#8220;selector p,||selector a{||  color:white !important;||  font-size:14px;||}&#8220; locked=&#8220;off&#8220; global_colors_info=&#8220;{}&#8220;]<pee><span class=\"breadcrumbs\"><p><a href=\"\/de\">Heim<\/a> \/ <a href=\"https:\/\/www.solucionobesidad.com\/de\/kontakt-de\/\">Kontakt<\/a><\/p><\/span><\/pee>[\/et_pb_code][\/et_pb_column][\/et_pb_row][\/et_pb_section][et_pb_section fb_built=&#8220;1&#8243; _builder_version=&#8220;4.24.0&#8243; _module_preset=&#8220;default&#8220; global_colors_info=&#8220;{}&#8220;][et_pb_row column_structure=&#8220;2_3,1_3&#8243; _builder_version=&#8220;4.24.2&#8243; _module_preset=&#8220;default&#8220; width=&#8220;90%&#8220; global_colors_info=&#8220;{}&#8220;][et_pb_column type=&#8220;2_3&#8243; _builder_version=&#8220;4.24.0&#8243; _module_preset=&#8220;default&#8220; global_colors_info=&#8220;{}&#8220;][et_pb_text _builder_version=&#8220;4.24.2&#8243; _module_preset=&#8220;default&#8220; header_font=&#8220;Montserrat|700||on|||||&#8220; header_text_color=&#8220;#FFFFFF&#8220; header_font_size=&#8220;50px&#8220; header_2_font=&#8220;Montserrat|700||on|||||&#8220; header_2_text_color=&#8220;#000000&#8243; header_2_font_size=&#8220;30px&#8220; custom_margin=&#8220;||0px||false|false&#8220; custom_padding=&#8220;0px||0px||true|false&#8220; global_colors_info=&#8220;{}&#8220;]<\/p>\n<h2><span data-sheets-root=\"1\" data-sheets-value=\"{&quot;1&quot;:2,&quot;2&quot;:&quot;KONTAKT MIT UNS&quot;}\" data-sheets-userformat=\"{&quot;2&quot;:1021,&quot;3&quot;:{&quot;1&quot;:0},&quot;5&quot;:{&quot;1&quot;:[{&quot;1&quot;:2,&quot;2&quot;:0,&quot;5&quot;:{&quot;1&quot;:2,&quot;2&quot;:0}},{&quot;1&quot;:0,&quot;2&quot;:0,&quot;3&quot;:3},{&quot;1&quot;:1,&quot;2&quot;:0,&quot;4&quot;:1}]},&quot;6&quot;:{&quot;1&quot;:[{&quot;1&quot;:2,&quot;2&quot;:0,&quot;5&quot;:{&quot;1&quot;:2,&quot;2&quot;:0}},{&quot;1&quot;:0,&quot;2&quot;:0,&quot;3&quot;:3},{&quot;1&quot;:1,&quot;2&quot;:0,&quot;4&quot;:1}]},&quot;7&quot;:{&quot;1&quot;:[{&quot;1&quot;:2,&quot;2&quot;:0,&quot;5&quot;:{&quot;1&quot;:2,&quot;2&quot;:0}},{&quot;1&quot;:0,&quot;2&quot;:0,&quot;3&quot;:3},{&quot;1&quot;:1,&quot;2&quot;:0,&quot;4&quot;:1}]},&quot;8&quot;:{&quot;1&quot;:[{&quot;1&quot;:2,&quot;2&quot;:0,&quot;5&quot;:{&quot;1&quot;:2,&quot;2&quot;:0}},{&quot;1&quot;:0,&quot;2&quot;:0,&quot;3&quot;:3},{&quot;1&quot;:1,&quot;2&quot;:0,&quot;4&quot;:1}]},&quot;9&quot;:1,&quot;10&quot;:1,&quot;11&quot;:4,&quot;12&quot;:0}\">KONTAKT MIT UNS<\/span><\/h2>\n<p>[\/et_pb_text][\/et_pb_column][et_pb_column type=&#8220;1_3&#8243; _builder_version=&#8220;4.24.0&#8243; _module_preset=&#8220;default&#8220; global_colors_info=&#8220;{}&#8220;][et_pb_text _builder_version=&#8220;4.24.2&#8243; _module_preset=&#8220;default&#8220; header_font=&#8220;Montserrat|700||on|||||&#8220; header_text_color=&#8220;#FFFFFF&#8220; header_font_size=&#8220;50px&#8220; header_2_font=&#8220;Montserrat|700||on|||||&#8220; header_2_text_color=&#8220;#000000&#8243; header_2_font_size=&#8220;30px&#8220; custom_margin=&#8220;||0px||false|false&#8220; custom_padding=&#8220;0px||0px||true|false&#8220; global_colors_info=&#8220;{}&#8220;]<\/p>\n<h2 style=\"text-align: center;\">Referenzen<\/h2>\n<p>[\/et_pb_text][\/et_pb_column][\/et_pb_row][et_pb_row column_structure=&#8220;2_3,1_3&#8243; _builder_version=&#8220;4.24.2&#8243; _module_preset=&#8220;default&#8220; width=&#8220;90%&#8220; global_colors_info=&#8220;{}&#8220;][et_pb_column type=&#8220;2_3&#8243; _builder_version=&#8220;4.24.0&#8243; _module_preset=&#8220;default&#8220; global_colors_info=&#8220;{}&#8220;][et_pb_code _builder_version=&#8220;4.24.2&#8243; _module_preset=&#8220;default&#8220; global_colors_info=&#8220;{}&#8220;]<pee>\n<div class=\"wpcf7 no-js\" id=\"wpcf7-f1097-o1\" lang=\"es-ES\" dir=\"ltr\">\n<div class=\"screen-reader-response\"><p role=\"status\" aria-live=\"polite\" aria-atomic=\"true\"><\/p> <ul><\/ul><\/div>\n<form action=\"\/de\/wp-json\/wp\/v2\/pages\/1098#wpcf7-f1097-o1\" method=\"post\" class=\"wpcf7-form init\" aria-label=\"Formulario de contacto\" novalidate=\"novalidate\" data-status=\"init\">\n<div style=\"display: none;\">\n<input type=\"hidden\" name=\"_wpcf7\" value=\"1097\" \/>\n<input type=\"hidden\" name=\"_wpcf7_version\" value=\"5.9.8\" \/>\n<input type=\"hidden\" name=\"_wpcf7_locale\" value=\"es_ES\" \/>\n<input type=\"hidden\" name=\"_wpcf7_unit_tag\" value=\"wpcf7-f1097-o1\" \/>\n<input type=\"hidden\" name=\"_wpcf7_container_post\" value=\"0\" \/>\n<input type=\"hidden\" name=\"_wpcf7_posted_data_hash\" value=\"\" \/>\n<\/div>\n<div class=\"row\">\n\t<div class=\"col-md-6\">\n\t\t<p><span class=\"wpcf7-form-control-wrap\" data-name=\"your-fname\"><input size=\"40\" maxlength=\"400\" class=\"wpcf7-form-control wpcf7-text wpcf7-validates-as-required\" aria-required=\"true\" aria-invalid=\"false\" placeholder=\"Vorname *\" value=\"\" type=\"text\" name=\"your-fname\" \/><\/span>\n\t\t<\/p>\n\t<\/div>\n\t<div class=\"col-md-6\">\n\t\t<p><span class=\"wpcf7-form-control-wrap\" data-name=\"your-lname\"><input size=\"40\" maxlength=\"400\" class=\"wpcf7-form-control wpcf7-text wpcf7-validates-as-required\" aria-required=\"true\" aria-invalid=\"false\" placeholder=\"Nachnamen *\" value=\"\" type=\"text\" name=\"your-lname\" \/><\/span>\n\t\t<\/p>\n\t<\/div>\n<\/div>\n<div class=\"row\">\n\t<div class=\"col-md-6\">\n\t\t<p><span class=\"wpcf7-form-control-wrap\" data-name=\"your-email\"><input size=\"40\" maxlength=\"400\" class=\"wpcf7-form-control wpcf7-email wpcf7-validates-as-required wpcf7-text wpcf7-validates-as-email\" aria-required=\"true\" aria-invalid=\"false\" placeholder=\"Deine E-Mail *\" value=\"\" type=\"email\" name=\"your-email\" \/><\/span>\n\t\t<\/p>\n\t<\/div>\n\t<div class=\"col-md-6\">\n\t\t<p><span class=\"wpcf7-form-control-wrap\" data-name=\"your-phone\"><input size=\"40\" maxlength=\"400\" class=\"wpcf7-form-control wpcf7-tel wpcf7-validates-as-required wpcf7-text wpcf7-validates-as-tel\" aria-required=\"true\" aria-invalid=\"false\" placeholder=\"Deine Telefonnummer *\" value=\"\" type=\"tel\" name=\"your-phone\" \/><\/span>\n\t\t<\/p>\n\t<\/div>\n<\/div>\n<p><span class=\"wpcf7-form-control-wrap\" data-name=\"your-message\"><textarea cols=\"40\" rows=\"10\" maxlength=\"2000\" class=\"wpcf7-form-control wpcf7-textarea\" aria-invalid=\"false\" placeholder=\"Nachricht\" name=\"your-message\"><\/textarea><\/span>\n<\/p>\n<p>**Wenn Sie diese Nachricht senden, akzeptieren Sie unsere <a href=\"http:\/\/www.solucionobesidad.com\/politica-de-proteccion-de-datos-y-condiciones-de-uso\">Datenschutzerkl\u00e4rung.<\/a>\n<\/p>\n<p><span id=\"wpcf7-69f0fb52eae62-wrapper\" class=\"wpcf7-form-control-wrap email-wrap\" style=\"display:none !important; visibility:hidden !important;\"><label for=\"wpcf7-69f0fb52eae62-field\" class=\"hp-message\">Por favor, deja este campo vac\u00edo.<\/label><input id=\"wpcf7-69f0fb52eae62-field\"  class=\"wpcf7-form-control wpcf7-text\" type=\"text\" name=\"email\" value=\"\" size=\"40\" tabindex=\"-1\" autocomplete=\"new-password\" \/><\/span>\n<\/p>\n<p class=\"text-center\"><input class=\"wpcf7-form-control wpcf7-submit has-spinner\" type=\"submit\" value=\"Jetzt abschicken\" \/>\n<\/p><div class=\"wpcf7-response-output\" aria-hidden=\"true\"><\/div>\n<\/form>\n<\/div>\n<\/pee>[\/et_pb_code][\/et_pb_column][et_pb_column type=&#8220;1_3&#8243; _builder_version=&#8220;4.24.0&#8243; _module_preset=&#8220;default&#8220; global_colors_info=&#8220;{}&#8220;][et_pb_testimonial quote_icon_color=&#8220;RGBA(255,255,255,0)&#8220; quote_icon_background_color=&#8220;RGBA(255,255,255,0)&#8220; _builder_version=&#8220;4.24.2&#8243; _module_preset=&#8220;default&#8220; body_font=&#8220;|300|||||||&#8220; min_height=&#8220;300px&#8220; custom_margin=&#8220;|4px||25px||&#8220; custom_padding=&#8220;|||6px||&#8220; custom_css_testimonial_portrait=&#8220;position:absolute;||top:-2em;||left:-2em;&#8220; custom_css_testimonial_description=&#8220;padding-left:3em;&#8220; global_colors_info=&#8220;{}&#8220;]<\/p>\n<p>Tengo 29 a\u00f1os y volv\u00ed a nacer cuando el Dr. Carlos Sala me realiz\u00f3 un by-pass g\u00e1strico. Mi peso antes de la operaci\u00f3n era de 124 Kg. Hoy peso 60 Kg. Un completo \u00e9xito y lo repetir\u00eda sin dudarlo. A los tres d\u00edas estaba ya en mi casa y al mes ya me hab\u00eda incorporado al trabajo.<\/p>\n<p style=\"float: right;\"><strong>C.R.N \/\u00a0\u00a0<\/strong><\/p>\n<p>[\/et_pb_testimonial][et_pb_testimonial quote_icon_color=&#8220;RGBA(255,255,255,0)&#8220; quote_icon_background_color=&#8220;RGBA(255,255,255,0)&#8220; _builder_version=&#8220;4.24.2&#8243; _module_preset=&#8220;default&#8220; body_font=&#8220;|300|||||||&#8220; min_height=&#8220;300px&#8220; custom_margin=&#8220;|4px||25px||&#8220; custom_padding=&#8220;|||6px||&#8220; custom_css_testimonial_portrait=&#8220;position:absolute;||top:-2em;||left:-2em;&#8220; custom_css_testimonial_description=&#8220;padding-left:3em;&#8220; global_colors_info=&#8220;{}&#8220;]Tengo 45 a\u00f1os y he llegado a pesar 160 Kilos antes de ser operado por el doctor Sala en la Cl\u00ednica Quir\u00f3n de Valencia. Mi vida me cambi\u00f3 desde la operaci\u00f3n, porque mi vida de obeso era muy dif\u00edcil y triste, y gracias a la reducci\u00f3n de est\u00f3mago vivo muy feliz y m\u00e1s tranquilo.<\/p>\n<p style=\"float: right;\"><strong>B.O.P \/\u00a0<\/strong><\/p>\n<p>[\/et_pb_testimonial][\/et_pb_column][\/et_pb_row][\/et_pb_section][et_pb_section fb_built=&#8220;1&#8243; _builder_version=&#8220;4.24.0&#8243; _module_preset=&#8220;default&#8220; custom_padding=&#8220;0px||0px||true|false&#8220; global_colors_info=&#8220;{}&#8220;][et_pb_row _builder_version=&#8220;4.24.0&#8243; _module_preset=&#8220;default&#8220; width=&#8220;100%&#8220; max_width=&#8220;100%&#8220; custom_padding=&#8220;0px||0px||true|false&#8220; global_colors_info=&#8220;{}&#8220;][et_pb_column type=&#8220;4_4&#8243; _builder_version=&#8220;4.24.0&#8243; _module_preset=&#8220;default&#8220; global_colors_info=&#8220;{}&#8220;][et_pb_code _builder_version=&#8220;4.24.2&#8243; _module_preset=&#8220;default&#8220; global_colors_info=&#8220;{}&#8220;]<iframe src=\"https:\/\/www.google.com\/maps\/embed?pb=!1m18!1m12!1m3!1d1539.8328830621585!2d-0.36556466502263!3d39.476878882848375!2m3!1f0!2f0!3f0!3m2!1i1024!2i768!4f13.1!3m3!1m2!1s0xd6048a51864d707%3A0x153ea92572c05b8e!2sC.%20Artes%20Gr%C3%A1ficas%2C%204%2C%20El%20Llano%20del%20Real%2C%2046010%20Valencia%2C%20Espa%C3%B1a!5e0!3m2!1ses!2sus!4v1714484211537!5m2!1ses!2sus\" width=\"100%\" height=\"450\" style=\"border:0;\" allowfullscreen=\"\" loading=\"lazy\" referrerpolicy=\"no-referrer-when-downgrade\"><\/iframe>[\/et_pb_code][\/et_pb_column][\/et_pb_row][\/et_pb_section]<\/p>\n","protected":false},"excerpt":{"rendered":"<p>KONTAKT<span class=\"breadcrumbs\"><p><a href=\"\/de\">Heim<\/a> \/ <a href=\"https:\/\/www.solucionobesidad.com\/de\/kontakt-de\/\">Kontakt<\/a><\/p><\/span>KONTAKT MIT UNSReferenzen\n<div class=\"wpcf7 no-js\" id=\"wpcf7-f1097-o2\" lang=\"es-ES\" dir=\"ltr\">\n<div class=\"screen-reader-response\"><p role=\"status\" aria-live=\"polite\" aria-atomic=\"true\"><\/p> <ul><\/ul><\/div>\n<form action=\"\/de\/wp-json\/wp\/v2\/pages\/1098#wpcf7-f1097-o2\" method=\"post\" class=\"wpcf7-form init\" aria-label=\"Formulario de contacto\" novalidate=\"novalidate\" data-status=\"init\">\n<div style=\"display: none;\">\n<input type=\"hidden\" name=\"_wpcf7\" value=\"1097\" \/>\n<input type=\"hidden\" name=\"_wpcf7_version\" value=\"5.9.8\" \/>\n<input type=\"hidden\" name=\"_wpcf7_locale\" value=\"es_ES\" \/>\n<input type=\"hidden\" name=\"_wpcf7_unit_tag\" value=\"wpcf7-f1097-o2\" \/>\n<input type=\"hidden\" name=\"_wpcf7_container_post\" value=\"0\" \/>\n<input type=\"hidden\" name=\"_wpcf7_posted_data_hash\" value=\"\" \/>\n<\/div>\n<div class=\"row\">\n\t<div class=\"col-md-6\">\n\t\t<p><span class=\"wpcf7-form-control-wrap\" data-name=\"your-fname\"><input size=\"40\" maxlength=\"400\" class=\"wpcf7-form-control wpcf7-text wpcf7-validates-as-required\" aria-required=\"true\" aria-invalid=\"false\" placeholder=\"Vorname *\" value=\"\" type=\"text\" name=\"your-fname\" \/><\/span>\n\t\t<\/p>\n\t<\/div>\n\t<div class=\"col-md-6\">\n\t\t<p><span class=\"wpcf7-form-control-wrap\" data-name=\"your-lname\"><input size=\"40\" maxlength=\"400\" class=\"wpcf7-form-control wpcf7-text wpcf7-validates-as-required\" aria-required=\"true\" aria-invalid=\"false\" placeholder=\"Nachnamen *\" value=\"\" type=\"text\" name=\"your-lname\" \/><\/span>\n\t\t<\/p>\n\t<\/div>\n<\/div>\n<div class=\"row\">\n\t<div class=\"col-md-6\">\n\t\t<p><span class=\"wpcf7-form-control-wrap\" data-name=\"your-email\"><input size=\"40\" maxlength=\"400\" class=\"wpcf7-form-control wpcf7-email wpcf7-validates-as-required wpcf7-text wpcf7-validates-as-email\" aria-required=\"true\" aria-invalid=\"false\" placeholder=\"Deine E-Mail *\" value=\"\" type=\"email\" name=\"your-email\" \/><\/span>\n\t\t<\/p>\n\t<\/div>\n\t<div class=\"col-md-6\">\n\t\t<p><span class=\"wpcf7-form-control-wrap\" data-name=\"your-phone\"><input size=\"40\" maxlength=\"400\" class=\"wpcf7-form-control wpcf7-tel wpcf7-validates-as-required wpcf7-text wpcf7-validates-as-tel\" aria-required=\"true\" aria-invalid=\"false\" placeholder=\"Deine Telefonnummer *\" value=\"\" type=\"tel\" name=\"your-phone\" \/><\/span>\n\t\t<\/p>\n\t<\/div>\n<\/div>\n<p><span class=\"wpcf7-form-control-wrap\" data-name=\"your-message\"><textarea cols=\"40\" rows=\"10\" maxlength=\"2000\" class=\"wpcf7-form-control wpcf7-textarea\" aria-invalid=\"false\" placeholder=\"Nachricht\" name=\"your-message\"><\/textarea><\/span>\n<\/p>\n<p>**Wenn Sie diese Nachricht senden, akzeptieren Sie unsere <a href=\"http:\/\/www.solucionobesidad.com\/politica-de-proteccion-de-datos-y-condiciones-de-uso\">Datenschutzerkl\u00e4rung.<\/a>\n<\/p>\n<p><span id=\"wpcf7-69f0fb52f3f5d-wrapper\" class=\"wpcf7-form-control-wrap email-wrap\" style=\"display:none !important; visibility:hidden !important;\"><label for=\"wpcf7-69f0fb52f3f5d-field\" class=\"hp-message\">Por favor, deja este campo vac\u00edo.<\/label><input id=\"wpcf7-69f0fb52f3f5d-field\"  class=\"wpcf7-form-control wpcf7-text\" type=\"text\" name=\"email\" value=\"\" size=\"40\" tabindex=\"-1\" autocomplete=\"new-password\" \/><\/span>\n<\/p>\n<p class=\"text-center\"><input class=\"wpcf7-form-control wpcf7-submit has-spinner\" type=\"submit\" value=\"Jetzt abschicken\" \/>\n<\/p><div class=\"wpcf7-response-output\" aria-hidden=\"true\"><\/div>\n<\/form>\n<\/div>\nTengo 29 a\u00f1os y volv\u00ed a nacer cuando el Dr. Carlos Sala me realiz\u00f3 un by-pass g\u00e1strico. Mi peso antes de la operaci\u00f3n era de 124 Kg. Hoy peso 60 Kg. Un completo \u00e9xito y lo repetir\u00eda sin dudarlo. A los tres d\u00edas estaba ya en mi casa [&hellip;]<\/p>\n","protected":false},"author":1,"featured_media":0,"parent":0,"menu_order":0,"comment_status":"closed","ping_status":"closed","template":"","meta":{"_acf_changed":false,"_et_pb_use_builder":"on","_et_pb_old_content":"","_et_gb_content_width":"","inline_featured_image":false,"footnotes":""},"class_list":["post-1098","page","type-page","status-publish","hentry"],"acf":[],"yoast_head":"<!-- This site is optimized with the Yoast SEO plugin v23.5 - https:\/\/yoast.com\/wordpress\/plugins\/seo\/ -->\n<title>Soluci\u00f3n Obesidad | Cl\u00ednica obesidad - Hospital Quir\u00f3nsalud Valencia<\/title>\n<meta name=\"description\" content=\"\u00bfBuscas la mejor cl\u00ednica obesidad de Espa\u00f1a? En Soluci\u00f3n Obesidad te damos toda la informaci\u00f3n de la cl\u00ednica del Dr. Carlos Sala, coordinador de la Unidad de Cirug\u00eda de la Obesidad del Hospital Quir\u00f3n. Llama al 963690600 y te informamos de los tratamientos y cirug\u00edas que mejor se adaptan a cada caso.\" \/>\n<meta name=\"robots\" content=\"index, follow, max-snippet:-1, max-image-preview:large, max-video-preview:-1\" \/>\n<link rel=\"canonical\" href=\"https:\/\/www.solucionobesidad.com\/contacto\/\" \/>\n<meta property=\"og:locale\" content=\"de_DE\" \/>\n<meta property=\"og:type\" content=\"article\" \/>\n<meta property=\"og:title\" content=\"Soluci\u00f3n Obesidad | Cl\u00ednica obesidad - Hospital Quir\u00f3nsalud Valencia\" \/>\n<meta property=\"og:description\" content=\"\u00bfBuscas la mejor cl\u00ednica obesidad de Espa\u00f1a? En Soluci\u00f3n Obesidad te damos toda la informaci\u00f3n de la cl\u00ednica del Dr. Carlos Sala, coordinador de la Unidad de Cirug\u00eda de la Obesidad del Hospital Quir\u00f3n. Llama al 963690600 y te informamos de los tratamientos y cirug\u00edas que mejor se adaptan a cada caso.\" \/>\n<meta property=\"og:url\" content=\"https:\/\/www.solucionobesidad.com\/contacto\/\" \/>\n<meta property=\"og:site_name\" content=\"Soluci\u00f3n Obesidad\" \/>\n<meta property=\"article:modified_time\" content=\"2024-04-30T13:45:06+00:00\" \/>\n<meta name=\"twitter:card\" content=\"summary_large_image\" \/>\n<meta name=\"twitter:label1\" content=\"Gesch\u00e4tzte Lesezeit\" \/>\n\t<meta name=\"twitter:data1\" content=\"3\u00a0Minuten\" \/>\n<script type=\"application\/ld+json\" class=\"yoast-schema-graph\">{\"@context\":\"https:\/\/schema.org\",\"@graph\":[{\"@type\":\"WebPage\",\"@id\":\"https:\/\/www.solucionobesidad.com\/contacto\/\",\"url\":\"https:\/\/www.solucionobesidad.com\/contacto\/\",\"name\":\"Soluci\u00f3n Obesidad | Cl\u00ednica obesidad - Hospital Quir\u00f3nsalud Valencia\",\"isPartOf\":{\"@id\":\"https:\/\/www.solucionobesidad.com\/#website\"},\"datePublished\":\"2024-03-14T15:24:24+00:00\",\"dateModified\":\"2024-04-30T13:45:06+00:00\",\"description\":\"\u00bfBuscas la mejor cl\u00ednica obesidad de Espa\u00f1a? En Soluci\u00f3n Obesidad te damos toda la informaci\u00f3n de la cl\u00ednica del Dr. Carlos Sala, coordinador de la Unidad de Cirug\u00eda de la Obesidad del Hospital Quir\u00f3n. Llama al 963690600 y te informamos de los tratamientos y cirug\u00edas que mejor se adaptan a cada caso.\",\"breadcrumb\":{\"@id\":\"https:\/\/www.solucionobesidad.com\/contacto\/#breadcrumb\"},\"inLanguage\":\"de\",\"potentialAction\":[{\"@type\":\"ReadAction\",\"target\":[\"https:\/\/www.solucionobesidad.com\/contacto\/\"]}]},{\"@type\":\"BreadcrumbList\",\"@id\":\"https:\/\/www.solucionobesidad.com\/contacto\/#breadcrumb\",\"itemListElement\":[{\"@type\":\"ListItem\",\"position\":1,\"name\":\"Home\",\"item\":\"https:\/\/www.solucionobesidad.com\/\"},{\"@type\":\"ListItem\",\"position\":2,\"name\":\"Kontakt\"}]},{\"@type\":\"WebSite\",\"@id\":\"https:\/\/www.solucionobesidad.com\/#website\",\"url\":\"https:\/\/www.solucionobesidad.com\/\",\"name\":\"Soluci\u00f3n Obesidad\",\"description\":\"\",\"publisher\":{\"@id\":\"https:\/\/www.solucionobesidad.com\/#organization\"},\"potentialAction\":[{\"@type\":\"SearchAction\",\"target\":{\"@type\":\"EntryPoint\",\"urlTemplate\":\"https:\/\/www.solucionobesidad.com\/?s={search_term_string}\"},\"query-input\":{\"@type\":\"PropertyValueSpecification\",\"valueRequired\":true,\"valueName\":\"search_term_string\"}}],\"inLanguage\":\"de\"},{\"@type\":\"Organization\",\"@id\":\"https:\/\/www.solucionobesidad.com\/#organization\",\"name\":\"Soluci\u00f3n Obesidad\",\"url\":\"https:\/\/www.solucionobesidad.com\/\",\"logo\":{\"@type\":\"ImageObject\",\"inLanguage\":\"de\",\"@id\":\"https:\/\/www.solucionobesidad.com\/#\/schema\/logo\/image\/\",\"url\":\"https:\/\/www.solucionobesidad.com\/wp-content\/uploads\/2024\/04\/logo-obesity-center-carlos-sala.svg\",\"contentUrl\":\"https:\/\/www.solucionobesidad.com\/wp-content\/uploads\/2024\/04\/logo-obesity-center-carlos-sala.svg\",\"width\":\"1024\",\"height\":\"1024\",\"caption\":\"Soluci\u00f3n Obesidad\"},\"image\":{\"@id\":\"https:\/\/www.solucionobesidad.com\/#\/schema\/logo\/image\/\"}}]}<\/script>\n<!-- \/ Yoast SEO plugin. -->","yoast_head_json":{"title":"Soluci\u00f3n Obesidad | Cl\u00ednica obesidad - Hospital Quir\u00f3nsalud Valencia","description":"\u00bfBuscas la mejor cl\u00ednica obesidad de Espa\u00f1a? En Soluci\u00f3n Obesidad te damos toda la informaci\u00f3n de la cl\u00ednica del Dr. Carlos Sala, coordinador de la Unidad de Cirug\u00eda de la Obesidad del Hospital Quir\u00f3n. Llama al 963690600 y te informamos de los tratamientos y cirug\u00edas que mejor se adaptan a cada caso.","robots":{"index":"index","follow":"follow","max-snippet":"max-snippet:-1","max-image-preview":"max-image-preview:large","max-video-preview":"max-video-preview:-1"},"canonical":"https:\/\/www.solucionobesidad.com\/contacto\/","og_locale":"de_DE","og_type":"article","og_title":"Soluci\u00f3n Obesidad | Cl\u00ednica obesidad - Hospital Quir\u00f3nsalud Valencia","og_description":"\u00bfBuscas la mejor cl\u00ednica obesidad de Espa\u00f1a? En Soluci\u00f3n Obesidad te damos toda la informaci\u00f3n de la cl\u00ednica del Dr. Carlos Sala, coordinador de la Unidad de Cirug\u00eda de la Obesidad del Hospital Quir\u00f3n. Llama al 963690600 y te informamos de los tratamientos y cirug\u00edas que mejor se adaptan a cada caso.","og_url":"https:\/\/www.solucionobesidad.com\/contacto\/","og_site_name":"Soluci\u00f3n Obesidad","article_modified_time":"2024-04-30T13:45:06+00:00","twitter_card":"summary_large_image","twitter_misc":{"Gesch\u00e4tzte Lesezeit":"3\u00a0Minuten"},"schema":{"@context":"https:\/\/schema.org","@graph":[{"@type":"WebPage","@id":"https:\/\/www.solucionobesidad.com\/contacto\/","url":"https:\/\/www.solucionobesidad.com\/contacto\/","name":"Soluci\u00f3n Obesidad | Cl\u00ednica obesidad - Hospital Quir\u00f3nsalud Valencia","isPartOf":{"@id":"https:\/\/www.solucionobesidad.com\/#website"},"datePublished":"2024-03-14T15:24:24+00:00","dateModified":"2024-04-30T13:45:06+00:00","description":"\u00bfBuscas la mejor cl\u00ednica obesidad de Espa\u00f1a? En Soluci\u00f3n Obesidad te damos toda la informaci\u00f3n de la cl\u00ednica del Dr. Carlos Sala, coordinador de la Unidad de Cirug\u00eda de la Obesidad del Hospital Quir\u00f3n. Llama al 963690600 y te informamos de los tratamientos y cirug\u00edas que mejor se adaptan a cada caso.","breadcrumb":{"@id":"https:\/\/www.solucionobesidad.com\/contacto\/#breadcrumb"},"inLanguage":"de","potentialAction":[{"@type":"ReadAction","target":["https:\/\/www.solucionobesidad.com\/contacto\/"]}]},{"@type":"BreadcrumbList","@id":"https:\/\/www.solucionobesidad.com\/contacto\/#breadcrumb","itemListElement":[{"@type":"ListItem","position":1,"name":"Home","item":"https:\/\/www.solucionobesidad.com\/"},{"@type":"ListItem","position":2,"name":"Kontakt"}]},{"@type":"WebSite","@id":"https:\/\/www.solucionobesidad.com\/#website","url":"https:\/\/www.solucionobesidad.com\/","name":"Soluci\u00f3n Obesidad","description":"","publisher":{"@id":"https:\/\/www.solucionobesidad.com\/#organization"},"potentialAction":[{"@type":"SearchAction","target":{"@type":"EntryPoint","urlTemplate":"https:\/\/www.solucionobesidad.com\/?s={search_term_string}"},"query-input":{"@type":"PropertyValueSpecification","valueRequired":true,"valueName":"search_term_string"}}],"inLanguage":"de"},{"@type":"Organization","@id":"https:\/\/www.solucionobesidad.com\/#organization","name":"Soluci\u00f3n Obesidad","url":"https:\/\/www.solucionobesidad.com\/","logo":{"@type":"ImageObject","inLanguage":"de","@id":"https:\/\/www.solucionobesidad.com\/#\/schema\/logo\/image\/","url":"https:\/\/www.solucionobesidad.com\/wp-content\/uploads\/2024\/04\/logo-obesity-center-carlos-sala.svg","contentUrl":"https:\/\/www.solucionobesidad.com\/wp-content\/uploads\/2024\/04\/logo-obesity-center-carlos-sala.svg","width":"1024","height":"1024","caption":"Soluci\u00f3n Obesidad"},"image":{"@id":"https:\/\/www.solucionobesidad.com\/#\/schema\/logo\/image\/"}}]}},"_links":{"self":[{"href":"https:\/\/www.solucionobesidad.com\/de\/wp-json\/wp\/v2\/pages\/1098","targetHints":{"allow":["GET"]}}],"collection":[{"href":"https:\/\/www.solucionobesidad.com\/de\/wp-json\/wp\/v2\/pages"}],"about":[{"href":"https:\/\/www.solucionobesidad.com\/de\/wp-json\/wp\/v2\/types\/page"}],"author":[{"embeddable":true,"href":"https:\/\/www.solucionobesidad.com\/de\/wp-json\/wp\/v2\/users\/1"}],"replies":[{"embeddable":true,"href":"https:\/\/www.solucionobesidad.com\/de\/wp-json\/wp\/v2\/comments?post=1098"}],"version-history":[{"count":0,"href":"https:\/\/www.solucionobesidad.com\/de\/wp-json\/wp\/v2\/pages\/1098\/revisions"}],"wp:attachment":[{"href":"https:\/\/www.solucionobesidad.com\/de\/wp-json\/wp\/v2\/media?parent=1098"}],"curies":[{"name":"wp","href":"https:\/\/api.w.org\/{rel}","templated":true}]}}