{"id":1081,"date":"2024-03-19T11:58:07","date_gmt":"2024-03-19T10:58:07","guid":{"rendered":"https:\/\/www.solucionobesidad.com\/dr-carlos-sala-de\/"},"modified":"2024-04-25T13:55:49","modified_gmt":"2024-04-25T11:55:49","slug":"dr-carlos-sala-de","status":"publish","type":"page","link":"https:\/\/www.solucionobesidad.com\/de\/dr-carlos-sala-de\/","title":{"rendered":"Dr Carlos Sala"},"content":{"rendered":"<p>[et_pb_section fb_built=&#8220;1&#8243; _builder_version=&#8220;4.24.0&#8243; _module_preset=&#8220;default&#8220; background_color=&#8220;#5A8D7D&#8220; custom_padding=&#8220;0px||0px||true|false&#8220; global_colors_info=&#8220;{}&#8220;][et_pb_row _builder_version=&#8220;4.24.2&#8243; _module_preset=&#8220;default&#8220; custom_padding=&#8220;5em||0em||false|false&#8220; hover_enabled=&#8220;0&#8243; global_colors_info=&#8220;{}&#8220; width=&#8220;90%&#8220; sticky_enabled=&#8220;0&#8243;][et_pb_column type=&#8220;4_4&#8243; _builder_version=&#8220;4.24.0&#8243; _module_preset=&#8220;default&#8220; global_colors_info=&#8220;{}&#8220;][et_pb_text _builder_version=&#8220;4.24.2&#8243; _module_preset=&#8220;default&#8220; header_font=&#8220;Montserrat|700||on|||||&#8220; header_text_color=&#8220;#FFFFFF&#8220; header_font_size=&#8220;50px&#8220; custom_margin=&#8220;||2em||false|false&#8220; custom_padding=&#8220;0px||0px||true|false&#8220; global_colors_info=&#8220;{}&#8220;]<\/p>\n<h1 class=\"page-title\"><span>DR. CARLOS SALA<\/span><\/h1>\n<p>[\/et_pb_text][et_pb_code _builder_version=&#8220;4.24.2&#8243; _module_preset=&#8220;default&#8220; background_color=&#8220;rgba(0,0,0,0.6)&#8220; positioning=&#8220;relative&#8220; position_origin_a=&#8220;bottom_left&#8220; text_orientation=&#8220;left&#8220; width=&#8220;100%&#8220; custom_padding=&#8220;0.5em|1em|0.5em|1em|true|true&#8220; custom_css_main_element=&#8220;max-width:fit-content;||&#8220; custom_css_free_form=&#8220;selector p,||selector a{||  color:white !important;||  font-size:14px;||}&#8220; locked=&#8220;off&#8220; global_colors_info=&#8220;{}&#8220;]<pee><span class=\"breadcrumbs\"><p><a href=\"\/de\">Heim<\/a> \/ <a href=\"https:\/\/www.solucionobesidad.com\/de\/dr-carlos-sala-de\/\">Dr Carlos Sala<\/a><\/p><\/span><\/pee>[\/et_pb_code][\/et_pb_column][\/et_pb_row][\/et_pb_section][et_pb_section fb_built=&#8220;1&#8243; _builder_version=&#8220;4.24.2&#8243; _module_preset=&#8220;default&#8220; global_colors_info=&#8220;{}&#8220;][et_pb_row _builder_version=&#8220;4.24.2&#8243; _module_preset=&#8220;default&#8220; hover_enabled=&#8220;0&#8243; global_colors_info=&#8220;{}&#8220; width=&#8220;90%&#8220; sticky_enabled=&#8220;0&#8243;][et_pb_column type=&#8220;4_4&#8243; _builder_version=&#8220;4.24.2&#8243; _module_preset=&#8220;default&#8220; global_colors_info=&#8220;{}&#8220;][et_pb_image src=&#8220;https:\/\/www.solucionobesidad.com\/wp-content\/uploads\/2024\/03\/dr-carlos-sala.webp&#8220; title_text=&#8220;dr-carlos-sala&#8220; force_fullwidth=&#8220;on&#8220; _builder_version=&#8220;4.24.2&#8243; _module_preset=&#8220;default&#8220; global_colors_info=&#8220;{}&#8220;][\/et_pb_image][\/et_pb_column][\/et_pb_row][et_pb_row column_structure=&#8220;1_2,1_2&#8243; _builder_version=&#8220;4.24.2&#8243; _module_preset=&#8220;default&#8220; hover_enabled=&#8220;0&#8243; global_colors_info=&#8220;{}&#8220; width=&#8220;90%&#8220; sticky_enabled=&#8220;0&#8243;][et_pb_column type=&#8220;1_2&#8243; _builder_version=&#8220;4.24.2&#8243; _module_preset=&#8220;default&#8220; global_colors_info=&#8220;{}&#8220;][et_pb_text _builder_version=&#8220;4.24.2&#8243; _module_preset=&#8220;default&#8220; text_font=&#8220;|300|||||||&#8220; global_colors_info=&#8220;{}&#8220;]<\/p>\n<div class=\"st-heading style-1 text-left\">\n<div class=\"st-heading style-1 text-left\">\n<h3 class=\"box-title\">AKADEMISCHE QUALIFIKATIONEN<\/h3>\n<\/div>\n<div class=\"wpb_text_column wpb_content_element \">\n<div class=\"wpb_wrapper\">\n<ul>\n<li>Bachelor in Medizin und Chirurgie, Universit\u00e4t von Valencia, 1990.<\/li>\n<li><strong>Spezialist f\u00fcr Allgemeine Chirurgie und Gastroenterologie<\/strong>, Universit\u00e4t von Valencia, 1995, Spezialit\u00e4t Assistenzarzt (MIR) an der Universit\u00e4tsklinik von Valencia 1990-1995.<\/li>\n<li><strong>Doktor in Medizin und Chirurgie<\/strong>\u00a0an der Universit\u00e4t von Valencia im JAhr 2011 mit cum laude.<\/li>\n<\/ul>\n<\/div>\n<\/div>\n<div class=\"st-heading style-1 text-left\">\n<h3 class=\"box-title\">BERUFST\u00c4TIGKEIT<\/h3>\n<\/div>\n<div class=\"wpb_text_column wpb_content_element \">\n<div class=\"wpb_wrapper\">\n<ul>\n<li><strong>Medizini f\u00fcr Allgemeine Chirurgie und Gastroenterologie<\/strong>, Universit\u00e4tsklinik Valencia 1991-1995.<\/li>\n<li><strong>Stellvertretender Chirurgische Arzt, Endokrine Chirurgie Einheit und Adipositas Universit\u00e4tsklinik Valencia<\/strong>,1996-2012.<\/li>\n<li><strong>Endokrine Stoffwechseleinheit in Krankenhaus La Fe in Valencia (FEA) \u2013 laparoskopische bariatrische Operationen<\/strong>\u00a0seit 2012 bin heute.<\/li>\n<li><strong>Koordinator der Adipositas-Chirurgie Einheit, Metabolische Chirurgie und Endokrine Chirurgie im Krankenhaus<\/strong>\u00a0von Valencia.<\/li>\n<li>Kooperiender Dozent in der Abteilung f\u00fcr Chirurgie an der Medizinischeschule der Universit\u00e4t von Valencia 1996-2016,insgesamt 20 Jahre lang.<\/li>\n<\/ul>\n<\/div>\n<\/div>\n<div class=\"st-heading style-1 text-left\">\n<h3 class=\"box-title\">CHIRURGISCHE BERUFST\u00c4TIGKEIT<\/h3>\n<\/div>\n<div class=\"wpb_text_column wpb_content_element \">\n<div class=\"wpb_wrapper\">\n<ul>\n<li>Durchf\u00fchren von mehr als 4.000 Operationen mit allgemeine An\u00e4sthesie in allem Bereiche der Spezialit\u00e4t: geplante allgemeine\u00a0<strong>Chirurgie und Erkrankungen des Verdauungstrakts<\/strong>\u00a0(Bauchwand, Speiser\u00f6hre und Magen, Hepatobiliapancreatic Chirurgie, onkologische Chirurgie und Peritonealkarzinose, Colorectal Chirurgie, Endokrine Chirurgie und morbider Adiposias und laparoskopische Chirurgie) und allgemeine dringende Chirurgie.<\/li>\n<li>In den letzten 20 Jahren, ausschliessliche Einsatz auf die endokrine und Adipositas-Chirurgie mit chirurgische Erfahrung in mehr als 1.000 Verfahren von Merabolische- und Adipositaschirurgie, mehr als 1.000\u00a0<strong>thyroidectomy<\/strong>, 90\u00a0<strong>parathyroidectomies<\/strong>\u00a0und 50\u00a0<strong>laparoskopische Adenalektomie<\/strong>.<\/li>\n<\/ul>\n<\/div>\n<\/div>\n<\/div>\n<p>[\/et_pb_text][\/et_pb_column][et_pb_column type=&#8220;1_2&#8243; _builder_version=&#8220;4.24.2&#8243; _module_preset=&#8220;default&#8220; global_colors_info=&#8220;{}&#8220;][et_pb_text _builder_version=&#8220;4.24.2&#8243; _module_preset=&#8220;default&#8220; text_font=&#8220;|300|||||||&#8220; global_colors_info=&#8220;{}&#8220;]<\/p>\n<div class=\"st-heading style-1 text-left\">\n<div class=\"st-heading style-1 text-left\">\n<h3 class=\"box-title\">WISSENSCHAFTLICHE T\u00c4TIGKEIT<\/h3>\n<\/div>\n<div class=\"wpb_text_column wpb_content_element \">\n<div class=\"wpb_wrapper\">\n<ul>\n<li>Autor von \u00fcber\u00a0<strong>30 wissenschaftlichen Artikeln<\/strong>\u00a0in nationalen und internationalen Zeitschriften auf Chirurgie und vor allem \u00fcber Adipositas-Chirurgie.<\/li>\n<li>Autor von mehr als\u00a0<strong>80 Vortr\u00e4ge und Pr\u00e4sentationen<\/strong>\u00a0auf nationalen und internationalen Kongressen f\u00fcr Chirrugie und Adipositas-Chirurgie.<\/li>\n<li><strong>Zu Besuch Arzt f\u00fcr Chirurgie an der Cleveland Clinic Foundation<\/strong>\u00a0(Cleveland, Ohio, USA) f\u00fcr 4 Monate im Jahr 1995.<\/li>\n<li>Erzielung\u00a0<strong>von 4 Stipendiums<\/strong>\u00a0von der International Universit\u00e4t Men\u00e9ndez Pelayo, der Spanischen Vereiningung der Chirurgie und der Spanischen Gesellschaft f\u00fcr Verdauungs-Pathologie um die Ausbildung in ausl\u00e4ndischen chirurgischen Krankenh\u00e4usern zu erweitern und Vortr\u00e4gen in Kongresse der betreffende Spezialit\u00e4t im Ausland.<\/li>\n<li><strong>Preistr\u00e4ger der valencianischen Gesellschaft f\u00fcr Chirurgie<\/strong>\u00a01995 f\u00fcr den besten Original-Arbeit an der klinischen Forschung, der Nationalpreis der spanischen Vereinigung der Chirurgen f\u00fcr den besten Original-Arbeit im Jahr 1998 und den Preistr\u00e4ger der valencianischen Gesellschaft f\u00fcr Chirurgie f\u00fcr das beste Papier Forschung ver\u00f6ffentlicht im Januar 1998.<\/li>\n<li>Gastprofessor an der Bariatrische und Metabolische Institute an der Cleveland Klinik Foundation in Weston (Florida), im Jahr 2015 Prof. Raul Rosenthal (Pr\u00e4sident der ASBMs).<\/li>\n<li>Veranstalter bei den Expertentagung in Metabolische und Adipositaschirurgie 2016, European Middle East und Africa Expert Meeting (EMEA) 2016, in Valencia.<\/li>\n<li>Aktive Mitgliedschaft an Chirurgische Gesellschaften f\u00fcr allgemeine Chirurgie und Magen-Darm- und Endokrine Chirurgie sowie nationale und internationale (Spanische Verband von Chirurgen \u2013\u00a0<strong>AEC,<\/strong>\u00a0Spanische Gesellschaft f\u00fcr Chirurgie der Adipositas und Stoffwechselkrankheiten \u2013<strong>SECO<\/strong>, Internationale Vereinigung f\u00fcr Bariatrische und Metabolische Chirurgie \u2013<strong>\u00a0IFSO<\/strong>\u00a0und die amerikanische Gesellschaft f\u00fcr Bariatrische und Metabolische Chirurgie \u2013<strong>ASBMS<\/strong>).<\/li>\n<\/ul>\n<\/div>\n<\/div>\n<div class=\"st-heading style-1 text-left\">\n<h3 class=\"box-title\">SPRACHEN<\/h3>\n<\/div>\n<div class=\"wpb_text_column wpb_content_element \">\n<div class=\"wpb_wrapper\">\n<ul>\n<li>Akademischen und wissenschaftlichen English gesprochen und korrekt geschrieben.<\/li>\n<\/ul>\n<\/div>\n<\/div>\n<\/div>\n<p>[\/et_pb_text][\/et_pb_column][\/et_pb_row][\/et_pb_section]<\/p>\n","protected":false},"excerpt":{"rendered":"<p>DR. CARLOS SALA<span class=\"breadcrumbs\"><p><a href=\"\/de\">Heim<\/a> \/ <a href=\"https:\/\/www.solucionobesidad.com\/de\/dr-carlos-sala-de\/\">Dr Carlos Sala<\/a><\/p><\/span> AKADEMISCHE QUALIFIKATIONEN Bachelor in Medizin und Chirurgie, Universit\u00e4t von Valencia, 1990. Spezialist f\u00fcr Allgemeine Chirurgie und Gastroenterologie, Universit\u00e4t von Valencia, 1995, Spezialit\u00e4t Assistenzarzt (MIR) an der Universit\u00e4tsklinik von Valencia 1990-1995. Doktor in Medizin und Chirurgie\u00a0an der Universit\u00e4t von Valencia im JAhr 2011 mit cum laude. BERUFST\u00c4TIGKEIT Medizini f\u00fcr Allgemeine Chirurgie und Gastroenterologie, [&hellip;]<\/p>\n","protected":false},"author":1,"featured_media":0,"parent":0,"menu_order":0,"comment_status":"closed","ping_status":"closed","template":"","meta":{"_acf_changed":false,"_et_pb_use_builder":"on","_et_pb_old_content":"","_et_gb_content_width":"","inline_featured_image":false,"footnotes":""},"class_list":["post-1081","page","type-page","status-publish","hentry"],"acf":[],"yoast_head":"<!-- This site is optimized with the Yoast SEO plugin v23.5 - https:\/\/yoast.com\/wordpress\/plugins\/seo\/ -->\n<title>Soluci\u00f3n Obesidad | Medico obesidad Hospital Quir\u00f3n - Dr. Carlos Sala<\/title>\n<meta name=\"description\" content=\"El Dr. Carlos Sala, medico obesidad del Hospital Quir\u00f3nsalud de Valencia, te explica en Soluci\u00f3n Obesidad las causas y los tratamientos para combatir la enfermedad. Con mil pacientes tratados, es uno de los especialistas m\u00e1s prestigiosos de Espa\u00f1a y experto en cirug\u00edas como el bypass g\u00e1strico.\" \/>\n<meta name=\"robots\" content=\"index, follow, max-snippet:-1, max-image-preview:large, max-video-preview:-1\" \/>\n<link rel=\"canonical\" href=\"https:\/\/www.solucionobesidad.com\/dr-carlos-sala\/\" \/>\n<meta property=\"og:locale\" content=\"de_DE\" \/>\n<meta property=\"og:type\" content=\"article\" \/>\n<meta property=\"og:title\" content=\"Soluci\u00f3n Obesidad | Medico obesidad Hospital Quir\u00f3n - Dr. Carlos Sala\" \/>\n<meta property=\"og:description\" content=\"El Dr. Carlos Sala, medico obesidad del Hospital Quir\u00f3nsalud de Valencia, te explica en Soluci\u00f3n Obesidad las causas y los tratamientos para combatir la enfermedad. Con mil pacientes tratados, es uno de los especialistas m\u00e1s prestigiosos de Espa\u00f1a y experto en cirug\u00edas como el bypass g\u00e1strico.\" \/>\n<meta property=\"og:url\" content=\"https:\/\/www.solucionobesidad.com\/dr-carlos-sala\/\" \/>\n<meta property=\"og:site_name\" content=\"Soluci\u00f3n Obesidad\" \/>\n<meta property=\"article:modified_time\" content=\"2024-04-25T11:55:49+00:00\" \/>\n<meta name=\"twitter:card\" content=\"summary_large_image\" \/>\n<meta name=\"twitter:label1\" content=\"Gesch\u00e4tzte Lesezeit\" \/>\n\t<meta name=\"twitter:data1\" content=\"4\u00a0Minuten\" \/>\n<script type=\"application\/ld+json\" class=\"yoast-schema-graph\">{\"@context\":\"https:\/\/schema.org\",\"@graph\":[{\"@type\":\"WebPage\",\"@id\":\"https:\/\/www.solucionobesidad.com\/dr-carlos-sala\/\",\"url\":\"https:\/\/www.solucionobesidad.com\/dr-carlos-sala\/\",\"name\":\"Soluci\u00f3n Obesidad | Medico obesidad Hospital Quir\u00f3n - Dr. Carlos Sala\",\"isPartOf\":{\"@id\":\"https:\/\/www.solucionobesidad.com\/#website\"},\"datePublished\":\"2024-03-19T10:58:07+00:00\",\"dateModified\":\"2024-04-25T11:55:49+00:00\",\"description\":\"El Dr. Carlos Sala, medico obesidad del Hospital Quir\u00f3nsalud de Valencia, te explica en Soluci\u00f3n Obesidad las causas y los tratamientos para combatir la enfermedad. Con mil pacientes tratados, es uno de los especialistas m\u00e1s prestigiosos de Espa\u00f1a y experto en cirug\u00edas como el bypass g\u00e1strico.\",\"breadcrumb\":{\"@id\":\"https:\/\/www.solucionobesidad.com\/dr-carlos-sala\/#breadcrumb\"},\"inLanguage\":\"de\",\"potentialAction\":[{\"@type\":\"ReadAction\",\"target\":[\"https:\/\/www.solucionobesidad.com\/dr-carlos-sala\/\"]}]},{\"@type\":\"BreadcrumbList\",\"@id\":\"https:\/\/www.solucionobesidad.com\/dr-carlos-sala\/#breadcrumb\",\"itemListElement\":[{\"@type\":\"ListItem\",\"position\":1,\"name\":\"Home\",\"item\":\"https:\/\/www.solucionobesidad.com\/\"},{\"@type\":\"ListItem\",\"position\":2,\"name\":\"Dr Carlos Sala\"}]},{\"@type\":\"WebSite\",\"@id\":\"https:\/\/www.solucionobesidad.com\/#website\",\"url\":\"https:\/\/www.solucionobesidad.com\/\",\"name\":\"Soluci\u00f3n Obesidad\",\"description\":\"\",\"publisher\":{\"@id\":\"https:\/\/www.solucionobesidad.com\/#organization\"},\"potentialAction\":[{\"@type\":\"SearchAction\",\"target\":{\"@type\":\"EntryPoint\",\"urlTemplate\":\"https:\/\/www.solucionobesidad.com\/?s={search_term_string}\"},\"query-input\":{\"@type\":\"PropertyValueSpecification\",\"valueRequired\":true,\"valueName\":\"search_term_string\"}}],\"inLanguage\":\"de\"},{\"@type\":\"Organization\",\"@id\":\"https:\/\/www.solucionobesidad.com\/#organization\",\"name\":\"Soluci\u00f3n Obesidad\",\"url\":\"https:\/\/www.solucionobesidad.com\/\",\"logo\":{\"@type\":\"ImageObject\",\"inLanguage\":\"de\",\"@id\":\"https:\/\/www.solucionobesidad.com\/#\/schema\/logo\/image\/\",\"url\":\"https:\/\/www.solucionobesidad.com\/wp-content\/uploads\/2024\/04\/logo-obesity-center-carlos-sala.svg\",\"contentUrl\":\"https:\/\/www.solucionobesidad.com\/wp-content\/uploads\/2024\/04\/logo-obesity-center-carlos-sala.svg\",\"width\":\"1024\",\"height\":\"1024\",\"caption\":\"Soluci\u00f3n Obesidad\"},\"image\":{\"@id\":\"https:\/\/www.solucionobesidad.com\/#\/schema\/logo\/image\/\"}}]}<\/script>\n<!-- \/ Yoast SEO plugin. -->","yoast_head_json":{"title":"Soluci\u00f3n Obesidad | Medico obesidad Hospital Quir\u00f3n - Dr. Carlos Sala","description":"El Dr. Carlos Sala, medico obesidad del Hospital Quir\u00f3nsalud de Valencia, te explica en Soluci\u00f3n Obesidad las causas y los tratamientos para combatir la enfermedad. Con mil pacientes tratados, es uno de los especialistas m\u00e1s prestigiosos de Espa\u00f1a y experto en cirug\u00edas como el bypass g\u00e1strico.","robots":{"index":"index","follow":"follow","max-snippet":"max-snippet:-1","max-image-preview":"max-image-preview:large","max-video-preview":"max-video-preview:-1"},"canonical":"https:\/\/www.solucionobesidad.com\/dr-carlos-sala\/","og_locale":"de_DE","og_type":"article","og_title":"Soluci\u00f3n Obesidad | Medico obesidad Hospital Quir\u00f3n - Dr. Carlos Sala","og_description":"El Dr. Carlos Sala, medico obesidad del Hospital Quir\u00f3nsalud de Valencia, te explica en Soluci\u00f3n Obesidad las causas y los tratamientos para combatir la enfermedad. Con mil pacientes tratados, es uno de los especialistas m\u00e1s prestigiosos de Espa\u00f1a y experto en cirug\u00edas como el bypass g\u00e1strico.","og_url":"https:\/\/www.solucionobesidad.com\/dr-carlos-sala\/","og_site_name":"Soluci\u00f3n Obesidad","article_modified_time":"2024-04-25T11:55:49+00:00","twitter_card":"summary_large_image","twitter_misc":{"Gesch\u00e4tzte Lesezeit":"4\u00a0Minuten"},"schema":{"@context":"https:\/\/schema.org","@graph":[{"@type":"WebPage","@id":"https:\/\/www.solucionobesidad.com\/dr-carlos-sala\/","url":"https:\/\/www.solucionobesidad.com\/dr-carlos-sala\/","name":"Soluci\u00f3n Obesidad | Medico obesidad Hospital Quir\u00f3n - Dr. Carlos Sala","isPartOf":{"@id":"https:\/\/www.solucionobesidad.com\/#website"},"datePublished":"2024-03-19T10:58:07+00:00","dateModified":"2024-04-25T11:55:49+00:00","description":"El Dr. Carlos Sala, medico obesidad del Hospital Quir\u00f3nsalud de Valencia, te explica en Soluci\u00f3n Obesidad las causas y los tratamientos para combatir la enfermedad. Con mil pacientes tratados, es uno de los especialistas m\u00e1s prestigiosos de Espa\u00f1a y experto en cirug\u00edas como el bypass g\u00e1strico.","breadcrumb":{"@id":"https:\/\/www.solucionobesidad.com\/dr-carlos-sala\/#breadcrumb"},"inLanguage":"de","potentialAction":[{"@type":"ReadAction","target":["https:\/\/www.solucionobesidad.com\/dr-carlos-sala\/"]}]},{"@type":"BreadcrumbList","@id":"https:\/\/www.solucionobesidad.com\/dr-carlos-sala\/#breadcrumb","itemListElement":[{"@type":"ListItem","position":1,"name":"Home","item":"https:\/\/www.solucionobesidad.com\/"},{"@type":"ListItem","position":2,"name":"Dr Carlos Sala"}]},{"@type":"WebSite","@id":"https:\/\/www.solucionobesidad.com\/#website","url":"https:\/\/www.solucionobesidad.com\/","name":"Soluci\u00f3n Obesidad","description":"","publisher":{"@id":"https:\/\/www.solucionobesidad.com\/#organization"},"potentialAction":[{"@type":"SearchAction","target":{"@type":"EntryPoint","urlTemplate":"https:\/\/www.solucionobesidad.com\/?s={search_term_string}"},"query-input":{"@type":"PropertyValueSpecification","valueRequired":true,"valueName":"search_term_string"}}],"inLanguage":"de"},{"@type":"Organization","@id":"https:\/\/www.solucionobesidad.com\/#organization","name":"Soluci\u00f3n Obesidad","url":"https:\/\/www.solucionobesidad.com\/","logo":{"@type":"ImageObject","inLanguage":"de","@id":"https:\/\/www.solucionobesidad.com\/#\/schema\/logo\/image\/","url":"https:\/\/www.solucionobesidad.com\/wp-content\/uploads\/2024\/04\/logo-obesity-center-carlos-sala.svg","contentUrl":"https:\/\/www.solucionobesidad.com\/wp-content\/uploads\/2024\/04\/logo-obesity-center-carlos-sala.svg","width":"1024","height":"1024","caption":"Soluci\u00f3n Obesidad"},"image":{"@id":"https:\/\/www.solucionobesidad.com\/#\/schema\/logo\/image\/"}}]}},"_links":{"self":[{"href":"https:\/\/www.solucionobesidad.com\/de\/wp-json\/wp\/v2\/pages\/1081","targetHints":{"allow":["GET"]}}],"collection":[{"href":"https:\/\/www.solucionobesidad.com\/de\/wp-json\/wp\/v2\/pages"}],"about":[{"href":"https:\/\/www.solucionobesidad.com\/de\/wp-json\/wp\/v2\/types\/page"}],"author":[{"embeddable":true,"href":"https:\/\/www.solucionobesidad.com\/de\/wp-json\/wp\/v2\/users\/1"}],"replies":[{"embeddable":true,"href":"https:\/\/www.solucionobesidad.com\/de\/wp-json\/wp\/v2\/comments?post=1081"}],"version-history":[{"count":0,"href":"https:\/\/www.solucionobesidad.com\/de\/wp-json\/wp\/v2\/pages\/1081\/revisions"}],"wp:attachment":[{"href":"https:\/\/www.solucionobesidad.com\/de\/wp-json\/wp\/v2\/media?parent=1081"}],"curies":[{"name":"wp","href":"https:\/\/api.w.org\/{rel}","templated":true}]}}