{"id":1072,"date":"2024-03-19T11:53:58","date_gmt":"2024-03-19T10:53:58","guid":{"rendered":"https:\/\/www.solucionobesidad.com\/team-de\/"},"modified":"2024-04-30T15:34:41","modified_gmt":"2024-04-30T13:34:41","slug":"team-de","status":"publish","type":"page","link":"https:\/\/www.solucionobesidad.com\/de\/team-de\/","title":{"rendered":"Team"},"content":{"rendered":"<p>[et_pb_section fb_built=&#8220;1&#8243; _builder_version=&#8220;4.24.0&#8243; _module_preset=&#8220;default&#8220; background_color=&#8220;#5A8D7D&#8220; custom_padding=&#8220;0px||0px||true|false&#8220; global_colors_info=&#8220;{}&#8220;][et_pb_row _builder_version=&#8220;4.24.2&#8243; _module_preset=&#8220;default&#8220; width=&#8220;90%&#8220; custom_padding=&#8220;5em||0em||false|false&#8220; global_colors_info=&#8220;{}&#8220;][et_pb_column type=&#8220;4_4&#8243; _builder_version=&#8220;4.24.0&#8243; _module_preset=&#8220;default&#8220; global_colors_info=&#8220;{}&#8220;][et_pb_text _builder_version=&#8220;4.24.2&#8243; _module_preset=&#8220;default&#8220; header_font=&#8220;Montserrat|700||on|||||&#8220; header_text_color=&#8220;#FFFFFF&#8220; header_font_size=&#8220;50px&#8220; custom_margin=&#8220;||2em||false|false&#8220; custom_padding=&#8220;0px||0px||true|false&#8220; global_colors_info=&#8220;{}&#8220;]<\/p>\n<h1 class=\"page-title\">TEAM<\/h1>\n<p>[\/et_pb_text][et_pb_code _builder_version=&#8220;4.24.2&#8243; _module_preset=&#8220;default&#8220; background_color=&#8220;rgba(0,0,0,0.6)&#8220; positioning=&#8220;relative&#8220; position_origin_a=&#8220;bottom_left&#8220; text_orientation=&#8220;left&#8220; width=&#8220;100%&#8220; custom_padding=&#8220;0.5em|1em|0.5em|1em|true|true&#8220; custom_css_main_element=&#8220;max-width:fit-content;||&#8220; custom_css_free_form=&#8220;selector p,||selector a{||  color:white !important;||  font-size:14px;||}&#8220; locked=&#8220;off&#8220; global_colors_info=&#8220;{}&#8220;]<pee><span class=\"breadcrumbs\"><p><a href=\"\/de\">Heim<\/a> \/ <a href=\"https:\/\/www.solucionobesidad.com\/de\/team-de\/\">Team<\/a><\/p><\/span><\/pee>[\/et_pb_code][\/et_pb_column][\/et_pb_row][\/et_pb_section][et_pb_section fb_built=&#8220;1&#8243; _builder_version=&#8220;4.24.2&#8243; _module_preset=&#8220;default&#8220; global_colors_info=&#8220;{}&#8220;][et_pb_row column_structure=&#8220;1_2,1_2&#8243; _builder_version=&#8220;4.24.2&#8243; _module_preset=&#8220;default&#8220; width=&#8220;90%&#8220; global_colors_info=&#8220;{}&#8220;][et_pb_column type=&#8220;1_2&#8243; _builder_version=&#8220;4.24.2&#8243; _module_preset=&#8220;default&#8220; global_colors_info=&#8220;{}&#8220;][et_pb_text _builder_version=&#8220;4.24.2&#8243; _module_preset=&#8220;default&#8220; text_font=&#8220;|300|||||||&#8220; hover_enabled=&#8220;0&#8243; global_colors_info=&#8220;{}&#8220; sticky_enabled=&#8220;0&#8243;]<\/p>\n<h3><b>Medizinisches und professionelles Team QUIRONSALUD Adipositas- und Ern\u00e4hrungseinheit Valencia und Alicante<\/b><\/h3>\n<table>\n<tbody>\n<tr>\n<td>\n<ul>\n<li style=\"font-weight: 400;\" aria-level=\"1\"><b>Dr. Carlos Sala, <\/b><span style=\"font-weight: 400;\">Allgemein- und Verdauungssystemchirurg. Bariatrischer und endokrin-metabolischer Chirurg. Leiter der Abteilung f\u00fcr Fettleibigkeit und Ern\u00e4hrung in Valencia und Alicante<\/span><\/li>\n<li style=\"font-weight: 400;\" aria-level=\"1\"><b>Dr. Elena Mu\u00f1oz, <\/b><span style=\"font-weight: 400;\">Allgemein- und Verdauungssystemchirurgie<\/span><b><\/b><\/li>\n<li style=\"font-weight: 400;\" aria-level=\"1\"><b>Dr. Rafael Garc\u00eda<\/b><span style=\"font-weight: 400;\">, Allgemeine und Verdauungssystemchirurgie<\/span><\/li>\n<li style=\"font-weight: 400;\" aria-level=\"1\"><b>Dr. Inmaculada Torrijo<\/b><span style=\"font-weight: 400;\">, Allgemeine und Verdauungssystemchirurgie<\/span><\/li>\n<li style=\"font-weight: 400;\" aria-level=\"1\"><b>Dr. Jes\u00fas Burguera und Gracia Barber<\/b><span style=\"font-weight: 400;\">An\u00e4sthesisten<\/span><\/li>\n<li style=\"font-weight: 400;\" aria-level=\"1\"><b>Intensivstation des Krankenhauses Quir\u00f3n<\/b><span style=\"font-weight: 400;\">Wiederbelebung-Intensivstation<\/span><\/li>\n<li style=\"font-weight: 400;\" aria-level=\"1\"><b>Ldas. M. Jos\u00e9 Ponz und Esperanza Marco, <\/b><span style=\"font-weight: 400;\">\u00a0Pflegekr\u00e4fte<\/span><\/li>\n<li style=\"font-weight: 400;\" aria-level=\"1\"><b>Lda. Rocio Praxedes<\/b><span style=\"font-weight: 400;\"> Ern\u00e4hrungsberater und Ern\u00e4hrungsberater Valencia<\/span><\/li>\n<li style=\"font-weight: 400;\" aria-level=\"1\"><b>MariCarmen D\u00edaz, <\/b><span style=\"font-weight: 400;\">Ern\u00e4hrungsberater, Ern\u00e4hrungsberater Alicante<\/span><\/li>\n<li style=\"font-weight: 400;\" aria-level=\"1\"><b>Dr. Jorge Cid<\/b><span style=\"font-weight: 400;\"> Endokrinologie und klinische Ern\u00e4hrung Alicante<\/span><\/li>\n<li style=\"font-weight: 400;\" aria-level=\"1\"><b>Dra Giselle Giron, <\/b><span style=\"font-weight: 400;\"> Endocrinology and Nutrition Clinical Valencia<\/span><\/li>\n<li style=\"font-weight: 400;\" aria-level=\"1\"><b>Lda. Marta Roig, <\/b><span style=\"font-weight: 400;\">Abteilung f\u00fcr klinische Psychologie des Krankenhauses Quir\u00f3nsalud Valencia<\/span><\/li>\n<li style=\"font-weight: 400;\" aria-level=\"1\"><b>Lda. Nuria Javaloyas, <\/b><span style=\"font-weight: 400;\">Abteilung f\u00fcr klinische Psychologie des Krankenhauses Quir\u00f3nsalud Alicante<\/span><\/li>\n<li style=\"font-weight: 400;\" aria-level=\"1\"><b>Dr. Marta Ponce<\/b><span style=\"font-weight: 400;\">Abteilung f\u00fcr Verdauungsendoskopie in Valencia<\/span><\/li>\n<li style=\"font-weight: 400;\" aria-level=\"1\"><b>Dr. Juan Antonio Casellas, <\/b><span style=\"font-weight: 400;\">Abteilung f\u00fcr Verdauungsendoskopie in Alicante<\/span><\/li>\n<li style=\"font-weight: 400;\" aria-level=\"1\"><b>Dr. Gonzalo-Pin. <\/b><span style=\"font-weight: 400;\">Leiter der Abteilung f\u00fcr P\u00e4diatrie. Valencia<\/span><\/li>\n<li style=\"font-weight: 400;\" aria-level=\"1\"><b>Dr. Mois\u00e9s Diago, <\/b><span style=\"font-weight: 400;\">Hepatologie und Verdauungsmedizin. Valencia<\/span><\/li>\n<li style=\"font-weight: 400;\" aria-level=\"1\"><b>Echo, CT und MRT: Radiology Service Hospital Quir\u00f3nsalud Valencia <\/b><span style=\"font-weight: 400;\">(Dr. Mart\u00ed Bonmat\u00ed) <\/span> &lt; b&gt;und Alicante<\/li>\n<li style=\"font-weight: 400;\" aria-level=\"1\"><b>Plastic Surgery Unit Hospital Quironsalud Valencia<\/b><span style=\"font-weight: 400;\"> (IMRicart)<\/span><b> und Alicante &lt;\/b &gt; <span style=\"font-weight: 400;\">(Dr. Jos\u00e9 Salvador) <\/span><\/b><\/li>\n<li aria-level=\"1\"><b>Lda. Pilar Gonz\u00e1lez, <\/b><span style=\"font-weight: 400;\">Fallmanagement und Patientenversorgung. Valencia<\/span><\/li>\n<li aria-level=\"1\">Private Patientenversorgung. Alicante<\/li>\n<li aria-level=\"1\"><b>Nacho M\u00e1rquez. <\/b><span style=\"font-weight: 400;\">Valencia K\u00f6rperlicher Vorbereitungsdienst.<\/span><\/li>\n<li aria-level=\"1\"><b>Laura V\u00e1zquez. <\/b><span style=\"font-weight: 400;\">Territorialer Marketingdirektor<\/span><\/li>\n<li aria-level=\"1\"><b>Bel\u00e9n Campos. <\/b><span style=\"font-weight: 400;\">Valencia Kommunikationsmanager.<\/span><\/li>\n<\/ul>\n<\/td>\n<td>\u00a0<\/td>\n<\/tr>\n<\/tbody>\n<\/table>\n<p>[\/et_pb_text][\/et_pb_column][et_pb_column type=&#8220;1_2&#8243; _builder_version=&#8220;4.24.2&#8243; _module_preset=&#8220;default&#8220; global_colors_info=&#8220;{}&#8220;][et_pb_image src=&#8220;https:\/\/www.solucionobesidad.com\/wp-content\/uploads\/2024\/03\/clinica-obesidad.webp&#8220; title_text=&#8220;clinica-obesidad&#8220; _builder_version=&#8220;4.24.2&#8243; _module_preset=&#8220;default&#8220; global_colors_info=&#8220;{}&#8220;][\/et_pb_image][\/et_pb_column][\/et_pb_row][\/et_pb_section]<\/p>\n","protected":false},"excerpt":{"rendered":"<p>TEAM<span class=\"breadcrumbs\"><p><a href=\"\/de\">Heim<\/a> \/ <a href=\"https:\/\/www.solucionobesidad.com\/de\/team-de\/\">Team<\/a><\/p><\/span>Medizinisches und professionelles Team QUIRONSALUD Adipositas- und Ern\u00e4hrungseinheit Valencia und Alicante Dr. Carlos Sala, Allgemein- und Verdauungssystemchirurg. Bariatrischer und endokrin-metabolischer Chirurg. Leiter der Abteilung f\u00fcr Fettleibigkeit und Ern\u00e4hrung in Valencia und Alicante Dr. Elena Mu\u00f1oz, Allgemein- und Verdauungssystemchirurgie Dr. Rafael Garc\u00eda, Allgemeine und Verdauungssystemchirurgie Dr. Inmaculada Torrijo, Allgemeine und Verdauungssystemchirurgie Dr. Jes\u00fas Burguera und Gracia [&hellip;]<\/p>\n","protected":false},"author":1,"featured_media":0,"parent":0,"menu_order":0,"comment_status":"closed","ping_status":"closed","template":"","meta":{"_acf_changed":false,"_et_pb_use_builder":"on","_et_pb_old_content":"","_et_gb_content_width":"","inline_featured_image":false,"footnotes":""},"class_list":["post-1072","page","type-page","status-publish","hentry"],"acf":[],"yoast_head":"<!-- This site is optimized with the Yoast SEO plugin v23.5 - https:\/\/yoast.com\/wordpress\/plugins\/seo\/ -->\n<title>Soluci\u00f3n Obesidad | M\u00e9dicos obesidad - Hospital Quir\u00f3nsalud Valencia<\/title>\n<meta name=\"description\" content=\"Los m\u00e9dicos obesidad m\u00e1s prestigiosos te ofrecen en Soluci\u00f3n Obesidad la informaci\u00f3n m\u00e1s completa sobre la enfermedad. Te explicamos las causas del sobrepeso, las dolencias que puede provocar, las \u00faltimos tratamientos y cirug\u00edas para combatirla y consejos para llevar una vida saludable.\" \/>\n<meta name=\"robots\" content=\"index, follow, max-snippet:-1, max-image-preview:large, max-video-preview:-1\" \/>\n<link rel=\"canonical\" href=\"https:\/\/www.solucionobesidad.com\/equipo-medico\/\" \/>\n<meta property=\"og:locale\" content=\"de_DE\" \/>\n<meta property=\"og:type\" content=\"article\" \/>\n<meta property=\"og:title\" content=\"Soluci\u00f3n Obesidad | M\u00e9dicos obesidad - Hospital Quir\u00f3nsalud Valencia\" \/>\n<meta property=\"og:description\" content=\"Los m\u00e9dicos obesidad m\u00e1s prestigiosos te ofrecen en Soluci\u00f3n Obesidad la informaci\u00f3n m\u00e1s completa sobre la enfermedad. Te explicamos las causas del sobrepeso, las dolencias que puede provocar, las \u00faltimos tratamientos y cirug\u00edas para combatirla y consejos para llevar una vida saludable.\" \/>\n<meta property=\"og:url\" content=\"https:\/\/www.solucionobesidad.com\/equipo-medico\/\" \/>\n<meta property=\"og:site_name\" content=\"Soluci\u00f3n Obesidad\" \/>\n<meta property=\"article:modified_time\" content=\"2024-04-30T13:34:41+00:00\" \/>\n<meta name=\"twitter:card\" content=\"summary_large_image\" \/>\n<meta name=\"twitter:label1\" content=\"Gesch\u00e4tzte Lesezeit\" \/>\n\t<meta name=\"twitter:data1\" content=\"3\u00a0Minuten\" \/>\n<script type=\"application\/ld+json\" class=\"yoast-schema-graph\">{\"@context\":\"https:\/\/schema.org\",\"@graph\":[{\"@type\":\"WebPage\",\"@id\":\"https:\/\/www.solucionobesidad.com\/equipo-medico\/\",\"url\":\"https:\/\/www.solucionobesidad.com\/equipo-medico\/\",\"name\":\"Soluci\u00f3n Obesidad | M\u00e9dicos obesidad - Hospital Quir\u00f3nsalud Valencia\",\"isPartOf\":{\"@id\":\"https:\/\/www.solucionobesidad.com\/#website\"},\"datePublished\":\"2024-03-19T10:53:58+00:00\",\"dateModified\":\"2024-04-30T13:34:41+00:00\",\"description\":\"Los m\u00e9dicos obesidad m\u00e1s prestigiosos te ofrecen en Soluci\u00f3n Obesidad la informaci\u00f3n m\u00e1s completa sobre la enfermedad. Te explicamos las causas del sobrepeso, las dolencias que puede provocar, las \u00faltimos tratamientos y cirug\u00edas para combatirla y consejos para llevar una vida saludable.\",\"breadcrumb\":{\"@id\":\"https:\/\/www.solucionobesidad.com\/equipo-medico\/#breadcrumb\"},\"inLanguage\":\"de\",\"potentialAction\":[{\"@type\":\"ReadAction\",\"target\":[\"https:\/\/www.solucionobesidad.com\/equipo-medico\/\"]}]},{\"@type\":\"BreadcrumbList\",\"@id\":\"https:\/\/www.solucionobesidad.com\/equipo-medico\/#breadcrumb\",\"itemListElement\":[{\"@type\":\"ListItem\",\"position\":1,\"name\":\"Home\",\"item\":\"https:\/\/www.solucionobesidad.com\/\"},{\"@type\":\"ListItem\",\"position\":2,\"name\":\"Team\"}]},{\"@type\":\"WebSite\",\"@id\":\"https:\/\/www.solucionobesidad.com\/#website\",\"url\":\"https:\/\/www.solucionobesidad.com\/\",\"name\":\"Soluci\u00f3n Obesidad\",\"description\":\"\",\"publisher\":{\"@id\":\"https:\/\/www.solucionobesidad.com\/#organization\"},\"potentialAction\":[{\"@type\":\"SearchAction\",\"target\":{\"@type\":\"EntryPoint\",\"urlTemplate\":\"https:\/\/www.solucionobesidad.com\/?s={search_term_string}\"},\"query-input\":{\"@type\":\"PropertyValueSpecification\",\"valueRequired\":true,\"valueName\":\"search_term_string\"}}],\"inLanguage\":\"de\"},{\"@type\":\"Organization\",\"@id\":\"https:\/\/www.solucionobesidad.com\/#organization\",\"name\":\"Soluci\u00f3n Obesidad\",\"url\":\"https:\/\/www.solucionobesidad.com\/\",\"logo\":{\"@type\":\"ImageObject\",\"inLanguage\":\"de\",\"@id\":\"https:\/\/www.solucionobesidad.com\/#\/schema\/logo\/image\/\",\"url\":\"https:\/\/www.solucionobesidad.com\/wp-content\/uploads\/2024\/04\/logo-obesity-center-carlos-sala.svg\",\"contentUrl\":\"https:\/\/www.solucionobesidad.com\/wp-content\/uploads\/2024\/04\/logo-obesity-center-carlos-sala.svg\",\"width\":\"1024\",\"height\":\"1024\",\"caption\":\"Soluci\u00f3n Obesidad\"},\"image\":{\"@id\":\"https:\/\/www.solucionobesidad.com\/#\/schema\/logo\/image\/\"}}]}<\/script>\n<!-- \/ Yoast SEO plugin. -->","yoast_head_json":{"title":"Soluci\u00f3n Obesidad | M\u00e9dicos obesidad - Hospital Quir\u00f3nsalud Valencia","description":"Los m\u00e9dicos obesidad m\u00e1s prestigiosos te ofrecen en Soluci\u00f3n Obesidad la informaci\u00f3n m\u00e1s completa sobre la enfermedad. Te explicamos las causas del sobrepeso, las dolencias que puede provocar, las \u00faltimos tratamientos y cirug\u00edas para combatirla y consejos para llevar una vida saludable.","robots":{"index":"index","follow":"follow","max-snippet":"max-snippet:-1","max-image-preview":"max-image-preview:large","max-video-preview":"max-video-preview:-1"},"canonical":"https:\/\/www.solucionobesidad.com\/equipo-medico\/","og_locale":"de_DE","og_type":"article","og_title":"Soluci\u00f3n Obesidad | M\u00e9dicos obesidad - Hospital Quir\u00f3nsalud Valencia","og_description":"Los m\u00e9dicos obesidad m\u00e1s prestigiosos te ofrecen en Soluci\u00f3n Obesidad la informaci\u00f3n m\u00e1s completa sobre la enfermedad. Te explicamos las causas del sobrepeso, las dolencias que puede provocar, las \u00faltimos tratamientos y cirug\u00edas para combatirla y consejos para llevar una vida saludable.","og_url":"https:\/\/www.solucionobesidad.com\/equipo-medico\/","og_site_name":"Soluci\u00f3n Obesidad","article_modified_time":"2024-04-30T13:34:41+00:00","twitter_card":"summary_large_image","twitter_misc":{"Gesch\u00e4tzte Lesezeit":"3\u00a0Minuten"},"schema":{"@context":"https:\/\/schema.org","@graph":[{"@type":"WebPage","@id":"https:\/\/www.solucionobesidad.com\/equipo-medico\/","url":"https:\/\/www.solucionobesidad.com\/equipo-medico\/","name":"Soluci\u00f3n Obesidad | M\u00e9dicos obesidad - Hospital Quir\u00f3nsalud Valencia","isPartOf":{"@id":"https:\/\/www.solucionobesidad.com\/#website"},"datePublished":"2024-03-19T10:53:58+00:00","dateModified":"2024-04-30T13:34:41+00:00","description":"Los m\u00e9dicos obesidad m\u00e1s prestigiosos te ofrecen en Soluci\u00f3n Obesidad la informaci\u00f3n m\u00e1s completa sobre la enfermedad. Te explicamos las causas del sobrepeso, las dolencias que puede provocar, las \u00faltimos tratamientos y cirug\u00edas para combatirla y consejos para llevar una vida saludable.","breadcrumb":{"@id":"https:\/\/www.solucionobesidad.com\/equipo-medico\/#breadcrumb"},"inLanguage":"de","potentialAction":[{"@type":"ReadAction","target":["https:\/\/www.solucionobesidad.com\/equipo-medico\/"]}]},{"@type":"BreadcrumbList","@id":"https:\/\/www.solucionobesidad.com\/equipo-medico\/#breadcrumb","itemListElement":[{"@type":"ListItem","position":1,"name":"Home","item":"https:\/\/www.solucionobesidad.com\/"},{"@type":"ListItem","position":2,"name":"Team"}]},{"@type":"WebSite","@id":"https:\/\/www.solucionobesidad.com\/#website","url":"https:\/\/www.solucionobesidad.com\/","name":"Soluci\u00f3n Obesidad","description":"","publisher":{"@id":"https:\/\/www.solucionobesidad.com\/#organization"},"potentialAction":[{"@type":"SearchAction","target":{"@type":"EntryPoint","urlTemplate":"https:\/\/www.solucionobesidad.com\/?s={search_term_string}"},"query-input":{"@type":"PropertyValueSpecification","valueRequired":true,"valueName":"search_term_string"}}],"inLanguage":"de"},{"@type":"Organization","@id":"https:\/\/www.solucionobesidad.com\/#organization","name":"Soluci\u00f3n Obesidad","url":"https:\/\/www.solucionobesidad.com\/","logo":{"@type":"ImageObject","inLanguage":"de","@id":"https:\/\/www.solucionobesidad.com\/#\/schema\/logo\/image\/","url":"https:\/\/www.solucionobesidad.com\/wp-content\/uploads\/2024\/04\/logo-obesity-center-carlos-sala.svg","contentUrl":"https:\/\/www.solucionobesidad.com\/wp-content\/uploads\/2024\/04\/logo-obesity-center-carlos-sala.svg","width":"1024","height":"1024","caption":"Soluci\u00f3n Obesidad"},"image":{"@id":"https:\/\/www.solucionobesidad.com\/#\/schema\/logo\/image\/"}}]}},"_links":{"self":[{"href":"https:\/\/www.solucionobesidad.com\/de\/wp-json\/wp\/v2\/pages\/1072","targetHints":{"allow":["GET"]}}],"collection":[{"href":"https:\/\/www.solucionobesidad.com\/de\/wp-json\/wp\/v2\/pages"}],"about":[{"href":"https:\/\/www.solucionobesidad.com\/de\/wp-json\/wp\/v2\/types\/page"}],"author":[{"embeddable":true,"href":"https:\/\/www.solucionobesidad.com\/de\/wp-json\/wp\/v2\/users\/1"}],"replies":[{"embeddable":true,"href":"https:\/\/www.solucionobesidad.com\/de\/wp-json\/wp\/v2\/comments?post=1072"}],"version-history":[{"count":0,"href":"https:\/\/www.solucionobesidad.com\/de\/wp-json\/wp\/v2\/pages\/1072\/revisions"}],"wp:attachment":[{"href":"https:\/\/www.solucionobesidad.com\/de\/wp-json\/wp\/v2\/media?parent=1072"}],"curies":[{"name":"wp","href":"https:\/\/api.w.org\/{rel}","templated":true}]}}