{"id":1042,"date":"2024-03-18T10:39:59","date_gmt":"2024-03-18T09:39:59","guid":{"rendered":"https:\/\/www.solucionobesidad.com\/die-laparoskopische-gastrektomie-oder-magensonde-de\/"},"modified":"2024-04-29T11:01:40","modified_gmt":"2024-04-29T09:01:40","slug":"die-laparoskopische-gastrektomie-oder-magensonde-de","status":"publish","type":"page","link":"https:\/\/www.solucionobesidad.com\/de\/die-laparoskopische-gastrektomie-oder-magensonde-de\/","title":{"rendered":"Die laparoskopische Gastrektomie oder magensonde"},"content":{"rendered":"<p>[et_pb_section fb_built=&#8220;1&#8243; _builder_version=&#8220;4.24.0&#8243; _module_preset=&#8220;default&#8220; background_color=&#8220;#5A8D7D&#8220; custom_padding=&#8220;0px||0px||true|false&#8220; global_colors_info=&#8220;{}&#8220;][et_pb_row _builder_version=&#8220;4.24.2&#8243; _module_preset=&#8220;default&#8220; width=&#8220;90%&#8220; custom_padding=&#8220;5em||0em||false|false&#8220; global_colors_info=&#8220;{}&#8220;][et_pb_column type=&#8220;4_4&#8243; _builder_version=&#8220;4.24.0&#8243; _module_preset=&#8220;default&#8220; global_colors_info=&#8220;{}&#8220;][et_pb_text _builder_version=&#8220;4.24.2&#8243; _module_preset=&#8220;default&#8220; header_font=&#8220;Montserrat|700||on|||||&#8220; header_text_color=&#8220;#FFFFFF&#8220; header_font_size=&#8220;50px&#8220; custom_margin=&#8220;||2em||false|false&#8220; custom_padding=&#8220;0px||0px||true|false&#8220; global_colors_info=&#8220;{}&#8220;]<\/p>\n<h1 class=\"page-title\">DIE LAPAROSKOPISCHE GASTREKTOMIE ODER MAGENSONDE<\/h1>\n<p>[\/et_pb_text][et_pb_code _builder_version=&#8220;4.24.2&#8243; _module_preset=&#8220;default&#8220; background_color=&#8220;rgba(0,0,0,0.6)&#8220; positioning=&#8220;relative&#8220; position_origin_a=&#8220;bottom_left&#8220; text_orientation=&#8220;left&#8220; width=&#8220;100%&#8220; custom_padding=&#8220;0.5em|1em|0.5em|1em|true|true&#8220; custom_css_main_element=&#8220;max-width:fit-content;||&#8220; custom_css_free_form=&#8220;selector p,||selector a{||  color:white !important;||  font-size:14px;||}&#8220; locked=&#8220;off&#8220; global_colors_info=&#8220;{}&#8220;]<pee><span class=\"breadcrumbs\"><p><a href=\"\/de\">Heim<\/a> \/ <a href=\"https:\/\/www.solucionobesidad.com\/de\/die-laparoskopische-gastrektomie-oder-magensonde-de\/\">Die laparoskopische Gastrektomie oder magensonde<\/a><\/p><\/span><\/pee>[\/et_pb_code][\/et_pb_column][\/et_pb_row][\/et_pb_section][et_pb_section fb_built=&#8220;1&#8243; _builder_version=&#8220;4.24.2&#8243; _module_preset=&#8220;default&#8220; custom_padding=&#8220;||4px|||&#8220; global_colors_info=&#8220;{}&#8220;][et_pb_row column_structure=&#8220;3_5,2_5&#8243; _builder_version=&#8220;4.24.2&#8243; _module_preset=&#8220;default&#8220; width=&#8220;90%&#8220; global_colors_info=&#8220;{}&#8220;][et_pb_column type=&#8220;3_5&#8243; _builder_version=&#8220;4.24.2&#8243; _module_preset=&#8220;default&#8220; global_colors_info=&#8220;{}&#8220;][et_pb_text _builder_version=&#8220;4.24.2&#8243; _module_preset=&#8220;default&#8220; text_font=&#8220;|300|||||||&#8220; global_colors_info=&#8220;{}&#8220;]<\/p>\n<p>Durch die kontrastierenden Vorteile und die ermutigende Ergebnisse,\u00a0 empfehlen wir derzeit Rohr laparoskopische gatroplasty (Sleeve Gastrectomy) als rein restriktives Verfahren.<\/p>\n<p>Seit 2014 ist dieses das h\u00e4ufigste durchgef\u00fchrte Verfahren in der Welt, leicht \u00fcber dem Magen-Bypass.<\/p>\n<p>[\/et_pb_text][et_pb_image src=&#8220;https:\/\/www.solucionobesidad.com\/wp-content\/uploads\/2024\/03\/video-gastroplastia-tubular.jpg&#8220; title_text=&#8220;video-gastroplastia-tubular&#8220; url=&#8220;https:\/\/www.youtube.com\/watch?v=qi9lQnDkn9w&amp;ab_channel=Soluci%C3%B3nObesidad&#8220; url_new_window=&#8220;on&#8220; _builder_version=&#8220;4.24.2&#8243; _module_preset=&#8220;default&#8220; global_colors_info=&#8220;{}&#8220;][\/et_pb_image][et_pb_image src=&#8220;https:\/\/www.solucionobesidad.com\/wp-content\/uploads\/2024\/03\/tubo-gastrico-1.webp&#8220; title_text=&#8220;tubo-gastrico-1&#8243; _builder_version=&#8220;4.24.2&#8243; _module_preset=&#8220;default&#8220; global_colors_info=&#8220;{}&#8220;][\/et_pb_image][\/et_pb_column][et_pb_column type=&#8220;2_5&#8243; _builder_version=&#8220;4.24.2&#8243; _module_preset=&#8220;default&#8220; global_colors_info=&#8220;{}&#8220;][et_pb_accordion toggle_icon=&#8220;&#x4c;||divi||400&#8243; icon_color=&#8220;#000000&#8243; _builder_version=&#8220;4.24.2&#8243; _module_preset=&#8220;default&#8220; body_font=&#8220;|300|||||||&#8220; global_colors_info=&#8220;{}&#8220; toggle_icon__hover_enabled=&#8220;off|desktop&#8220;][et_pb_accordion_item title=&#8220;WAS IST ES?&#8220; _builder_version=&#8220;4.24.2&#8243; _module_preset=&#8220;default&#8220; global_colors_info=&#8220;{}&#8220; open=&#8220;on&#8220;]<\/p>\n<p>Durch 5 L\u00f6cher von 0.5 bis 1 cm im Bauch, f\u00fchren wir die Zange, die Kamera\u00a0 und die Endostacker um die Operation ohne den Bauch zu \u00f6ffnen und ohne sichtbare Narben durchzuf\u00fchren. Man reduziert die Magen Gr\u00f6\u00dfe in dem es in einer Art Rohr umwandlen, was das Volumen der Einla\u00df reduziert. Magen verbleibende \u00dcberschuss wird duch den Nabel entfernt. Es bedingt nicht ein hervorrangende langfristigen Ern\u00e4hrungsmangel, wenn die Qualit\u00e4t des Essens ausreichend ist.<\/p>\n<p>[\/et_pb_accordion_item][et_pb_accordion_item title=&#8220;F\u00dcR WEN IST ES VORGESEHEN?&#8220; _builder_version=&#8220;4.24.2&#8243; _module_preset=&#8220;default&#8220; custom_margin=&#8220;-30px||||false|false&#8220; global_colors_info=&#8220;{}&#8220; open=&#8220;off&#8220;]<\/p>\n<p>Es wird bei Patienten mit einem BMI zwischen 35 und 45 mit einer milden Komorbidit\u00e4t und f\u00fcr denen es leicht ist eine Di\u00e4t durch zu f\u00fchren, angegeben. Bei den Patienten mit gatro\u00f6sophagealen Refluxkrankheit (Sodbrennen) und schwere \u00d6sophagitis wir empfehlen vorzugsweise den Bypass, weil dies zus\u00e4tzlich korrigiert wird.<br \/>Es kann auch, als erster Schritt, bei Patienten mit hohem Operationsrisiko oder mit einem gro\u00dfen \u00dcbergewicht (BMI&gt;55), nachdem diese Risiko reduziert wird und nach einem gro\u00dfen Gewichtsverlust, verwendet werden. Damit in naher Zukunft ein anderes malabsorptive Verfahren assoziiert werden kann. Bei zahlreichen Gelegenheiten verbessern sich so gut die Patienten, dass es nicht mehr n\u00f6tig ist dieses zweites Verfahren durchzuf\u00fchren.<\/p>\n<p>[\/et_pb_accordion_item][et_pb_accordion_item title=&#8220;WANN KANN MAN DIE EFFEKTE ERKENNE?&#8220; _builder_version=&#8220;4.24.2&#8243; _module_preset=&#8220;default&#8220; custom_margin=&#8220;-30px||||false|false&#8220; global_colors_info=&#8220;{}&#8220; open=&#8220;off&#8220;]<\/p>\n<div id=\"1474458592081-f99e4ee3-0566\" class=\"vc_tta-panel vc_active\" data-vc-content=\".vc_tta-panel-body\">\n<div class=\"vc_tta-panel-body\">\n<div class=\"wpb_text_column wpb_content_element \">\n<div class=\"wpb_wrapper\">\n<p>Die Gastrektomie bestimmt einen Gewichtsverlust vor allem w\u00e4hrend der ersten 6 Monate nach der Operation und mehr als 50% des \u00fcbersch\u00fcssigen langfristig.<\/p>\n<\/div>\n<\/div>\n<\/div>\n<\/div>\n<p>[\/et_pb_accordion_item][et_pb_accordion_item title=&#8220;BEN\u00d6TIGEN SIE EINE WEITERVERFOLGUNG?&#8220; open=&#8220;off&#8220; _builder_version=&#8220;4.24.2&#8243; _module_preset=&#8220;default&#8220; custom_margin=&#8220;-30px||||false|false&#8220; global_colors_info=&#8220;{}&#8220;]<\/p>\n<p>Sie brauchen sp\u00e4tere Di\u00e4tkontrolle um spezielle Ern\u00e4hrungsbed\u00fcrfnisse zu lernen, damit Sie eine gesunde, ausgewogene und ausreichend Ern\u00e4hrung f\u00fchren.<\/p>\n<p>[\/et_pb_accordion_item][\/et_pb_accordion][\/et_pb_column][\/et_pb_row][et_pb_row _builder_version=&#8220;4.24.2&#8243; _module_preset=&#8220;default&#8220; custom_margin=&#8220;|auto||34px||&#8220; hover_enabled=&#8220;0&#8243; global_colors_info=&#8220;{}&#8220; module_alignment=&#8220;center&#8220; sticky_enabled=&#8220;0&#8243;][et_pb_column type=&#8220;4_4&#8243; _builder_version=&#8220;4.24.2&#8243; _module_preset=&#8220;default&#8220; global_colors_info=&#8220;{}&#8220;][et_pb_code _builder_version=&#8220;4.24.2&#8243; _module_preset=&#8220;default&#8220; background_enable_color=&#8220;off&#8220; text_orientation=&#8220;right&#8220; width=&#8220;100%&#8220; max_width=&#8220;100%&#8220; module_alignment=&#8220;right&#8220; custom_margin=&#8220;||||false|false&#8220; link_option_url=&#8220;https:\/\/www.solucionobesidad.com\/de\/die-laparoskopische-magen-bypass-de\/&#8220; hover_enabled=&#8220;0&#8243; custom_css_free_form=&#8220;selector *{||  color: white;||}||||selector i{||  font-size: 16px;||  padding-right: 16px;||}||||selector a {||  \tbackground: #5a8d7d;||    display: inline-block;||    cursor: pointer;||    white-space: nowrap;||    padding: 10px 20px;||    font-weight: 600;||    font-size: 14px;||  \tborder: 2px solid transparent;||    letter-spacing: 0.7px;||    text-transform: uppercase;|| \t\ttransition: all 0.35s ease 0s;||}||||selector a:hover{||  background: #404d5f;||  ||}&#8220; global_colors_info=&#8220;{}&#8220; sticky_enabled=&#8220;0&#8243; custom_margin_last_edited=&#8220;on|phone&#8220; custom_margin_phone=&#8220;||||false|false&#8220; custom_margin_tablet=&#8220;||||false|false&#8220;]<a class=\"st-button style-1 size-small\" href=\"https:\/\/www.solucionobesidad.com\/de\/die-laparoskopische-magen-bypass-de\/\" target=\"\" rel=\"noopener\"><i class=\"fa fa-arrow-right\"><\/i><span>DIE LAPAROSKOPISCHE MAGEN-BYPASS<\/span><\/a>[\/et_pb_code][\/et_pb_column][\/et_pb_row][\/et_pb_section]<\/p>\n","protected":false},"excerpt":{"rendered":"<p>DIE LAPAROSKOPISCHE GASTREKTOMIE ODER MAGENSONDE<span class=\"breadcrumbs\"><p><a href=\"\/de\">Heim<\/a> \/ <a href=\"https:\/\/www.solucionobesidad.com\/de\/die-laparoskopische-gastrektomie-oder-magensonde-de\/\">Die laparoskopische Gastrektomie oder magensonde<\/a><\/p><\/span>Durch die kontrastierenden Vorteile und die ermutigende Ergebnisse,\u00a0 empfehlen wir derzeit Rohr laparoskopische gatroplasty (Sleeve Gastrectomy) als rein restriktives Verfahren. Seit 2014 ist dieses das h\u00e4ufigste durchgef\u00fchrte Verfahren in der Welt, leicht \u00fcber dem Magen-Bypass.Durch 5 L\u00f6cher von 0.5 bis 1 cm im Bauch, f\u00fchren wir die Zange, die Kamera\u00a0 und [&hellip;]<\/p>\n","protected":false},"author":1,"featured_media":0,"parent":0,"menu_order":0,"comment_status":"closed","ping_status":"closed","template":"","meta":{"_acf_changed":false,"_et_pb_use_builder":"on","_et_pb_old_content":"","_et_gb_content_width":"","inline_featured_image":false,"footnotes":""},"class_list":["post-1042","page","type-page","status-publish","hentry"],"acf":[],"yoast_head":"<!-- This site is optimized with the Yoast SEO plugin v23.5 - https:\/\/yoast.com\/wordpress\/plugins\/seo\/ -->\n<title>Soluci\u00f3n Obesidad | Tubo g\u00e1strico - Hospital Quir\u00f3nsalud Valencia<\/title>\n<meta name=\"description\" content=\"En Soluci\u00f3n Obesidad te ofrecemos toda la informaci\u00f3n sobre la t\u00e9cnica de tubo g\u00e1strico o gastrectom\u00eda vertical laparosc\u00f3pica, el bypass g\u00e1strico y otros tipos de cirug\u00eda bari\u00e1trica. Cont\u00e1ctanos y nuestros especialistas del Hospital Quir\u00f3nsalud te asesorar\u00e1n sobre el mejor tratamiento en cada caso.\" \/>\n<meta name=\"robots\" content=\"index, follow, max-snippet:-1, max-image-preview:large, max-video-preview:-1\" \/>\n<link rel=\"canonical\" href=\"https:\/\/www.solucionobesidad.com\/gastrectomia-vertical-laparoscopica-o-tubo-gastrico\/\" \/>\n<meta property=\"og:locale\" content=\"de_DE\" \/>\n<meta property=\"og:type\" content=\"article\" \/>\n<meta property=\"og:title\" content=\"Soluci\u00f3n Obesidad | Tubo g\u00e1strico - Hospital Quir\u00f3nsalud Valencia\" \/>\n<meta property=\"og:description\" content=\"En Soluci\u00f3n Obesidad te ofrecemos toda la informaci\u00f3n sobre la t\u00e9cnica de tubo g\u00e1strico o gastrectom\u00eda vertical laparosc\u00f3pica, el bypass g\u00e1strico y otros tipos de cirug\u00eda bari\u00e1trica. Cont\u00e1ctanos y nuestros especialistas del Hospital Quir\u00f3nsalud te asesorar\u00e1n sobre el mejor tratamiento en cada caso.\" \/>\n<meta property=\"og:url\" content=\"https:\/\/www.solucionobesidad.com\/gastrectomia-vertical-laparoscopica-o-tubo-gastrico\/\" \/>\n<meta property=\"og:site_name\" content=\"Soluci\u00f3n Obesidad\" \/>\n<meta property=\"article:modified_time\" content=\"2024-04-29T09:01:40+00:00\" \/>\n<meta name=\"twitter:card\" content=\"summary_large_image\" \/>\n<meta name=\"twitter:label1\" content=\"Gesch\u00e4tzte Lesezeit\" \/>\n\t<meta name=\"twitter:data1\" content=\"4\u00a0Minuten\" \/>\n<script type=\"application\/ld+json\" class=\"yoast-schema-graph\">{\"@context\":\"https:\/\/schema.org\",\"@graph\":[{\"@type\":\"WebPage\",\"@id\":\"https:\/\/www.solucionobesidad.com\/gastrectomia-vertical-laparoscopica-o-tubo-gastrico\/\",\"url\":\"https:\/\/www.solucionobesidad.com\/gastrectomia-vertical-laparoscopica-o-tubo-gastrico\/\",\"name\":\"Soluci\u00f3n Obesidad | Tubo g\u00e1strico - Hospital Quir\u00f3nsalud Valencia\",\"isPartOf\":{\"@id\":\"https:\/\/www.solucionobesidad.com\/#website\"},\"datePublished\":\"2024-03-18T09:39:59+00:00\",\"dateModified\":\"2024-04-29T09:01:40+00:00\",\"description\":\"En Soluci\u00f3n Obesidad te ofrecemos toda la informaci\u00f3n sobre la t\u00e9cnica de tubo g\u00e1strico o gastrectom\u00eda vertical laparosc\u00f3pica, el bypass g\u00e1strico y otros tipos de cirug\u00eda bari\u00e1trica. Cont\u00e1ctanos y nuestros especialistas del Hospital Quir\u00f3nsalud te asesorar\u00e1n sobre el mejor tratamiento en cada caso.\",\"breadcrumb\":{\"@id\":\"https:\/\/www.solucionobesidad.com\/gastrectomia-vertical-laparoscopica-o-tubo-gastrico\/#breadcrumb\"},\"inLanguage\":\"de\",\"potentialAction\":[{\"@type\":\"ReadAction\",\"target\":[\"https:\/\/www.solucionobesidad.com\/gastrectomia-vertical-laparoscopica-o-tubo-gastrico\/\"]}]},{\"@type\":\"BreadcrumbList\",\"@id\":\"https:\/\/www.solucionobesidad.com\/gastrectomia-vertical-laparoscopica-o-tubo-gastrico\/#breadcrumb\",\"itemListElement\":[{\"@type\":\"ListItem\",\"position\":1,\"name\":\"Home\",\"item\":\"https:\/\/www.solucionobesidad.com\/\"},{\"@type\":\"ListItem\",\"position\":2,\"name\":\"Die laparoskopische Gastrektomie oder magensonde\"}]},{\"@type\":\"WebSite\",\"@id\":\"https:\/\/www.solucionobesidad.com\/#website\",\"url\":\"https:\/\/www.solucionobesidad.com\/\",\"name\":\"Soluci\u00f3n Obesidad\",\"description\":\"\",\"publisher\":{\"@id\":\"https:\/\/www.solucionobesidad.com\/#organization\"},\"potentialAction\":[{\"@type\":\"SearchAction\",\"target\":{\"@type\":\"EntryPoint\",\"urlTemplate\":\"https:\/\/www.solucionobesidad.com\/?s={search_term_string}\"},\"query-input\":{\"@type\":\"PropertyValueSpecification\",\"valueRequired\":true,\"valueName\":\"search_term_string\"}}],\"inLanguage\":\"de\"},{\"@type\":\"Organization\",\"@id\":\"https:\/\/www.solucionobesidad.com\/#organization\",\"name\":\"Soluci\u00f3n Obesidad\",\"url\":\"https:\/\/www.solucionobesidad.com\/\",\"logo\":{\"@type\":\"ImageObject\",\"inLanguage\":\"de\",\"@id\":\"https:\/\/www.solucionobesidad.com\/#\/schema\/logo\/image\/\",\"url\":\"https:\/\/www.solucionobesidad.com\/wp-content\/uploads\/2024\/04\/logo-obesity-center-carlos-sala.svg\",\"contentUrl\":\"https:\/\/www.solucionobesidad.com\/wp-content\/uploads\/2024\/04\/logo-obesity-center-carlos-sala.svg\",\"width\":\"1024\",\"height\":\"1024\",\"caption\":\"Soluci\u00f3n Obesidad\"},\"image\":{\"@id\":\"https:\/\/www.solucionobesidad.com\/#\/schema\/logo\/image\/\"}}]}<\/script>\n<!-- \/ Yoast SEO plugin. -->","yoast_head_json":{"title":"Soluci\u00f3n Obesidad | Tubo g\u00e1strico - Hospital Quir\u00f3nsalud Valencia","description":"En Soluci\u00f3n Obesidad te ofrecemos toda la informaci\u00f3n sobre la t\u00e9cnica de tubo g\u00e1strico o gastrectom\u00eda vertical laparosc\u00f3pica, el bypass g\u00e1strico y otros tipos de cirug\u00eda bari\u00e1trica. Cont\u00e1ctanos y nuestros especialistas del Hospital Quir\u00f3nsalud te asesorar\u00e1n sobre el mejor tratamiento en cada caso.","robots":{"index":"index","follow":"follow","max-snippet":"max-snippet:-1","max-image-preview":"max-image-preview:large","max-video-preview":"max-video-preview:-1"},"canonical":"https:\/\/www.solucionobesidad.com\/gastrectomia-vertical-laparoscopica-o-tubo-gastrico\/","og_locale":"de_DE","og_type":"article","og_title":"Soluci\u00f3n Obesidad | Tubo g\u00e1strico - Hospital Quir\u00f3nsalud Valencia","og_description":"En Soluci\u00f3n Obesidad te ofrecemos toda la informaci\u00f3n sobre la t\u00e9cnica de tubo g\u00e1strico o gastrectom\u00eda vertical laparosc\u00f3pica, el bypass g\u00e1strico y otros tipos de cirug\u00eda bari\u00e1trica. Cont\u00e1ctanos y nuestros especialistas del Hospital Quir\u00f3nsalud te asesorar\u00e1n sobre el mejor tratamiento en cada caso.","og_url":"https:\/\/www.solucionobesidad.com\/gastrectomia-vertical-laparoscopica-o-tubo-gastrico\/","og_site_name":"Soluci\u00f3n Obesidad","article_modified_time":"2024-04-29T09:01:40+00:00","twitter_card":"summary_large_image","twitter_misc":{"Gesch\u00e4tzte Lesezeit":"4\u00a0Minuten"},"schema":{"@context":"https:\/\/schema.org","@graph":[{"@type":"WebPage","@id":"https:\/\/www.solucionobesidad.com\/gastrectomia-vertical-laparoscopica-o-tubo-gastrico\/","url":"https:\/\/www.solucionobesidad.com\/gastrectomia-vertical-laparoscopica-o-tubo-gastrico\/","name":"Soluci\u00f3n Obesidad | Tubo g\u00e1strico - Hospital Quir\u00f3nsalud Valencia","isPartOf":{"@id":"https:\/\/www.solucionobesidad.com\/#website"},"datePublished":"2024-03-18T09:39:59+00:00","dateModified":"2024-04-29T09:01:40+00:00","description":"En Soluci\u00f3n Obesidad te ofrecemos toda la informaci\u00f3n sobre la t\u00e9cnica de tubo g\u00e1strico o gastrectom\u00eda vertical laparosc\u00f3pica, el bypass g\u00e1strico y otros tipos de cirug\u00eda bari\u00e1trica. Cont\u00e1ctanos y nuestros especialistas del Hospital Quir\u00f3nsalud te asesorar\u00e1n sobre el mejor tratamiento en cada caso.","breadcrumb":{"@id":"https:\/\/www.solucionobesidad.com\/gastrectomia-vertical-laparoscopica-o-tubo-gastrico\/#breadcrumb"},"inLanguage":"de","potentialAction":[{"@type":"ReadAction","target":["https:\/\/www.solucionobesidad.com\/gastrectomia-vertical-laparoscopica-o-tubo-gastrico\/"]}]},{"@type":"BreadcrumbList","@id":"https:\/\/www.solucionobesidad.com\/gastrectomia-vertical-laparoscopica-o-tubo-gastrico\/#breadcrumb","itemListElement":[{"@type":"ListItem","position":1,"name":"Home","item":"https:\/\/www.solucionobesidad.com\/"},{"@type":"ListItem","position":2,"name":"Die laparoskopische Gastrektomie oder magensonde"}]},{"@type":"WebSite","@id":"https:\/\/www.solucionobesidad.com\/#website","url":"https:\/\/www.solucionobesidad.com\/","name":"Soluci\u00f3n Obesidad","description":"","publisher":{"@id":"https:\/\/www.solucionobesidad.com\/#organization"},"potentialAction":[{"@type":"SearchAction","target":{"@type":"EntryPoint","urlTemplate":"https:\/\/www.solucionobesidad.com\/?s={search_term_string}"},"query-input":{"@type":"PropertyValueSpecification","valueRequired":true,"valueName":"search_term_string"}}],"inLanguage":"de"},{"@type":"Organization","@id":"https:\/\/www.solucionobesidad.com\/#organization","name":"Soluci\u00f3n Obesidad","url":"https:\/\/www.solucionobesidad.com\/","logo":{"@type":"ImageObject","inLanguage":"de","@id":"https:\/\/www.solucionobesidad.com\/#\/schema\/logo\/image\/","url":"https:\/\/www.solucionobesidad.com\/wp-content\/uploads\/2024\/04\/logo-obesity-center-carlos-sala.svg","contentUrl":"https:\/\/www.solucionobesidad.com\/wp-content\/uploads\/2024\/04\/logo-obesity-center-carlos-sala.svg","width":"1024","height":"1024","caption":"Soluci\u00f3n Obesidad"},"image":{"@id":"https:\/\/www.solucionobesidad.com\/#\/schema\/logo\/image\/"}}]}},"_links":{"self":[{"href":"https:\/\/www.solucionobesidad.com\/de\/wp-json\/wp\/v2\/pages\/1042","targetHints":{"allow":["GET"]}}],"collection":[{"href":"https:\/\/www.solucionobesidad.com\/de\/wp-json\/wp\/v2\/pages"}],"about":[{"href":"https:\/\/www.solucionobesidad.com\/de\/wp-json\/wp\/v2\/types\/page"}],"author":[{"embeddable":true,"href":"https:\/\/www.solucionobesidad.com\/de\/wp-json\/wp\/v2\/users\/1"}],"replies":[{"embeddable":true,"href":"https:\/\/www.solucionobesidad.com\/de\/wp-json\/wp\/v2\/comments?post=1042"}],"version-history":[{"count":0,"href":"https:\/\/www.solucionobesidad.com\/de\/wp-json\/wp\/v2\/pages\/1042\/revisions"}],"wp:attachment":[{"href":"https:\/\/www.solucionobesidad.com\/de\/wp-json\/wp\/v2\/media?parent=1042"}],"curies":[{"name":"wp","href":"https:\/\/api.w.org\/{rel}","templated":true}]}}