{"id":1036,"date":"2024-03-18T10:51:20","date_gmt":"2024-03-18T09:51:20","guid":{"rendered":"https:\/\/www.solucionobesidad.com\/die-laparoskopische-magen-bypass-de\/"},"modified":"2024-04-29T10:59:57","modified_gmt":"2024-04-29T08:59:57","slug":"die-laparoskopische-magen-bypass-de","status":"publish","type":"page","link":"https:\/\/www.solucionobesidad.com\/de\/die-laparoskopische-magen-bypass-de\/","title":{"rendered":"Die laparoskopische magen-bypass"},"content":{"rendered":"<p>[et_pb_section fb_built=&#8220;1&#8243; _builder_version=&#8220;4.24.0&#8243; _module_preset=&#8220;default&#8220; background_color=&#8220;#5A8D7D&#8220; custom_padding=&#8220;0px||0px||true|false&#8220; global_colors_info=&#8220;{}&#8220;][et_pb_row _builder_version=&#8220;4.24.2&#8243; _module_preset=&#8220;default&#8220; width=&#8220;90%&#8220; custom_padding=&#8220;5em||0em||false|false&#8220; global_colors_info=&#8220;{}&#8220;][et_pb_column type=&#8220;4_4&#8243; _builder_version=&#8220;4.24.0&#8243; _module_preset=&#8220;default&#8220; global_colors_info=&#8220;{}&#8220;][et_pb_text _builder_version=&#8220;4.24.2&#8243; _module_preset=&#8220;default&#8220; header_font=&#8220;Montserrat|700||on|||||&#8220; header_text_color=&#8220;#FFFFFF&#8220; header_font_size=&#8220;50px&#8220; custom_margin=&#8220;||2em||false|false&#8220; custom_padding=&#8220;0px||0px||true|false&#8220; global_colors_info=&#8220;{}&#8220;]<\/p>\n<h1 class=\"page-title\">DIE LAPAROSKOPISCHE MAGEN-BYPASS<\/h1>\n<p>[\/et_pb_text][et_pb_code _builder_version=&#8220;4.24.2&#8243; _module_preset=&#8220;default&#8220; background_color=&#8220;rgba(0,0,0,0.6)&#8220; positioning=&#8220;relative&#8220; position_origin_a=&#8220;bottom_left&#8220; text_orientation=&#8220;left&#8220; width=&#8220;100%&#8220; custom_padding=&#8220;0.5em|1em|0.5em|1em|true|true&#8220; custom_css_main_element=&#8220;max-width:fit-content;||&#8220; custom_css_free_form=&#8220;selector p,||selector a{||  color:white !important;||  font-size:14px;||}&#8220; locked=&#8220;off&#8220; global_colors_info=&#8220;{}&#8220;]<pee><span class=\"breadcrumbs\"><p><a href=\"\/de\">Heim<\/a> \/ <a href=\"https:\/\/www.solucionobesidad.com\/de\/die-laparoskopische-magen-bypass-de\/\">Die laparoskopische magen-bypass<\/a><\/p><\/span><\/pee>[\/et_pb_code][\/et_pb_column][\/et_pb_row][\/et_pb_section][et_pb_section fb_built=&#8220;1&#8243; _builder_version=&#8220;4.24.2&#8243; _module_preset=&#8220;default&#8220; custom_padding=&#8220;||0px|||&#8220; global_colors_info=&#8220;{}&#8220;][et_pb_row column_structure=&#8220;3_5,2_5&#8243; _builder_version=&#8220;4.24.2&#8243; _module_preset=&#8220;default&#8220; width=&#8220;90%&#8220; global_colors_info=&#8220;{}&#8220;][et_pb_column type=&#8220;3_5&#8243; _builder_version=&#8220;4.24.2&#8243; _module_preset=&#8220;default&#8220; global_colors_info=&#8220;{}&#8220;][et_pb_text _builder_version=&#8220;4.24.2&#8243; _module_preset=&#8220;default&#8220; text_font=&#8220;|300|||||||&#8220; global_colors_info=&#8220;{}&#8220;]<\/p>\n<p>Es ist der ideale restriktive-malabsorptive (gemischt) Intervention. Es ist die am meisten in der Welt im Laufe der Geschichte d\u00fcrchgef\u00fchrt und es ist auch der der als Standard zum Vergleich mit anderen Techniken dient.<\/p>\n<p>Es ist etwas wirksamer als die Magensonde gegen Typ-2-Diabetes, obwohl es bei Patienten mit weniger \u00dcbergewicht \u00e4hnlich sind. Dieser Intervention korrigiertauch die Dyslipid\u00e4mie und Hypertonie bei den meisten Patienten.<\/p>\n<p>Unser Team ber\u00e4t diese Technik h\u00e4ufig, immer personalisiert. Wir verf\u00fcgen \u00fcber gr\u00f6sse Erfahrung.<\/p>\n<p>[\/et_pb_text][et_pb_image src=&#8220;https:\/\/www.solucionobesidad.com\/wp-content\/uploads\/2024\/03\/video-bypass-gastrico-2.jpg&#8220; title_text=&#8220;video-bypass-gastrico-2&#8243; url=&#8220;https:\/\/www.youtube.com\/watch?v=AtVLzVlV92Y&amp;ab_channel=Soluci%C3%B3nObesidad&#8220; url_new_window=&#8220;on&#8220; _builder_version=&#8220;4.24.2&#8243; _module_preset=&#8220;default&#8220; global_colors_info=&#8220;{}&#8220;][\/et_pb_image][et_pb_image src=&#8220;https:\/\/www.solucionobesidad.com\/wp-content\/uploads\/2024\/03\/solucion-obesidad-bypass-gastrico.webp&#8220; title_text=&#8220;solucion-obesidad-bypass-gastrico&#8220; _builder_version=&#8220;4.24.2&#8243; _module_preset=&#8220;default&#8220; global_colors_info=&#8220;{}&#8220;][\/et_pb_image][\/et_pb_column][et_pb_column type=&#8220;2_5&#8243; _builder_version=&#8220;4.24.2&#8243; _module_preset=&#8220;default&#8220; global_colors_info=&#8220;{}&#8220;][et_pb_accordion toggle_icon=&#8220;&#x4c;||divi||400&#8243; icon_color=&#8220;#000000&#8243; _builder_version=&#8220;4.24.2&#8243; _module_preset=&#8220;default&#8220; body_font=&#8220;|300|||||||&#8220; global_colors_info=&#8220;{}&#8220; toggle_icon__hover_enabled=&#8220;off|desktop&#8220;][et_pb_accordion_item title=&#8220;WAS IST LAPAROSKOPISCHE MAGEN-BYPASS?&#8220; _builder_version=&#8220;4.24.2&#8243; _module_preset=&#8220;default&#8220; global_colors_info=&#8220;{}&#8220; open=&#8220;on&#8220;]<\/p>\n<div id=\"1474532099786-53ef6ad1-9977\" class=\"vc_tta-panel vc_active\" data-vc-content=\".vc_tta-panel-body\">\n<div class=\"vc_tta-panel-body\">\n<div class=\"wpb_text_column wpb_content_element \">\n<div class=\"wpb_wrapper\">\n<p>Durch 5 L\u00f6cher von 0.5 bis 1 cm im Bauch f\u00fchren wir die Zange, die Kamera und endostaplers ein um die Operation ohne den Bauch zu \u00f6ffnen durchf\u00fchren k\u00f6nnen. Ohne sichtbaren Narben. Es ist um die Magengr\u00f6sse (viel kleiner als Magensonde) zu reduzieren und um die Schaffung einer Kurzchluss in der Verdauung zu schaffen. Dies f\u00fchrt, dass die Verdauungss\u00e4fte mit dem Essen in einem weiter fortgeschrittenen Punkt der Verdauung sich mischen, was die Absorption von diesen, insbesondere die Fetten, verhindert.<\/p>\n<\/div>\n<\/div>\n<\/div>\n<\/div>\n<p>[\/et_pb_accordion_item][et_pb_accordion_item title=&#8220;F\u00dcR WEM IST DIESE INTERVENTION ANGEZEIGT?&#8220; open=&#8220;off&#8220; _builder_version=&#8220;4.24.2&#8243; _module_preset=&#8220;default&#8220; custom_margin=&#8220;-30px||||false|false&#8220; global_colors_info=&#8220;{}&#8220;]<\/p>\n<p>Im allgemeinen wird diese Intervention f\u00fcr Patienten mit einem BMI&gt;40 oder &gt;35 mit Co-Morbidit\u00e4ten angezeigt. Insbesondere IMC zwischen 45 und 55.<\/p>\n<p>Wir empfehlen sie, vor allem, bei Patienten, welche S\u00fcssigkeiten essen\u00a0 oder bei Patienten mit gasstro\u00f6sophagealen Reflux, \u00d6sophagitis (Sodbrennen) und bei Patienten mit metablischen Syndrom.<\/p>\n<p>Auch, wir bevorzugen die Magensonde bei Patienten mit einem IMC zwischen 35 und 45, die kaum sich an eine Di\u00e4t anpassen k\u00f6nnen.<\/p>\n<p>[\/et_pb_accordion_item][et_pb_accordion_item title=&#8220;AB WANN F\u00c4NGT MAN AN DIE EFFEKTE ZU SEHEN?&#8220; _builder_version=&#8220;4.24.2&#8243; _module_preset=&#8220;default&#8220; custom_margin=&#8220;-30px||||false|false&#8220; global_colors_info=&#8220;{}&#8220; open=&#8220;off&#8220;]<\/p>\n<div id=\"1474458592081-f99e4ee3-0566\" class=\"vc_tta-panel vc_active\" data-vc-content=\".vc_tta-panel-body\">\n<div class=\"vc_tta-panel-body\">\n<div class=\"wpb_text_column wpb_content_element \">\n<div class=\"wpb_wrapper\">\n<p>Der wichtigste Gewichtsverlust tritt w\u00e4hrend der ersten 6 Monate, aber diese Periode kann sich bis einem Jahr oder ein Jahr und ein Halb nach der Operation erstrecken. Genau in dem Moment wo sich das Gewicht sich stabilisiert.<\/p>\n<\/div>\n<\/div>\n<\/div>\n<\/div>\n<p>[\/et_pb_accordion_item][et_pb_accordion_item title=&#8220;BRAUCH MAN EINE GESUNDHEITS\u00dcBERWACHUNG?&#8220; _builder_version=&#8220;4.24.2&#8243; _module_preset=&#8220;default&#8220; custom_margin=&#8220;-30px||||false|false&#8220; global_colors_info=&#8220;{}&#8220; open=&#8220;off&#8220;]<\/p>\n<p>Man braucht eine langfristige\u00a0<strong>Di\u00e4t- und Ern\u00e4hrungs\u00fcberwachung<\/strong>. Anderfalls, kann An\u00e4mie (Eisenmangel), Mangel an Vitamin B12, Fols\u00e4ure, Calcium oder Zink auftreten, welche gelegentlich eine Behandlung erfordern kann.<\/p>\n<p><strong>Die \u00dcberwachung ist so wichtig wie die Intervention um einem nachhaltigen Verlust zu erzielen<\/strong>.<\/p>\n<p>[\/et_pb_accordion_item][\/et_pb_accordion][\/et_pb_column][\/et_pb_row][et_pb_row _builder_version=&#8220;4.24.2&#8243; _module_preset=&#8220;default&#8220; hover_enabled=&#8220;0&#8243; global_colors_info=&#8220;{}&#8220; sticky_enabled=&#8220;0&#8243;][et_pb_column type=&#8220;4_4&#8243; _builder_version=&#8220;4.24.2&#8243; _module_preset=&#8220;default&#8220; global_colors_info=&#8220;{}&#8220;][et_pb_code _builder_version=&#8220;4.24.2&#8243; _module_preset=&#8220;default&#8220; background_enable_color=&#8220;off&#8220; text_orientation=&#8220;right&#8220; width=&#8220;100%&#8220; max_width=&#8220;100%&#8220; module_alignment=&#8220;right&#8220; custom_margin=&#8220;||||false|false&#8220; custom_padding=&#8220;||||false|false&#8220; custom_padding_tablet=&#8220;||||false|false&#8220; custom_padding_phone=&#8220;||||false|false&#8220; custom_padding_last_edited=&#8220;on|phone&#8220; link_option_url=&#8220;https:\/\/www.solucionobesidad.com\/de\/verfahrenshandbuch-de\/&#8220; hover_enabled=&#8220;0&#8243; custom_css_free_form=&#8220;selector *{||  color: white;||}||||selector i{||  font-size: 16px;||  padding-right: 16px;||}||||selector a {||  \tbackground: #5a8d7d;||    display: inline-block;||    cursor: pointer;||    white-space: nowrap;||    padding: 10px 20px;||    font-weight: 600;||    font-size: 14px;||  \tborder: 2px solid transparent;||    letter-spacing: 0.7px;||    text-transform: uppercase;|| \t\ttransition: all 0.35s ease 0s;||}||||selector a:hover{||  background: #404d5f;||  ||}&#8220; global_colors_info=&#8220;{}&#8220; sticky_enabled=&#8220;0&#8243; custom_margin_last_edited=&#8220;on|phone&#8220; custom_margin_phone=&#8220;|15px|||false|false&#8220; custom_margin_tablet=&#8220;||||false|false&#8220;]<a class=\"st-button style-1 size-small\" href=\"https:\/\/www.solucionobesidad.com\/de\/verfahrenshandbuch-de\/\" target=\"\" rel=\"noopener\"><i class=\"fa fa-arrow-right\"><\/i><span>VERFAHRENSHANDBUCH<\/span><\/a>[\/et_pb_code][\/et_pb_column][\/et_pb_row][\/et_pb_section]<\/p>\n","protected":false},"excerpt":{"rendered":"<p>DIE LAPAROSKOPISCHE MAGEN-BYPASS<span class=\"breadcrumbs\"><p><a href=\"\/de\">Heim<\/a> \/ <a href=\"https:\/\/www.solucionobesidad.com\/de\/die-laparoskopische-magen-bypass-de\/\">Die laparoskopische magen-bypass<\/a><\/p><\/span>Es ist der ideale restriktive-malabsorptive (gemischt) Intervention. Es ist die am meisten in der Welt im Laufe der Geschichte d\u00fcrchgef\u00fchrt und es ist auch der der als Standard zum Vergleich mit anderen Techniken dient. Es ist etwas wirksamer als die Magensonde gegen Typ-2-Diabetes, obwohl es bei Patienten mit weniger \u00dcbergewicht \u00e4hnlich sind. Dieser [&hellip;]<\/p>\n","protected":false},"author":1,"featured_media":0,"parent":0,"menu_order":0,"comment_status":"closed","ping_status":"closed","template":"","meta":{"_acf_changed":false,"_et_pb_use_builder":"on","_et_pb_old_content":"","_et_gb_content_width":"","inline_featured_image":false,"footnotes":""},"class_list":["post-1036","page","type-page","status-publish","hentry"],"acf":[],"yoast_head":"<!-- This site is optimized with the Yoast SEO plugin v23.5 - https:\/\/yoast.com\/wordpress\/plugins\/seo\/ -->\n<title>Soluci\u00f3n Obesidad | Bypass g\u00e1strico - Hospital Quir\u00f3nsalud Valencia<\/title>\n<meta name=\"description\" content=\"En Soluci\u00f3n Obesidad te ofrecemos la mejor informaci\u00f3n sobre el bypass g\u00e1strico laparosc\u00f3pico, una de las t\u00e9cnicas quir\u00fargicas m\u00e1s utilizadas y eficaces en la cirug\u00eda para la obesidad. Nuestro equipo de especialistas te explica adem\u00e1s las causas de la obesidad y los tratamientos para combatirla.\" \/>\n<meta name=\"robots\" content=\"index, follow, max-snippet:-1, max-image-preview:large, max-video-preview:-1\" \/>\n<link rel=\"canonical\" href=\"https:\/\/www.solucionobesidad.com\/bypass-gastrico-laparoscopico\/\" \/>\n<meta property=\"og:locale\" content=\"de_DE\" \/>\n<meta property=\"og:type\" content=\"article\" \/>\n<meta property=\"og:title\" content=\"Soluci\u00f3n Obesidad | Bypass g\u00e1strico - Hospital Quir\u00f3nsalud Valencia\" \/>\n<meta property=\"og:description\" content=\"En Soluci\u00f3n Obesidad te ofrecemos la mejor informaci\u00f3n sobre el bypass g\u00e1strico laparosc\u00f3pico, una de las t\u00e9cnicas quir\u00fargicas m\u00e1s utilizadas y eficaces en la cirug\u00eda para la obesidad. Nuestro equipo de especialistas te explica adem\u00e1s las causas de la obesidad y los tratamientos para combatirla.\" \/>\n<meta property=\"og:url\" content=\"https:\/\/www.solucionobesidad.com\/bypass-gastrico-laparoscopico\/\" \/>\n<meta property=\"og:site_name\" content=\"Soluci\u00f3n Obesidad\" \/>\n<meta property=\"article:modified_time\" content=\"2024-04-29T08:59:57+00:00\" \/>\n<meta name=\"twitter:card\" content=\"summary_large_image\" \/>\n<meta name=\"twitter:label1\" content=\"Gesch\u00e4tzte Lesezeit\" \/>\n\t<meta name=\"twitter:data1\" content=\"5\u00a0Minuten\" \/>\n<script type=\"application\/ld+json\" class=\"yoast-schema-graph\">{\"@context\":\"https:\/\/schema.org\",\"@graph\":[{\"@type\":\"WebPage\",\"@id\":\"https:\/\/www.solucionobesidad.com\/bypass-gastrico-laparoscopico\/\",\"url\":\"https:\/\/www.solucionobesidad.com\/bypass-gastrico-laparoscopico\/\",\"name\":\"Soluci\u00f3n Obesidad | Bypass g\u00e1strico - Hospital Quir\u00f3nsalud Valencia\",\"isPartOf\":{\"@id\":\"https:\/\/www.solucionobesidad.com\/#website\"},\"datePublished\":\"2024-03-18T09:51:20+00:00\",\"dateModified\":\"2024-04-29T08:59:57+00:00\",\"description\":\"En Soluci\u00f3n Obesidad te ofrecemos la mejor informaci\u00f3n sobre el bypass g\u00e1strico laparosc\u00f3pico, una de las t\u00e9cnicas quir\u00fargicas m\u00e1s utilizadas y eficaces en la cirug\u00eda para la obesidad. Nuestro equipo de especialistas te explica adem\u00e1s las causas de la obesidad y los tratamientos para combatirla.\",\"breadcrumb\":{\"@id\":\"https:\/\/www.solucionobesidad.com\/bypass-gastrico-laparoscopico\/#breadcrumb\"},\"inLanguage\":\"de\",\"potentialAction\":[{\"@type\":\"ReadAction\",\"target\":[\"https:\/\/www.solucionobesidad.com\/bypass-gastrico-laparoscopico\/\"]}]},{\"@type\":\"BreadcrumbList\",\"@id\":\"https:\/\/www.solucionobesidad.com\/bypass-gastrico-laparoscopico\/#breadcrumb\",\"itemListElement\":[{\"@type\":\"ListItem\",\"position\":1,\"name\":\"Home\",\"item\":\"https:\/\/www.solucionobesidad.com\/\"},{\"@type\":\"ListItem\",\"position\":2,\"name\":\"Die laparoskopische magen-bypass\"}]},{\"@type\":\"WebSite\",\"@id\":\"https:\/\/www.solucionobesidad.com\/#website\",\"url\":\"https:\/\/www.solucionobesidad.com\/\",\"name\":\"Soluci\u00f3n Obesidad\",\"description\":\"\",\"publisher\":{\"@id\":\"https:\/\/www.solucionobesidad.com\/#organization\"},\"potentialAction\":[{\"@type\":\"SearchAction\",\"target\":{\"@type\":\"EntryPoint\",\"urlTemplate\":\"https:\/\/www.solucionobesidad.com\/?s={search_term_string}\"},\"query-input\":{\"@type\":\"PropertyValueSpecification\",\"valueRequired\":true,\"valueName\":\"search_term_string\"}}],\"inLanguage\":\"de\"},{\"@type\":\"Organization\",\"@id\":\"https:\/\/www.solucionobesidad.com\/#organization\",\"name\":\"Soluci\u00f3n Obesidad\",\"url\":\"https:\/\/www.solucionobesidad.com\/\",\"logo\":{\"@type\":\"ImageObject\",\"inLanguage\":\"de\",\"@id\":\"https:\/\/www.solucionobesidad.com\/#\/schema\/logo\/image\/\",\"url\":\"https:\/\/www.solucionobesidad.com\/wp-content\/uploads\/2024\/04\/logo-obesity-center-carlos-sala.svg\",\"contentUrl\":\"https:\/\/www.solucionobesidad.com\/wp-content\/uploads\/2024\/04\/logo-obesity-center-carlos-sala.svg\",\"width\":\"1024\",\"height\":\"1024\",\"caption\":\"Soluci\u00f3n Obesidad\"},\"image\":{\"@id\":\"https:\/\/www.solucionobesidad.com\/#\/schema\/logo\/image\/\"}}]}<\/script>\n<!-- \/ Yoast SEO plugin. -->","yoast_head_json":{"title":"Soluci\u00f3n Obesidad | Bypass g\u00e1strico - Hospital Quir\u00f3nsalud Valencia","description":"En Soluci\u00f3n Obesidad te ofrecemos la mejor informaci\u00f3n sobre el bypass g\u00e1strico laparosc\u00f3pico, una de las t\u00e9cnicas quir\u00fargicas m\u00e1s utilizadas y eficaces en la cirug\u00eda para la obesidad. Nuestro equipo de especialistas te explica adem\u00e1s las causas de la obesidad y los tratamientos para combatirla.","robots":{"index":"index","follow":"follow","max-snippet":"max-snippet:-1","max-image-preview":"max-image-preview:large","max-video-preview":"max-video-preview:-1"},"canonical":"https:\/\/www.solucionobesidad.com\/bypass-gastrico-laparoscopico\/","og_locale":"de_DE","og_type":"article","og_title":"Soluci\u00f3n Obesidad | Bypass g\u00e1strico - Hospital Quir\u00f3nsalud Valencia","og_description":"En Soluci\u00f3n Obesidad te ofrecemos la mejor informaci\u00f3n sobre el bypass g\u00e1strico laparosc\u00f3pico, una de las t\u00e9cnicas quir\u00fargicas m\u00e1s utilizadas y eficaces en la cirug\u00eda para la obesidad. Nuestro equipo de especialistas te explica adem\u00e1s las causas de la obesidad y los tratamientos para combatirla.","og_url":"https:\/\/www.solucionobesidad.com\/bypass-gastrico-laparoscopico\/","og_site_name":"Soluci\u00f3n Obesidad","article_modified_time":"2024-04-29T08:59:57+00:00","twitter_card":"summary_large_image","twitter_misc":{"Gesch\u00e4tzte Lesezeit":"5\u00a0Minuten"},"schema":{"@context":"https:\/\/schema.org","@graph":[{"@type":"WebPage","@id":"https:\/\/www.solucionobesidad.com\/bypass-gastrico-laparoscopico\/","url":"https:\/\/www.solucionobesidad.com\/bypass-gastrico-laparoscopico\/","name":"Soluci\u00f3n Obesidad | Bypass g\u00e1strico - Hospital Quir\u00f3nsalud Valencia","isPartOf":{"@id":"https:\/\/www.solucionobesidad.com\/#website"},"datePublished":"2024-03-18T09:51:20+00:00","dateModified":"2024-04-29T08:59:57+00:00","description":"En Soluci\u00f3n Obesidad te ofrecemos la mejor informaci\u00f3n sobre el bypass g\u00e1strico laparosc\u00f3pico, una de las t\u00e9cnicas quir\u00fargicas m\u00e1s utilizadas y eficaces en la cirug\u00eda para la obesidad. Nuestro equipo de especialistas te explica adem\u00e1s las causas de la obesidad y los tratamientos para combatirla.","breadcrumb":{"@id":"https:\/\/www.solucionobesidad.com\/bypass-gastrico-laparoscopico\/#breadcrumb"},"inLanguage":"de","potentialAction":[{"@type":"ReadAction","target":["https:\/\/www.solucionobesidad.com\/bypass-gastrico-laparoscopico\/"]}]},{"@type":"BreadcrumbList","@id":"https:\/\/www.solucionobesidad.com\/bypass-gastrico-laparoscopico\/#breadcrumb","itemListElement":[{"@type":"ListItem","position":1,"name":"Home","item":"https:\/\/www.solucionobesidad.com\/"},{"@type":"ListItem","position":2,"name":"Die laparoskopische magen-bypass"}]},{"@type":"WebSite","@id":"https:\/\/www.solucionobesidad.com\/#website","url":"https:\/\/www.solucionobesidad.com\/","name":"Soluci\u00f3n Obesidad","description":"","publisher":{"@id":"https:\/\/www.solucionobesidad.com\/#organization"},"potentialAction":[{"@type":"SearchAction","target":{"@type":"EntryPoint","urlTemplate":"https:\/\/www.solucionobesidad.com\/?s={search_term_string}"},"query-input":{"@type":"PropertyValueSpecification","valueRequired":true,"valueName":"search_term_string"}}],"inLanguage":"de"},{"@type":"Organization","@id":"https:\/\/www.solucionobesidad.com\/#organization","name":"Soluci\u00f3n Obesidad","url":"https:\/\/www.solucionobesidad.com\/","logo":{"@type":"ImageObject","inLanguage":"de","@id":"https:\/\/www.solucionobesidad.com\/#\/schema\/logo\/image\/","url":"https:\/\/www.solucionobesidad.com\/wp-content\/uploads\/2024\/04\/logo-obesity-center-carlos-sala.svg","contentUrl":"https:\/\/www.solucionobesidad.com\/wp-content\/uploads\/2024\/04\/logo-obesity-center-carlos-sala.svg","width":"1024","height":"1024","caption":"Soluci\u00f3n Obesidad"},"image":{"@id":"https:\/\/www.solucionobesidad.com\/#\/schema\/logo\/image\/"}}]}},"_links":{"self":[{"href":"https:\/\/www.solucionobesidad.com\/de\/wp-json\/wp\/v2\/pages\/1036","targetHints":{"allow":["GET"]}}],"collection":[{"href":"https:\/\/www.solucionobesidad.com\/de\/wp-json\/wp\/v2\/pages"}],"about":[{"href":"https:\/\/www.solucionobesidad.com\/de\/wp-json\/wp\/v2\/types\/page"}],"author":[{"embeddable":true,"href":"https:\/\/www.solucionobesidad.com\/de\/wp-json\/wp\/v2\/users\/1"}],"replies":[{"embeddable":true,"href":"https:\/\/www.solucionobesidad.com\/de\/wp-json\/wp\/v2\/comments?post=1036"}],"version-history":[{"count":0,"href":"https:\/\/www.solucionobesidad.com\/de\/wp-json\/wp\/v2\/pages\/1036\/revisions"}],"wp:attachment":[{"href":"https:\/\/www.solucionobesidad.com\/de\/wp-json\/wp\/v2\/media?parent=1036"}],"curies":[{"name":"wp","href":"https:\/\/api.w.org\/{rel}","templated":true}]}}