{"id":1004,"date":"2024-03-15T09:57:04","date_gmt":"2024-03-15T08:57:04","guid":{"rendered":"https:\/\/www.solucionobesidad.com\/assoziierten-erkrankungen-de\/"},"modified":"2024-04-22T16:19:00","modified_gmt":"2024-04-22T14:19:00","slug":"assoziierten-erkrankungen-de","status":"publish","type":"page","link":"https:\/\/www.solucionobesidad.com\/de\/assoziierten-erkrankungen-de\/","title":{"rendered":"Assoziierten Erkrankungen"},"content":{"rendered":"<p>[et_pb_section fb_built=&#8220;1&#8243; _builder_version=&#8220;4.24.0&#8243; _module_preset=&#8220;default&#8220; background_color=&#8220;#5A8D7D&#8220; custom_padding=&#8220;0px||0px||true|false&#8220; global_colors_info=&#8220;{}&#8220;][et_pb_row _builder_version=&#8220;4.24.2&#8243; _module_preset=&#8220;default&#8220; custom_padding=&#8220;5em||0em||false|false&#8220; global_colors_info=&#8220;{}&#8220;][et_pb_column type=&#8220;4_4&#8243; _builder_version=&#8220;4.24.0&#8243; _module_preset=&#8220;default&#8220; global_colors_info=&#8220;{}&#8220;][et_pb_text _builder_version=&#8220;4.24.2&#8243; _module_preset=&#8220;default&#8220; header_font=&#8220;Montserrat|700||on|||||&#8220; header_text_color=&#8220;#FFFFFF&#8220; header_font_size=&#8220;50px&#8220; custom_margin=&#8220;||2em||false|false&#8220; custom_padding=&#8220;0px||0px||true|false&#8220; global_colors_info=&#8220;{}&#8220;]<\/p>\n<h1 class=\"page-title\">ASSOZIIERTEN ERKRANKUNGEN<\/h1>\n<p>[\/et_pb_text][et_pb_code _builder_version=&#8220;4.24.2&#8243; _module_preset=&#8220;default&#8220; background_color=&#8220;rgba(0,0,0,0.6)&#8220; positioning=&#8220;relative&#8220; position_origin_a=&#8220;bottom_left&#8220; text_orientation=&#8220;left&#8220; width=&#8220;100%&#8220; custom_padding=&#8220;0.5em|1em|0.5em|1em|true|true&#8220; custom_css_main_element=&#8220;max-width:fit-content;||&#8220; custom_css_free_form=&#8220;selector p,||selector a{||  color:white !important;||  font-size:14px;||}&#8220; locked=&#8220;off&#8220; global_colors_info=&#8220;{}&#8220;]<pee><span class=\"breadcrumbs\"><p><a href=\"\/de\">Heim<\/a> \/ <a href=\"https:\/\/www.solucionobesidad.com\/de\/assoziierten-erkrankungen-de\/\">Assoziierten Erkrankungen<\/a><\/p><\/span><\/pee>[\/et_pb_code][\/et_pb_column][\/et_pb_row][\/et_pb_section][et_pb_section fb_built=&#8220;1&#8243; _builder_version=&#8220;4.24.0&#8243; _module_preset=&#8220;default&#8220; global_colors_info=&#8220;{}&#8220;][et_pb_row column_structure=&#8220;2_3,1_3&#8243; _builder_version=&#8220;4.24.0&#8243; _module_preset=&#8220;default&#8220; global_colors_info=&#8220;{}&#8220;][et_pb_column type=&#8220;2_3&#8243; _builder_version=&#8220;4.24.0&#8243; _module_preset=&#8220;default&#8220; global_colors_info=&#8220;{}&#8220;][et_pb_text _builder_version=&#8220;4.24.2&#8243; _module_preset=&#8220;default&#8220; text_font=&#8220;|300|||||||&#8220; header_font=&#8220;Montserrat|700||on|||||&#8220; header_text_color=&#8220;#FFFFFF&#8220; header_font_size=&#8220;50px&#8220; header_2_font=&#8220;Montserrat|700||on|||||&#8220; header_2_text_color=&#8220;#000000&#8243; header_2_font_size=&#8220;30px&#8220; custom_margin=&#8220;||0px||false|false&#8220; custom_padding=&#8220;0px||0px||true|false&#8220; global_colors_info=&#8220;{}&#8220;]<\/p>\n<div class=\"vc_row wpb_row vc_row-fluid wpb_section wpb_padding\">\n<div class=\"container\">\n<div class=\"row\">\n<div class=\"wpb_column vc_column_container vc_col-sm-10\">\n<div class=\"vc_column-inner \">\n<div class=\"wpb_wrapper\">\n<div class=\"wpb_text_column wpb_content_element \">\n<div class=\"wpb_wrapper\">\n<p>Sind Krankheiten, die durch Fettleibigkeit oder Blegeiterkrankungen verursacht sind:<\/p>\n<p><strong>Stark Erh\u00f6htes Risiko<\/strong><\/p>\n<ul>\n<li><strong>Typ 2 Diabetes:<\/strong>\u00a0Blutzuker<\/li>\n<li><strong>Hypertonie:<\/strong>\u00a0Hohen Blutdruck<\/li>\n<li><strong>Dyslipid\u00e4mie:<\/strong>\u00a0Hypercholesterin\u00e4mie, erh\u00f6hte Cholesterinspiegel im Blut und\/oder Hypertriglycerid\u00e4mie, erh\u00f6hte Triglyceride im Blut (Ursache viszerale Adipositas in der Geb\u00e4rmutter, was ein kardiovaskul\u00e4res Risiko bedeutet).<\/li>\n<li><strong>Hyperurik\u00e4mie:<\/strong>\u00a0Ursache Gicht-Attacken<\/li>\n<li><strong>Metabolisches Syndrom:<\/strong>\u00a0eine Kombination aus abdominalen Adipositas, Dyslipid\u00e4mie und Hypertonie oder Diabetes.<\/li>\n<li><strong>Isch\u00e4mische Herzkrankheit:<\/strong>\u00a0Angina pectoris und Herzinfarkt<\/li>\n<li><strong>Psychische Probleme:<\/strong>\u00a0\u00e4nderungen in das Sebstwertgef\u00fchl,Depressionen und Selbstmord<\/li>\n<li><strong>Arthorose<\/strong><\/li>\n<li><strong>Herzversagen<\/strong><\/li>\n<li><strong>Schlaf-Apnoe-Syndrom<\/strong>\u00a0(obstructive Schlafapnoe)<\/li>\n<li><strong>Schnarch<\/strong><\/li>\n<li><strong>Gallensteiner<\/strong>: Steine in der Gallenblase<\/li>\n<\/ul>\n<p><strong>Erh\u00f6htes Risiko<\/strong><\/p>\n<ul>\n<li><strong>Polyzystische Ovar<\/strong>\u00a0(Ver\u00e4nderungen der Menstruation)<\/li>\n<li>Lenden- und andere Gelenke wie H\u00fcfte und Knie Schmerzen<\/li>\n<li><strong>Schlaganfall<\/strong><\/li>\n<li><strong>Venenthrombose<\/strong><\/li>\n<li><strong>Narkoserisiko<\/strong><\/li>\n<li><strong>Krampfadern<\/strong>\u00a0in den unteren Extremit\u00e4ten<\/li>\n<li><strong>Krebs<\/strong>\u00a0der Speiser\u00f6hre, des Dickdarms und des Mastdarms, der Gallenblase, Niere, Prostata, Uterus und der Brust<\/li>\n<li><strong>Hiatushernie<\/strong>. Gastro\u00f6sophagealen Reflux (Sodbrennen)<\/li>\n<li><strong>Hepatosteatose<\/strong>\u00a0(Fettleber) und Zirrhose<\/li>\n<li><strong>Harninkontinenz<\/strong>: Harnverlust<\/li>\n<li><strong>Menstruationsst\u00f6rungen<\/strong>\u00a0und Unfruchtbarkeit<\/li>\n<li>intrakranielle Hypertension<\/li>\n<li><strong>Zellulitis, Folliculitis<\/strong>\u00a0und anderen Hauterkrankungen<\/li>\n<li><strong>Missbildungen des F\u00f6tus<\/strong><\/li>\n<\/ul>\n<\/div>\n<\/div>\n<\/div>\n<\/div>\n<\/div>\n<\/div>\n<\/div>\n<\/div>\n<p>[\/et_pb_text][\/et_pb_column][et_pb_column type=&#8220;1_3&#8243; _builder_version=&#8220;4.24.0&#8243; _module_preset=&#8220;default&#8220; global_colors_info=&#8220;{}&#8220;][et_pb_image src=&#8220;https:\/\/www.solucionobesidad.com\/wp-content\/uploads\/2024\/03\/images-10.webp&#8220; title_text=&#8220;images-10&#8243; align=&#8220;right&#8220; align_tablet=&#8220;right&#8220; align_phone=&#8220;left&#8220; align_last_edited=&#8220;on|phone&#8220; _builder_version=&#8220;4.24.2&#8243; _module_preset=&#8220;default&#8220; width=&#8220;185px&#8220; global_colors_info=&#8220;{}&#8220;][\/et_pb_image][et_pb_image src=&#8220;https:\/\/www.solucionobesidad.com\/wp-content\/uploads\/2024\/03\/c_enfermedades-asociadas-2.webp&#8220; title_text=&#8220;c_enfermedades-asociadas-2&#8243; align=&#8220;right&#8220; align_tablet=&#8220;right&#8220; align_phone=&#8220;left&#8220; align_last_edited=&#8220;on|phone&#8220; _builder_version=&#8220;4.24.2&#8243; _module_preset=&#8220;default&#8220; width=&#8220;185px&#8220; global_colors_info=&#8220;{}&#8220;][\/et_pb_image][et_pb_image src=&#8220;https:\/\/www.solucionobesidad.com\/wp-content\/uploads\/2024\/03\/images-47.webp&#8220; title_text=&#8220;images-47&#8243; align=&#8220;right&#8220; align_tablet=&#8220;right&#8220; align_phone=&#8220;left&#8220; align_last_edited=&#8220;on|phone&#8220; _builder_version=&#8220;4.24.2&#8243; _module_preset=&#8220;default&#8220; custom_margin_tablet=&#8220;&#8220; custom_margin_phone=&#8220;||50px||false|false&#8220; custom_margin_last_edited=&#8220;on|phone&#8220; global_colors_info=&#8220;{}&#8220;][\/et_pb_image][\/et_pb_column][\/et_pb_row][et_pb_row _builder_version=&#8220;4.24.0&#8243; _module_preset=&#8220;default&#8220; global_colors_info=&#8220;{}&#8220;][et_pb_column type=&#8220;4_4&#8243; _builder_version=&#8220;4.24.0&#8243; _module_preset=&#8220;default&#8220; global_colors_info=&#8220;{}&#8220;][et_pb_text _builder_version=&#8220;4.24.2&#8243; _module_preset=&#8220;default&#8220; min_height=&#8220;49.2px&#8220; custom_margin=&#8220;-54px|||||&#8220; custom_padding=&#8220;0px|||||&#8220; hover_enabled=&#8220;0&#8243; global_colors_info=&#8220;{}&#8220; sticky_enabled=&#8220;0&#8243;]<\/p>\n<p>Daher die Fettleibigkeit konditioniert, dass wir kurzer und schlechter leben.<\/p>\n<p>Mit den Daten Ihrer Anthoropometrie (Gewicht, Gr\u00f6sse, Taillenumfang. Bauchumfang\u2026), die Zahlen des Blutdrucks und andere Daten von Ihrem aktuellen Bluttest berechnen wir das Herz-Kreislauf-Risiko (SCORE). So k\u00f6nnen wir das Risiko vor ein t\u00f6dlicher Infarkt vor ein Jahresalter von 60 antipizieren. Denken Sie daran, dass die Fettleibigkeit (vor allem, wenn im Zusammenhang mit Diabetes) dieses Risiko ausserordentlich erh\u00f6ht, was in den meisten F\u00e4llen als ein hohes Risiko gekennzeichnet wird.<\/p>\n<p>[\/et_pb_text][\/et_pb_column][\/et_pb_row][\/et_pb_section]<\/p>\n","protected":false},"excerpt":{"rendered":"<p>ASSOZIIERTEN ERKRANKUNGEN<span class=\"breadcrumbs\"><p><a href=\"\/de\">Heim<\/a> \/ <a href=\"https:\/\/www.solucionobesidad.com\/de\/assoziierten-erkrankungen-de\/\">Assoziierten Erkrankungen<\/a><\/p><\/span> Sind Krankheiten, die durch Fettleibigkeit oder Blegeiterkrankungen verursacht sind: Stark Erh\u00f6htes Risiko Typ 2 Diabetes:\u00a0Blutzuker Hypertonie:\u00a0Hohen Blutdruck Dyslipid\u00e4mie:\u00a0Hypercholesterin\u00e4mie, erh\u00f6hte Cholesterinspiegel im Blut und\/oder Hypertriglycerid\u00e4mie, erh\u00f6hte Triglyceride im Blut (Ursache viszerale Adipositas in der Geb\u00e4rmutter, was ein kardiovaskul\u00e4res Risiko bedeutet). Hyperurik\u00e4mie:\u00a0Ursache Gicht-Attacken Metabolisches Syndrom:\u00a0eine Kombination aus abdominalen Adipositas, Dyslipid\u00e4mie und Hypertonie oder Diabetes. Isch\u00e4mische [&hellip;]<\/p>\n","protected":false},"author":1,"featured_media":0,"parent":0,"menu_order":0,"comment_status":"closed","ping_status":"closed","template":"","meta":{"_acf_changed":false,"_et_pb_use_builder":"on","_et_pb_old_content":"","_et_gb_content_width":"","inline_featured_image":false,"footnotes":""},"class_list":["post-1004","page","type-page","status-publish","hentry"],"acf":[],"yoast_head":"<!-- This site is optimized with the Yoast SEO plugin v23.5 - https:\/\/yoast.com\/wordpress\/plugins\/seo\/ -->\n<title>Soluci\u00f3n Obesidad | Enfermedades por obesidad - Dr. Carlos Sala<\/title>\n<meta name=\"description\" content=\"Descubre en Soluci\u00f3n Obesidad las enfermedades por obesidad, sus causas y c\u00f3mo combatirlas. Nuestra cl\u00ednica obesidad cuenta con los mejores profesionales del Hospital Quir\u00f3n de Valencia. Somos especialistas en todo tipo de tratamientos m\u00e9dicos, cirug\u00eda bari\u00e1trica y cirug\u00eda bypass g\u00e1strico.\" \/>\n<meta name=\"robots\" content=\"index, follow, max-snippet:-1, max-image-preview:large, max-video-preview:-1\" \/>\n<link rel=\"canonical\" href=\"https:\/\/www.solucionobesidad.com\/enfermedades-asociadas-comorbilidades\/\" \/>\n<meta property=\"og:locale\" content=\"de_DE\" \/>\n<meta property=\"og:type\" content=\"article\" \/>\n<meta property=\"og:title\" content=\"Soluci\u00f3n Obesidad | Enfermedades por obesidad - Dr. Carlos Sala\" \/>\n<meta property=\"og:description\" content=\"Descubre en Soluci\u00f3n Obesidad las enfermedades por obesidad, sus causas y c\u00f3mo combatirlas. Nuestra cl\u00ednica obesidad cuenta con los mejores profesionales del Hospital Quir\u00f3n de Valencia. Somos especialistas en todo tipo de tratamientos m\u00e9dicos, cirug\u00eda bari\u00e1trica y cirug\u00eda bypass g\u00e1strico.\" \/>\n<meta property=\"og:url\" content=\"https:\/\/www.solucionobesidad.com\/enfermedades-asociadas-comorbilidades\/\" \/>\n<meta property=\"og:site_name\" content=\"Soluci\u00f3n Obesidad\" \/>\n<meta property=\"article:modified_time\" content=\"2024-04-22T14:19:00+00:00\" \/>\n<meta name=\"twitter:card\" content=\"summary_large_image\" \/>\n<meta name=\"twitter:label1\" content=\"Gesch\u00e4tzte Lesezeit\" \/>\n\t<meta name=\"twitter:data1\" content=\"4\u00a0Minuten\" \/>\n<script type=\"application\/ld+json\" class=\"yoast-schema-graph\">{\"@context\":\"https:\/\/schema.org\",\"@graph\":[{\"@type\":\"WebPage\",\"@id\":\"https:\/\/www.solucionobesidad.com\/enfermedades-asociadas-comorbilidades\/\",\"url\":\"https:\/\/www.solucionobesidad.com\/enfermedades-asociadas-comorbilidades\/\",\"name\":\"Soluci\u00f3n Obesidad | Enfermedades por obesidad - Dr. Carlos Sala\",\"isPartOf\":{\"@id\":\"https:\/\/www.solucionobesidad.com\/#website\"},\"datePublished\":\"2024-03-15T08:57:04+00:00\",\"dateModified\":\"2024-04-22T14:19:00+00:00\",\"description\":\"Descubre en Soluci\u00f3n Obesidad las enfermedades por obesidad, sus causas y c\u00f3mo combatirlas. Nuestra cl\u00ednica obesidad cuenta con los mejores profesionales del Hospital Quir\u00f3n de Valencia. Somos especialistas en todo tipo de tratamientos m\u00e9dicos, cirug\u00eda bari\u00e1trica y cirug\u00eda bypass g\u00e1strico.\",\"breadcrumb\":{\"@id\":\"https:\/\/www.solucionobesidad.com\/enfermedades-asociadas-comorbilidades\/#breadcrumb\"},\"inLanguage\":\"de\",\"potentialAction\":[{\"@type\":\"ReadAction\",\"target\":[\"https:\/\/www.solucionobesidad.com\/enfermedades-asociadas-comorbilidades\/\"]}]},{\"@type\":\"BreadcrumbList\",\"@id\":\"https:\/\/www.solucionobesidad.com\/enfermedades-asociadas-comorbilidades\/#breadcrumb\",\"itemListElement\":[{\"@type\":\"ListItem\",\"position\":1,\"name\":\"Home\",\"item\":\"https:\/\/www.solucionobesidad.com\/\"},{\"@type\":\"ListItem\",\"position\":2,\"name\":\"Assoziierten Erkrankungen\"}]},{\"@type\":\"WebSite\",\"@id\":\"https:\/\/www.solucionobesidad.com\/#website\",\"url\":\"https:\/\/www.solucionobesidad.com\/\",\"name\":\"Soluci\u00f3n Obesidad\",\"description\":\"\",\"publisher\":{\"@id\":\"https:\/\/www.solucionobesidad.com\/#organization\"},\"potentialAction\":[{\"@type\":\"SearchAction\",\"target\":{\"@type\":\"EntryPoint\",\"urlTemplate\":\"https:\/\/www.solucionobesidad.com\/?s={search_term_string}\"},\"query-input\":{\"@type\":\"PropertyValueSpecification\",\"valueRequired\":true,\"valueName\":\"search_term_string\"}}],\"inLanguage\":\"de\"},{\"@type\":\"Organization\",\"@id\":\"https:\/\/www.solucionobesidad.com\/#organization\",\"name\":\"Soluci\u00f3n Obesidad\",\"url\":\"https:\/\/www.solucionobesidad.com\/\",\"logo\":{\"@type\":\"ImageObject\",\"inLanguage\":\"de\",\"@id\":\"https:\/\/www.solucionobesidad.com\/#\/schema\/logo\/image\/\",\"url\":\"https:\/\/www.solucionobesidad.com\/wp-content\/uploads\/2024\/04\/logo-obesity-center-carlos-sala.svg\",\"contentUrl\":\"https:\/\/www.solucionobesidad.com\/wp-content\/uploads\/2024\/04\/logo-obesity-center-carlos-sala.svg\",\"width\":\"1024\",\"height\":\"1024\",\"caption\":\"Soluci\u00f3n Obesidad\"},\"image\":{\"@id\":\"https:\/\/www.solucionobesidad.com\/#\/schema\/logo\/image\/\"}}]}<\/script>\n<!-- \/ Yoast SEO plugin. -->","yoast_head_json":{"title":"Soluci\u00f3n Obesidad | Enfermedades por obesidad - Dr. Carlos Sala","description":"Descubre en Soluci\u00f3n Obesidad las enfermedades por obesidad, sus causas y c\u00f3mo combatirlas. Nuestra cl\u00ednica obesidad cuenta con los mejores profesionales del Hospital Quir\u00f3n de Valencia. Somos especialistas en todo tipo de tratamientos m\u00e9dicos, cirug\u00eda bari\u00e1trica y cirug\u00eda bypass g\u00e1strico.","robots":{"index":"index","follow":"follow","max-snippet":"max-snippet:-1","max-image-preview":"max-image-preview:large","max-video-preview":"max-video-preview:-1"},"canonical":"https:\/\/www.solucionobesidad.com\/enfermedades-asociadas-comorbilidades\/","og_locale":"de_DE","og_type":"article","og_title":"Soluci\u00f3n Obesidad | Enfermedades por obesidad - Dr. Carlos Sala","og_description":"Descubre en Soluci\u00f3n Obesidad las enfermedades por obesidad, sus causas y c\u00f3mo combatirlas. Nuestra cl\u00ednica obesidad cuenta con los mejores profesionales del Hospital Quir\u00f3n de Valencia. Somos especialistas en todo tipo de tratamientos m\u00e9dicos, cirug\u00eda bari\u00e1trica y cirug\u00eda bypass g\u00e1strico.","og_url":"https:\/\/www.solucionobesidad.com\/enfermedades-asociadas-comorbilidades\/","og_site_name":"Soluci\u00f3n Obesidad","article_modified_time":"2024-04-22T14:19:00+00:00","twitter_card":"summary_large_image","twitter_misc":{"Gesch\u00e4tzte Lesezeit":"4\u00a0Minuten"},"schema":{"@context":"https:\/\/schema.org","@graph":[{"@type":"WebPage","@id":"https:\/\/www.solucionobesidad.com\/enfermedades-asociadas-comorbilidades\/","url":"https:\/\/www.solucionobesidad.com\/enfermedades-asociadas-comorbilidades\/","name":"Soluci\u00f3n Obesidad | Enfermedades por obesidad - Dr. Carlos Sala","isPartOf":{"@id":"https:\/\/www.solucionobesidad.com\/#website"},"datePublished":"2024-03-15T08:57:04+00:00","dateModified":"2024-04-22T14:19:00+00:00","description":"Descubre en Soluci\u00f3n Obesidad las enfermedades por obesidad, sus causas y c\u00f3mo combatirlas. Nuestra cl\u00ednica obesidad cuenta con los mejores profesionales del Hospital Quir\u00f3n de Valencia. Somos especialistas en todo tipo de tratamientos m\u00e9dicos, cirug\u00eda bari\u00e1trica y cirug\u00eda bypass g\u00e1strico.","breadcrumb":{"@id":"https:\/\/www.solucionobesidad.com\/enfermedades-asociadas-comorbilidades\/#breadcrumb"},"inLanguage":"de","potentialAction":[{"@type":"ReadAction","target":["https:\/\/www.solucionobesidad.com\/enfermedades-asociadas-comorbilidades\/"]}]},{"@type":"BreadcrumbList","@id":"https:\/\/www.solucionobesidad.com\/enfermedades-asociadas-comorbilidades\/#breadcrumb","itemListElement":[{"@type":"ListItem","position":1,"name":"Home","item":"https:\/\/www.solucionobesidad.com\/"},{"@type":"ListItem","position":2,"name":"Assoziierten Erkrankungen"}]},{"@type":"WebSite","@id":"https:\/\/www.solucionobesidad.com\/#website","url":"https:\/\/www.solucionobesidad.com\/","name":"Soluci\u00f3n Obesidad","description":"","publisher":{"@id":"https:\/\/www.solucionobesidad.com\/#organization"},"potentialAction":[{"@type":"SearchAction","target":{"@type":"EntryPoint","urlTemplate":"https:\/\/www.solucionobesidad.com\/?s={search_term_string}"},"query-input":{"@type":"PropertyValueSpecification","valueRequired":true,"valueName":"search_term_string"}}],"inLanguage":"de"},{"@type":"Organization","@id":"https:\/\/www.solucionobesidad.com\/#organization","name":"Soluci\u00f3n Obesidad","url":"https:\/\/www.solucionobesidad.com\/","logo":{"@type":"ImageObject","inLanguage":"de","@id":"https:\/\/www.solucionobesidad.com\/#\/schema\/logo\/image\/","url":"https:\/\/www.solucionobesidad.com\/wp-content\/uploads\/2024\/04\/logo-obesity-center-carlos-sala.svg","contentUrl":"https:\/\/www.solucionobesidad.com\/wp-content\/uploads\/2024\/04\/logo-obesity-center-carlos-sala.svg","width":"1024","height":"1024","caption":"Soluci\u00f3n Obesidad"},"image":{"@id":"https:\/\/www.solucionobesidad.com\/#\/schema\/logo\/image\/"}}]}},"_links":{"self":[{"href":"https:\/\/www.solucionobesidad.com\/de\/wp-json\/wp\/v2\/pages\/1004","targetHints":{"allow":["GET"]}}],"collection":[{"href":"https:\/\/www.solucionobesidad.com\/de\/wp-json\/wp\/v2\/pages"}],"about":[{"href":"https:\/\/www.solucionobesidad.com\/de\/wp-json\/wp\/v2\/types\/page"}],"author":[{"embeddable":true,"href":"https:\/\/www.solucionobesidad.com\/de\/wp-json\/wp\/v2\/users\/1"}],"replies":[{"embeddable":true,"href":"https:\/\/www.solucionobesidad.com\/de\/wp-json\/wp\/v2\/comments?post=1004"}],"version-history":[{"count":0,"href":"https:\/\/www.solucionobesidad.com\/de\/wp-json\/wp\/v2\/pages\/1004\/revisions"}],"wp:attachment":[{"href":"https:\/\/www.solucionobesidad.com\/de\/wp-json\/wp\/v2\/media?parent=1004"}],"curies":[{"name":"wp","href":"https:\/\/api.w.org\/{rel}","templated":true}]}}